{"id":4589,"date":"2022-02-04T10:56:20","date_gmt":"2022-02-04T09:56:20","guid":{"rendered":"https:\/\/www.vinquotidien.com\/?post_type=product&#038;p=4589"},"modified":"2025-03-24T16:11:18","modified_gmt":"2025-03-24T15:11:18","slug":"agenais-reserve-domaine-lou-gaillot","status":"publish","type":"product","link":"https:\/\/www.vinquotidien.com\/fr\/produit\/agenais-reserve-domaine-lou-gaillot\/","title":{"rendered":"Agenais R\u00e9serve 2019 &#8211; Domaine Lou Gaillot"},"content":{"rendered":"<p><strong>Vigneron : <\/strong><br \/>\nDomaine Lou Gaillot &#8211; Gilles Pons<\/p>\n<p><strong>Appellation : <\/strong><br \/>\nIGP Agenais<\/p>\n<p><strong>R\u00e9gion :<\/strong><br \/>\nSud-Ouest<\/p>\n<p><strong>Et le vin\u2026<\/strong><br \/>\nC\u00e9pages : 75% Cabernet Franc, 20% Cabernet sauvignon, 5% Merlot<br \/>\n\u00c9lev\u00e9 en f\u00fbts de ch\u00eane durant 12 mois<br \/>\n13 hectares de vigne situ\u00e9s sur d&rsquo;anciennes terrasses de la Vall\u00e9e du Lot riches en fer et propice \u00e0 l&rsquo;\u00e9laboration de vins fruit\u00e9s<br \/>\nChaque c\u00e9page et chaque terroir du vignoble sont vinifi\u00e9s s\u00e9par\u00e9ment.<br \/>\nGilles Pons et ses \u00e9quipes s\u2019attachent \u00e0 produire des vins expressifs les plus naturels possible : dose de sulfite limit\u00e9e, levures indig\u00e8nes&#8230;<\/p>\n<p><strong>Et dans le verre\u2026<\/strong><br \/>\nBelle robe rouge profonde<br \/>\nNez puissant et complexe compos\u00e9 d\u2019ar\u00f4mes de cassis, de r\u00e9glisse et de notes \u00e9pic\u00e9s<br \/>\nBouche ample et charnue, avec un beau caract\u00e8re mais sans exc\u00e8s.<\/p>\n<p><strong>Accords Mets &amp; Vins : <\/strong><br \/>\nMagret de Canard, B\u0153uf en daube<\/p>\n","protected":false},"excerpt":{"rendered":"<p><strong>Vigneron : <\/strong><br \/>\nDomaine Lou Gaillot &#8211; Gilles Pons<\/p>\n<p><strong>Appellation : <\/strong><br \/>\nIGP Agenais<\/p>\n<p><strong>R\u00e9gion :<\/strong><br \/>\nSud-Ouest<\/p>\n","protected":false},"featured_media":5135,"comment_status":"open","ping_status":"closed","template":"","meta":[],"product_brand":[],"product_cat":[25],"product_tag":[],"class_list":{"0":"post-4589","1":"product","2":"type-product","3":"status-publish","4":"has-post-thumbnail","6":"product_cat-vin-rouge","8":"first","9":"instock","10":"taxable","11":"shipping-taxable","12":"purchasable","13":"product-type-simple"},"group_of_quantity":6,"min_quantity":0,"max_quantity":"","exclude_order_quantity_value_rules":"no","exclude_category_quantity_rules":"no","combine_variations":"no","_links":{"self":[{"href":"https:\/\/www.vinquotidien.com\/fr\/wp-json\/wp\/v2\/product\/4589","targetHints":{"allow":["GET"]}}],"collection":[{"href":"https:\/\/www.vinquotidien.com\/fr\/wp-json\/wp\/v2\/product"}],"about":[{"href":"https:\/\/www.vinquotidien.com\/fr\/wp-json\/wp\/v2\/types\/product"}],"replies":[{"embeddable":true,"href":"https:\/\/www.vinquotidien.com\/fr\/wp-json\/wp\/v2\/comments?post=4589"}],"wp:featuredmedia":[{"embeddable":true,"href":"https:\/\/www.vinquotidien.com\/fr\/wp-json\/wp\/v2\/media\/5135"}],"wp:attachment":[{"href":"https:\/\/www.vinquotidien.com\/fr\/wp-json\/wp\/v2\/media?parent=4589"}],"wp:term":[{"taxonomy":"product_brand","embeddable":true,"href":"https:\/\/www.vinquotidien.com\/fr\/wp-json\/wp\/v2\/product_brand?post=4589"},{"taxonomy":"product_cat","embeddable":true,"href":"https:\/\/www.vinquotidien.com\/fr\/wp-json\/wp\/v2\/product_cat?post=4589"},{"taxonomy":"product_tag","embeddable":true,"href":"https:\/\/www.vinquotidien.com\/fr\/wp-json\/wp\/v2\/product_tag?post=4589"}],"curies":[{"name":"wp","href":"https:\/\/api.w.org\/{rel}","templated":true}]}}