{"id":4611,"date":"2022-02-08T09:42:18","date_gmt":"2022-02-08T08:42:18","guid":{"rendered":"https:\/\/www.vinquotidien.com\/?post_type=product&#038;p=4611"},"modified":"2026-05-09T11:20:20","modified_gmt":"2026-05-09T09:20:20","slug":"san-micheli-corse-sartene","status":"publish","type":"product","link":"https:\/\/www.vinquotidien.com\/fr\/produit\/san-micheli-corse-sartene\/","title":{"rendered":"San Micheli 2024 rouge &#8211; Corse Sart\u00e8ne"},"content":{"rendered":"<p><strong>Vigneron : <\/strong><br \/>\nDomaine San Micheli<\/p>\n<p><strong>Appellation : <\/strong><br \/>\nCorse Sart\u00e8ne<\/p>\n<p><strong>Pays :<\/strong><br \/>\nCorse<\/p>\n<p><strong>Et le vin\u2026<\/strong><br \/>\nC\u00e9pages : 90% Sciacarellu, 10% Niellucciu<br \/>\nTerroir : Vieilles vignes d\u2019un \u00e2ge moyen de 30 ans plant\u00e9es entre 100 et 150 m\u00e8tres<br \/>\nd\u2019altitude sur un sol \u00e0 dominante granitique<br \/>\nVendange manuelle en caisses, foulage et \u00e9grappage complet<br \/>\nVinification et \u00e9levage en cuve b\u00e9ton pendant 21 jours<br \/>\nRemontage bi quotidien avec ma\u00eetrise des temp\u00e9ratures \u00e0 26\u00b0c<br \/>\nEmbouteill\u00e9 au domaine<\/p>\n<p><strong>Et dans le verre\u2026<\/strong><br \/>\nRobe rouge vermillon<br \/>\nNez m\u00fbr sur des fruits \u00e0 noyaux (cerise)<br \/>\nEn bouche des fruits rouges ( framboise et groseille) ainsi que des notes<br \/>\nd\u2019Eucalyptus<br \/>\nFinale fruit\u00e9e, longue, fine et gourmande avec de d\u00e9licieux accents bourguignons<\/p>\n<p><strong>Accords Mets &amp; Vins : <\/strong><br \/>\nFromages, Beignets de brocciu, porcelet<br \/>\nr\u00f4ti et charcuteries Corses<\/p>\n","protected":false},"excerpt":{"rendered":"<p><strong>Vigneron : <\/strong><br \/>\nDomaine San Micheli<\/p>\n<p><strong>Appellation : <\/strong><br \/>\nCorse Sart\u00e8ne<\/p>\n<p><strong>Pays :<\/strong><br \/>\nCorse<\/p>\n","protected":false},"featured_media":5141,"comment_status":"open","ping_status":"closed","template":"","meta":[],"product_brand":[],"product_cat":[25],"product_tag":[],"class_list":{"0":"post-4611","1":"product","2":"type-product","3":"status-publish","4":"has-post-thumbnail","6":"product_cat-vin-rouge","8":"first","9":"instock","10":"taxable","11":"shipping-taxable","12":"purchasable","13":"product-type-simple"},"group_of_quantity":6,"min_quantity":0,"max_quantity":"","exclude_order_quantity_value_rules":"no","exclude_category_quantity_rules":"no","combine_variations":"no","_links":{"self":[{"href":"https:\/\/www.vinquotidien.com\/fr\/wp-json\/wp\/v2\/product\/4611","targetHints":{"allow":["GET"]}}],"collection":[{"href":"https:\/\/www.vinquotidien.com\/fr\/wp-json\/wp\/v2\/product"}],"about":[{"href":"https:\/\/www.vinquotidien.com\/fr\/wp-json\/wp\/v2\/types\/product"}],"replies":[{"embeddable":true,"href":"https:\/\/www.vinquotidien.com\/fr\/wp-json\/wp\/v2\/comments?post=4611"}],"wp:featuredmedia":[{"embeddable":true,"href":"https:\/\/www.vinquotidien.com\/fr\/wp-json\/wp\/v2\/media\/5141"}],"wp:attachment":[{"href":"https:\/\/www.vinquotidien.com\/fr\/wp-json\/wp\/v2\/media?parent=4611"}],"wp:term":[{"taxonomy":"product_brand","embeddable":true,"href":"https:\/\/www.vinquotidien.com\/fr\/wp-json\/wp\/v2\/product_brand?post=4611"},{"taxonomy":"product_cat","embeddable":true,"href":"https:\/\/www.vinquotidien.com\/fr\/wp-json\/wp\/v2\/product_cat?post=4611"},{"taxonomy":"product_tag","embeddable":true,"href":"https:\/\/www.vinquotidien.com\/fr\/wp-json\/wp\/v2\/product_tag?post=4611"}],"curies":[{"name":"wp","href":"https:\/\/api.w.org\/{rel}","templated":true}]}}