{"id":4626,"date":"2022-02-25T17:16:03","date_gmt":"2022-02-25T16:16:03","guid":{"rendered":"https:\/\/www.vinquotidien.com\/?post_type=product&#038;p=4626"},"modified":"2026-02-12T11:13:11","modified_gmt":"2026-02-12T10:13:11","slug":"les-duresses-auxey-duresses-1er-cru-domaine-moissenet-bonnard","status":"publish","type":"product","link":"https:\/\/www.vinquotidien.com\/fr\/produit\/les-duresses-auxey-duresses-1er-cru-domaine-moissenet-bonnard\/","title":{"rendered":"Les Duresses 2023 &#8211; Auxey-Duresses 1er Cru &#8211; Domaine Moissenet-Bonnard"},"content":{"rendered":"<p><strong>Vigneron : <\/strong><br \/>\nDomaine Moissenet-Bonnard<\/p>\n<p><strong>Appellation : <\/strong><br \/>\nAuxey-Duresses 1er Cru<\/p>\n<p><strong>R\u00e9gion :<\/strong><br \/>\nBourgogne<\/p>\n<p><strong>Et le vin\u2026<\/strong><br \/>\nC\u00e9page : 100% Pinot Noir<br \/>\nVignes en coteaux sur un sol marno-calcaire caillouteux expos\u00e9 sud sud-est et d\u2019une surface de 35 ares, plant\u00e9e en 1970<br \/>\nVendanges manuelles tri\u00e9es et \u00e9rafl\u00e9es avant mise en cuve<br \/>\nVinification de 15 jours dont 2 jours pr\u00e9-fermentaires<br \/>\nElevage \u00e0 100% en f\u00fbts de ch\u00eane dont 20% de f\u00fbts neufs<\/p>\n<p><strong>Et dans le verre\u2026<\/strong><br \/>\nBelle robe grenat profonde<br \/>\nNez floral de violette et de rose sur une trame min\u00e9rale<br \/>\nLa bouche charnue offre des ar\u00f4mes de kirsch, beaucoup de velout\u00e9 et des notes \u00e9pic\u00e9es<br \/>\nLa finesse de ses tanins lui donne un caract\u00e8re d\u00e9licat et charmeur<\/p>\n<p><strong>Accords Mets &amp; Vins : <\/strong><br \/>\nAvec une caille r\u00f4tie au sirop d\u2019\u00e9rable et geni\u00e8vres<\/p>\n","protected":false},"excerpt":{"rendered":"<p><strong>Vigneron : <\/strong><br \/>\nDomaine Moissenet-Bonnard<\/p>\n<p><strong>Appellation : <\/strong><br \/>\nAuxey-Duresses 1er Cru<\/p>\n<p><strong>R\u00e9gion :<\/strong><br \/>\nBourgogne<\/p>\n","protected":false},"featured_media":5143,"comment_status":"open","ping_status":"closed","template":"","meta":[],"product_brand":[],"product_cat":[25],"product_tag":[],"class_list":{"0":"post-4626","1":"product","2":"type-product","3":"status-publish","4":"has-post-thumbnail","6":"product_cat-vin-rouge","8":"first","9":"instock","10":"taxable","11":"shipping-taxable","12":"purchasable","13":"product-type-simple"},"group_of_quantity":6,"min_quantity":0,"max_quantity":"","exclude_order_quantity_value_rules":"no","exclude_category_quantity_rules":"no","combine_variations":"no","_links":{"self":[{"href":"https:\/\/www.vinquotidien.com\/fr\/wp-json\/wp\/v2\/product\/4626","targetHints":{"allow":["GET"]}}],"collection":[{"href":"https:\/\/www.vinquotidien.com\/fr\/wp-json\/wp\/v2\/product"}],"about":[{"href":"https:\/\/www.vinquotidien.com\/fr\/wp-json\/wp\/v2\/types\/product"}],"replies":[{"embeddable":true,"href":"https:\/\/www.vinquotidien.com\/fr\/wp-json\/wp\/v2\/comments?post=4626"}],"wp:featuredmedia":[{"embeddable":true,"href":"https:\/\/www.vinquotidien.com\/fr\/wp-json\/wp\/v2\/media\/5143"}],"wp:attachment":[{"href":"https:\/\/www.vinquotidien.com\/fr\/wp-json\/wp\/v2\/media?parent=4626"}],"wp:term":[{"taxonomy":"product_brand","embeddable":true,"href":"https:\/\/www.vinquotidien.com\/fr\/wp-json\/wp\/v2\/product_brand?post=4626"},{"taxonomy":"product_cat","embeddable":true,"href":"https:\/\/www.vinquotidien.com\/fr\/wp-json\/wp\/v2\/product_cat?post=4626"},{"taxonomy":"product_tag","embeddable":true,"href":"https:\/\/www.vinquotidien.com\/fr\/wp-json\/wp\/v2\/product_tag?post=4626"}],"curies":[{"name":"wp","href":"https:\/\/api.w.org\/{rel}","templated":true}]}}