{"id":4668,"date":"2022-02-26T10:45:49","date_gmt":"2022-02-26T09:45:49","guid":{"rendered":"https:\/\/www.vinquotidien.com\/?post_type=product&#038;p=4668"},"modified":"2025-03-24T18:44:27","modified_gmt":"2025-03-24T17:44:27","slug":"pernand-vergelesses-1er-cru-sous-fretille-domaine-pavelot","status":"publish","type":"product","link":"https:\/\/www.vinquotidien.com\/fr\/produit\/pernand-vergelesses-1er-cru-sous-fretille-domaine-pavelot\/","title":{"rendered":"Pernand Vergelesses 1er Cru \u00ab\u00a0Sous Fr\u00e9tille\u00a0\u00bb 2020 &#8211; Domaine Pavelot"},"content":{"rendered":"<p><strong>Vigneron : <\/strong><br \/>\nDomaine Pavelot<\/p>\n<p><strong>Appellation : <\/strong><br \/>\nPernand-Vergelesses 1er Cru<\/p>\n<p><strong>R\u00e9gion :<\/strong><br \/>\nBourgogne<\/p>\n<p><strong>Et le vin\u2026<\/strong><br \/>\nC\u00e9page : 100% Chardonnay<br \/>\nSuperficie : 0,95 hectares<br \/>\nVignes en altitude, expos\u00e9s sud-est et sud-ouest d\u2019un \u00e2ge moyen de 50 ans<br \/>\nSol maigre, tr\u00e8s caillouteux, compos\u00e9 d\u2019une structure limono-argileuse sur marne calcaire<br \/>\nVendange manuelle. D\u00e9bourbage en cuve inox, 12 \u00e0 24 heures avant passage en f\u00fbts pour fermentation gr\u00e2ce aux levures indig\u00e8nes<br \/>\nElevage de 12 mois en f\u00fbts de ch\u00eane fran\u00e7ais, dont 40% de f\u00fbts<br \/>\nSoutirage et assemblage en cuve pendant 7 mois avant mise en bouteille au domaine<\/p>\n<p><strong>Et dans le verre\u2026<\/strong><br \/>\nRobe or limpide, riche en \u00e9clat<br \/>\nNez d\u00e9licat mettant en avant des ar\u00f4mes riches et fruit\u00e9s de p\u00eache blanche et de pamplemousse mais aussi des notes bois\u00e9es lui conf\u00e9rant une belle complexit\u00e9<br \/>\nLa bouche offre une architecture solide et un moelleux confortable<br \/>\nSa fra\u00eecheur, sa brillance et sa min\u00e9ralit\u00e9 font de ce vin un v\u00e9ritable feu d\u2019artifice gustatif!<\/p>\n<p><strong>Accords Mets &amp; Vins : <\/strong><br \/>\nMagnifique avec un saumon fa\u00e7on gravlax<\/p>\n","protected":false},"excerpt":{"rendered":"<p><strong>Vigneron : <\/strong><br \/>\nDomaine Pavelot<\/p>\n<p><strong>Appellation : <\/strong><br \/>\nPernand-Vergelesses 1er Cru<\/p>\n<p><strong>R\u00e9gion :<\/strong><br \/>\nBourgogne<\/p>\n","protected":false},"featured_media":5151,"comment_status":"open","ping_status":"closed","template":"","meta":[],"product_brand":[],"product_cat":[26,90],"product_tag":[],"class_list":{"0":"post-4668","1":"product","2":"type-product","3":"status-publish","4":"has-post-thumbnail","6":"product_cat-vin-blanc","7":"product_cat-vip-corner","9":"first","10":"instock","11":"taxable","12":"shipping-taxable","13":"purchasable","14":"product-type-simple"},"group_of_quantity":1,"min_quantity":0,"max_quantity":"","exclude_order_quantity_value_rules":"yes","exclude_category_quantity_rules":"no","combine_variations":"no","_links":{"self":[{"href":"https:\/\/www.vinquotidien.com\/fr\/wp-json\/wp\/v2\/product\/4668","targetHints":{"allow":["GET"]}}],"collection":[{"href":"https:\/\/www.vinquotidien.com\/fr\/wp-json\/wp\/v2\/product"}],"about":[{"href":"https:\/\/www.vinquotidien.com\/fr\/wp-json\/wp\/v2\/types\/product"}],"replies":[{"embeddable":true,"href":"https:\/\/www.vinquotidien.com\/fr\/wp-json\/wp\/v2\/comments?post=4668"}],"wp:featuredmedia":[{"embeddable":true,"href":"https:\/\/www.vinquotidien.com\/fr\/wp-json\/wp\/v2\/media\/5151"}],"wp:attachment":[{"href":"https:\/\/www.vinquotidien.com\/fr\/wp-json\/wp\/v2\/media?parent=4668"}],"wp:term":[{"taxonomy":"product_brand","embeddable":true,"href":"https:\/\/www.vinquotidien.com\/fr\/wp-json\/wp\/v2\/product_brand?post=4668"},{"taxonomy":"product_cat","embeddable":true,"href":"https:\/\/www.vinquotidien.com\/fr\/wp-json\/wp\/v2\/product_cat?post=4668"},{"taxonomy":"product_tag","embeddable":true,"href":"https:\/\/www.vinquotidien.com\/fr\/wp-json\/wp\/v2\/product_tag?post=4668"}],"curies":[{"name":"wp","href":"https:\/\/api.w.org\/{rel}","templated":true}]}}