{"id":4674,"date":"2022-02-26T10:52:15","date_gmt":"2022-02-26T09:52:15","guid":{"rendered":"https:\/\/www.vinquotidien.com\/?post_type=product&#038;p=4674"},"modified":"2025-08-18T19:15:13","modified_gmt":"2025-08-18T17:15:13","slug":"pernand-vergelesses-blanc-domaine-pavelot","status":"publish","type":"product","link":"https:\/\/www.vinquotidien.com\/fr\/produit\/pernand-vergelesses-blanc-domaine-pavelot\/","title":{"rendered":"Pernand-Vergelesses blanc 2023 &#8211; Domaine Pavelot"},"content":{"rendered":"<p><strong>Vigneron : <\/strong><br \/>\nDomaine Pavelot<\/p>\n<p><strong>Appellation : <\/strong><br \/>\nPernand-Vergelesses blanc<\/p>\n<p><strong>R\u00e9gion :<\/strong><br \/>\nBourgogne<\/p>\n<p><strong>Et le vin\u2026<\/strong><br \/>\nC\u00e9page : 100% Chardonnay<br \/>\nSuperficie : 1,49 hectares<br \/>\nVignes en coteaux, expos\u00e9s sud-est et sud-ouest d\u2019un \u00e2ge moyen de 25 ans<br \/>\nR\u00e9sulte de l\u2019assemblage de plusieurs lieux-dits situ\u00e9s autour du village : Les Belles Filles, Les Quartiers, La Morand, Sur Herbeux<br \/>\nSols compos\u00e9s d\u2019une structure limono-argileuse sur une base de calcaire et marne<br \/>\nVendange manuelle. D\u00e9bourbage en cuve inox, 12 \u00e0 24 heures avant passage en f\u00fbts pour fermentation gr\u00e2ce aux levures indig\u00e8nes<br \/>\nElevage de 10 mois en f\u00fbts de ch\u00eane fran\u00e7ais et 20% en cuve inox sur lie. 20% de f\u00fbts neufs<br \/>\nAssemblage en cuve pendant 6 semaines avant mise en bouteille au domaine.<\/p>\n<p><strong>Et dans le verre\u2026<\/strong><br \/>\nRobe couleur or blanc et jaune p\u00e2le<br \/>\nAr\u00f4mes de fleurs blanches, aub\u00e9pine et acacia et quelques \u00e9pices<br \/>\nBouche min\u00e9rale, harmonieuse, vive et l\u00e9g\u00e8re<\/p>\n<p><strong>Accords Mets &amp; Vins : <\/strong><br \/>\nInt\u00e9ressant avec des sushis. Accompagne joliment les poissons en sauce et les fromages bleus et les ch\u00e8vres<\/p>\n","protected":false},"excerpt":{"rendered":"<p><strong>Vigneron : <\/strong><br \/>\nDomaine Pavelot<\/p>\n<p><strong>Appellation : <\/strong><br \/>\nPernand-Vergelesses blanc<\/p>\n<p><strong>R\u00e9gion :<\/strong><br \/>\nBourgogne<\/p>\n","protected":false},"featured_media":5154,"comment_status":"open","ping_status":"closed","template":"","meta":[],"product_brand":[],"product_cat":[26,90],"product_tag":[],"class_list":{"0":"post-4674","1":"product","2":"type-product","3":"status-publish","4":"has-post-thumbnail","6":"product_cat-vin-blanc","7":"product_cat-vip-corner","9":"first","10":"instock","11":"taxable","12":"shipping-taxable","13":"purchasable","14":"product-type-simple"},"group_of_quantity":1,"min_quantity":0,"max_quantity":"","exclude_order_quantity_value_rules":"no","exclude_category_quantity_rules":"no","combine_variations":"no","_links":{"self":[{"href":"https:\/\/www.vinquotidien.com\/fr\/wp-json\/wp\/v2\/product\/4674","targetHints":{"allow":["GET"]}}],"collection":[{"href":"https:\/\/www.vinquotidien.com\/fr\/wp-json\/wp\/v2\/product"}],"about":[{"href":"https:\/\/www.vinquotidien.com\/fr\/wp-json\/wp\/v2\/types\/product"}],"replies":[{"embeddable":true,"href":"https:\/\/www.vinquotidien.com\/fr\/wp-json\/wp\/v2\/comments?post=4674"}],"wp:featuredmedia":[{"embeddable":true,"href":"https:\/\/www.vinquotidien.com\/fr\/wp-json\/wp\/v2\/media\/5154"}],"wp:attachment":[{"href":"https:\/\/www.vinquotidien.com\/fr\/wp-json\/wp\/v2\/media?parent=4674"}],"wp:term":[{"taxonomy":"product_brand","embeddable":true,"href":"https:\/\/www.vinquotidien.com\/fr\/wp-json\/wp\/v2\/product_brand?post=4674"},{"taxonomy":"product_cat","embeddable":true,"href":"https:\/\/www.vinquotidien.com\/fr\/wp-json\/wp\/v2\/product_cat?post=4674"},{"taxonomy":"product_tag","embeddable":true,"href":"https:\/\/www.vinquotidien.com\/fr\/wp-json\/wp\/v2\/product_tag?post=4674"}],"curies":[{"name":"wp","href":"https:\/\/api.w.org\/{rel}","templated":true}]}}