{"id":4727,"date":"2022-03-09T09:31:49","date_gmt":"2022-03-09T08:31:49","guid":{"rendered":"https:\/\/www.vinquotidien.com\/?post_type=product&#038;p=4727"},"modified":"2025-03-24T18:12:14","modified_gmt":"2025-03-24T17:12:14","slug":"genepi-40-maison-m-distillerie-de-montagne","status":"publish","type":"product","link":"https:\/\/www.vinquotidien.com\/fr\/produit\/genepi-40-maison-m-distillerie-de-montagne\/","title":{"rendered":"G\u00e9n\u00e9pi 40 &#8211; Maison M &#8211; Distillerie de Montagne"},"content":{"rendered":"<p><strong>Producteur : <\/strong><br \/>\nMaison M &#8211; Distillerie de Montagne<\/p>\n<p><strong>D\u00e9nomination \/ Appellation : <\/strong><br \/>\nLiqueur<\/p>\n<p><strong>R\u00e9gion :<\/strong><br \/>\nAlpes &#8211; France<\/p>\n<p><strong>Et la Liqueur\u2026<\/strong><br \/>\nLiqueur de G\u00e9n\u00e9pi faite maison \u00e0 partir d\u2019Artemisia Umbelliformis<br \/>\nLa Maison M est une petite Distillerie de produits de Montagne cr\u00e9\u00e9 il y a peu par un couple de v\u00e9ritables passionn\u00e9s : Roxanne et Philippe<br \/>\nCette initiative est n\u00e9e d&rsquo;une r\u00e9elle envie de fabriquer des produits uniques<br \/>\nLeur distillerie artisanale cr\u00e9e et fabrique des liqueurs et spiritueux \u00e0 base de plantes de montagne dont la majeure partie est cueillie par leurs soins tout au long de l\u2019ann\u00e9e<br \/>\nLeurs produits sont obtenus par la mac\u00e9ration et la distillation d\u2019extrait de plantes en alambic \u00e0 colonnes<br \/>\n70cl \/ 40% vol.<\/p>\n<p><strong>Et dans le verre\u2026<\/strong><br \/>\nC&rsquo;est un G\u00e9n\u00e9pi jaune tr\u00e8s parfum\u00e9<br \/>\nIl offre un bouquet floral tr\u00e8s pr\u00e9sent et une longueur en bouche exceptionnelle<br \/>\nLa bouche est douce sans exc\u00e8s de sucre et donc jamais \u00e9c\u0153urante<br \/>\nUn grand classique de la montagne !<\/p>\n<p><strong>Accords Mets &amp; Vins : <\/strong><br \/>\nA d\u00e9guster pur en digestif ou pourquoi pas \u00ab \u00e0 la veill\u00e9e \u00bb au coin du feu<\/p>\n","protected":false},"excerpt":{"rendered":"<p><strong>Producteur : <\/strong><br \/>\nMaison M &#8211; Distillerie de Montagne<\/p>\n<p><strong>D\u00e9nomination \/ Appellation : <\/strong><br \/>\nLiqueur<\/p>\n<p><strong>R\u00e9gion :<\/strong><br \/>\nAlpes &#8211; France<\/p>\n","protected":false},"featured_media":5164,"comment_status":"open","ping_status":"closed","template":"","meta":[],"product_brand":[],"product_cat":[83,100],"product_tag":[],"class_list":{"0":"post-4727","1":"product","2":"type-product","3":"status-publish","4":"has-post-thumbnail","6":"product_cat-spiritueux","7":"product_cat-vente-a-lunite","9":"first","10":"instock","11":"taxable","12":"shipping-taxable","13":"purchasable","14":"product-type-simple"},"group_of_quantity":1,"min_quantity":0,"max_quantity":"","exclude_order_quantity_value_rules":"yes","exclude_category_quantity_rules":"no","combine_variations":"no","_links":{"self":[{"href":"https:\/\/www.vinquotidien.com\/fr\/wp-json\/wp\/v2\/product\/4727","targetHints":{"allow":["GET"]}}],"collection":[{"href":"https:\/\/www.vinquotidien.com\/fr\/wp-json\/wp\/v2\/product"}],"about":[{"href":"https:\/\/www.vinquotidien.com\/fr\/wp-json\/wp\/v2\/types\/product"}],"replies":[{"embeddable":true,"href":"https:\/\/www.vinquotidien.com\/fr\/wp-json\/wp\/v2\/comments?post=4727"}],"wp:featuredmedia":[{"embeddable":true,"href":"https:\/\/www.vinquotidien.com\/fr\/wp-json\/wp\/v2\/media\/5164"}],"wp:attachment":[{"href":"https:\/\/www.vinquotidien.com\/fr\/wp-json\/wp\/v2\/media?parent=4727"}],"wp:term":[{"taxonomy":"product_brand","embeddable":true,"href":"https:\/\/www.vinquotidien.com\/fr\/wp-json\/wp\/v2\/product_brand?post=4727"},{"taxonomy":"product_cat","embeddable":true,"href":"https:\/\/www.vinquotidien.com\/fr\/wp-json\/wp\/v2\/product_cat?post=4727"},{"taxonomy":"product_tag","embeddable":true,"href":"https:\/\/www.vinquotidien.com\/fr\/wp-json\/wp\/v2\/product_tag?post=4727"}],"curies":[{"name":"wp","href":"https:\/\/api.w.org\/{rel}","templated":true}]}}