{"id":4791,"date":"2022-03-09T13:11:23","date_gmt":"2022-03-09T12:11:23","guid":{"rendered":"https:\/\/www.vinquotidien.com\/?post_type=product&#038;p=4791"},"modified":"2025-03-24T18:44:06","modified_gmt":"2025-03-24T17:44:06","slug":"monthelie-clos-du-meix-garnier-monopole-domaine-douhairet-porcheret","status":"publish","type":"product","link":"https:\/\/www.vinquotidien.com\/fr\/produit\/monthelie-clos-du-meix-garnier-monopole-domaine-douhairet-porcheret\/","title":{"rendered":"Month\u00e9lie Clos du Meix Garnier \u00ab\u00a0Monopole\u00a0\u00bb 2020 &#8211; Domaine Douhairet Porcheret"},"content":{"rendered":"<p><strong>Vigneron : <\/strong><br \/>\nDomaine Douhairet Porcheret<\/p>\n<p><strong>Appellation : <\/strong><br \/>\nMonth\u00e9lie<\/p>\n<p><strong>R\u00e9gion :<\/strong><br \/>\nBourgogne<\/p>\n<p><strong>Et le vin\u2026<\/strong><br \/>\nC\u00e9pages : 100% Pinot Noir<br \/>\nSurface de la parcelle : 1,36ha. 8400 bouteilles par mill\u00e9sime. Age moyen des vignes : 60 ans. Le Meix est dans le haut moyen-Age, un assemble de b\u00e2timents, inclus dans une exploitation agricole de taille cons\u00e9quente<br \/>\nVendange manuelle, r\u00e9alis\u00e9e en petites caisses ajour\u00e9es, aux heures les plus fraiches de la journ\u00e9e.<br \/>\nElevage des vins d\u2019une dur\u00e9e moyenne de 15 mois, se fait en caves, en f\u00fbt traditionnel Bourguignon. Le pourcentage de f\u00fbt neuf varie suivant les mill\u00e9simes et les appellations, ne d\u00e9passant jamais les 30%<br \/>\nLa mise en bouteille se fait au domaine<\/p>\n<p><strong>Et dans le verre\u2026<\/strong><br \/>\nUn nez compos\u00e9 de fruits rouges compot\u00e9s : Griotte et framboise<br \/>\nUne belle bouche, franche, fraiche et bien structur\u00e9e.<br \/>\nUne finale qui laisse une impression d\u2019un vin tr\u00e8s \u00ab net \u00bb<\/p>\n<p><strong>Accords Mets &amp; Vins : <\/strong><br \/>\nS\u2019accordera parfaitement avec du b\u0153uf, du veau ou du gibier<\/p>\n","protected":false},"excerpt":{"rendered":"<p><strong>Vigneron : <\/strong><br \/>\nDomaine Douhairet Porcheret<\/p>\n<p><strong>Appellation : <\/strong><br \/>\nMonth\u00e9lie<\/p>\n<p><strong>R\u00e9gion :<\/strong><br \/>\nBourgogne<\/p>\n","protected":false},"featured_media":5170,"comment_status":"open","ping_status":"closed","template":"","meta":[],"product_brand":[],"product_cat":[90,25],"product_tag":[],"class_list":{"0":"post-4791","1":"product","2":"type-product","3":"status-publish","4":"has-post-thumbnail","6":"product_cat-vip-corner","7":"product_cat-vin-rouge","9":"first","10":"instock","11":"taxable","12":"shipping-taxable","13":"purchasable","14":"product-type-simple"},"group_of_quantity":6,"min_quantity":0,"max_quantity":"","exclude_order_quantity_value_rules":"no","exclude_category_quantity_rules":"no","combine_variations":"no","_links":{"self":[{"href":"https:\/\/www.vinquotidien.com\/fr\/wp-json\/wp\/v2\/product\/4791","targetHints":{"allow":["GET"]}}],"collection":[{"href":"https:\/\/www.vinquotidien.com\/fr\/wp-json\/wp\/v2\/product"}],"about":[{"href":"https:\/\/www.vinquotidien.com\/fr\/wp-json\/wp\/v2\/types\/product"}],"replies":[{"embeddable":true,"href":"https:\/\/www.vinquotidien.com\/fr\/wp-json\/wp\/v2\/comments?post=4791"}],"wp:featuredmedia":[{"embeddable":true,"href":"https:\/\/www.vinquotidien.com\/fr\/wp-json\/wp\/v2\/media\/5170"}],"wp:attachment":[{"href":"https:\/\/www.vinquotidien.com\/fr\/wp-json\/wp\/v2\/media?parent=4791"}],"wp:term":[{"taxonomy":"product_brand","embeddable":true,"href":"https:\/\/www.vinquotidien.com\/fr\/wp-json\/wp\/v2\/product_brand?post=4791"},{"taxonomy":"product_cat","embeddable":true,"href":"https:\/\/www.vinquotidien.com\/fr\/wp-json\/wp\/v2\/product_cat?post=4791"},{"taxonomy":"product_tag","embeddable":true,"href":"https:\/\/www.vinquotidien.com\/fr\/wp-json\/wp\/v2\/product_tag?post=4791"}],"curies":[{"name":"wp","href":"https:\/\/api.w.org\/{rel}","templated":true}]}}