{"id":4817,"date":"2022-03-16T10:14:14","date_gmt":"2022-03-16T09:14:14","guid":{"rendered":"https:\/\/www.vinquotidien.com\/?post_type=product&#038;p=4817"},"modified":"2026-02-08T10:01:05","modified_gmt":"2026-02-08T09:01:05","slug":"cuvee-des-chamoz-chardonnay","status":"publish","type":"product","link":"https:\/\/www.vinquotidien.com\/fr\/produit\/cuvee-des-chamoz-chardonnay\/","title":{"rendered":"Cuv\u00e9e des Chamoz Chardonnay 2023 &#8211; Domaine Fr\u00e9d\u00e9ric Lornet"},"content":{"rendered":"<p><strong>Vigneron : <\/strong><br \/>\nDomaine Fr\u00e9d\u00e9ric Lornet<\/p>\n<p><strong>Appellation : <\/strong><br \/>\nC\u00f4tes du Jura<\/p>\n<p><strong>R\u00e9gion :<\/strong><br \/>\nJura<\/p>\n<p><strong>Et le vin\u2026<\/strong><br \/>\nC\u00e9pages : 100% Chardonnay<br \/>\nLe sol du Kimm\u00e9ridgien convient parfaitement au c\u00e9page Chardonnay. C&rsquo;est la m\u00eame nature de sol que le vignoble de Chablis.<br \/>\nLa s\u00e9lection est celle de la vari\u00e9te de Chardonnay des fr\u00e8res Rouget descendants de l\u2019amp\u00e9lographe Charles Rouget.<br \/>\nApr\u00e8s avoir contr\u00f4l\u00e9 les temp\u00e9ratures de fermentation en cuve, le vin est \u00e9lev\u00e9 durant un an en foudre de ch\u00eane.<br \/>\n\u00ab\u00a0Cuv\u00e9e des Chamoz\u00a0\u00bb est une marque d\u00e9pos\u00e9e<\/p>\n<p><strong>Et dans le verre\u2026<\/strong><br \/>\nRobe jaune paille aux reflets dor\u00e9s<br \/>\nNez fruit\u00e9, d\u2019agrumes et de fleurs blanches<br \/>\nAu palais, l\u2019attaque est franche et d\u00e9veloppe une belle mati\u00e8re tout en pr\u00e9servant une bouche bien \u00e9quilibr\u00e9e<br \/>\nLa finale est longue et fra\u00eeche<\/p>\n<p><strong>Accords Mets &amp; Vins : <\/strong><br \/>\nD\u00e8s l\u2019ap\u00e9ritif, avec des entr\u00e9es \u00e0 base de poisson<\/p>\n","protected":false},"excerpt":{"rendered":"<p><strong>Vigneron : <\/strong><br \/>\nDomaine Fr\u00e9d\u00e9ric Lornet<\/p>\n<p><strong>Appellation : <\/strong><br \/>\nC\u00f4tes du Jura<\/p>\n<p><strong>R\u00e9gion :<\/strong><br \/>\nJura<\/p>\n","protected":false},"featured_media":8284,"comment_status":"open","ping_status":"closed","template":"","meta":[],"product_brand":[],"product_cat":[26],"product_tag":[],"class_list":{"0":"post-4817","1":"product","2":"type-product","3":"status-publish","4":"has-post-thumbnail","6":"product_cat-vin-blanc","8":"first","9":"instock","10":"taxable","11":"shipping-taxable","12":"purchasable","13":"product-type-simple"},"group_of_quantity":6,"min_quantity":0,"max_quantity":"","exclude_order_quantity_value_rules":"no","exclude_category_quantity_rules":"no","combine_variations":"no","_links":{"self":[{"href":"https:\/\/www.vinquotidien.com\/fr\/wp-json\/wp\/v2\/product\/4817","targetHints":{"allow":["GET"]}}],"collection":[{"href":"https:\/\/www.vinquotidien.com\/fr\/wp-json\/wp\/v2\/product"}],"about":[{"href":"https:\/\/www.vinquotidien.com\/fr\/wp-json\/wp\/v2\/types\/product"}],"replies":[{"embeddable":true,"href":"https:\/\/www.vinquotidien.com\/fr\/wp-json\/wp\/v2\/comments?post=4817"}],"wp:featuredmedia":[{"embeddable":true,"href":"https:\/\/www.vinquotidien.com\/fr\/wp-json\/wp\/v2\/media\/8284"}],"wp:attachment":[{"href":"https:\/\/www.vinquotidien.com\/fr\/wp-json\/wp\/v2\/media?parent=4817"}],"wp:term":[{"taxonomy":"product_brand","embeddable":true,"href":"https:\/\/www.vinquotidien.com\/fr\/wp-json\/wp\/v2\/product_brand?post=4817"},{"taxonomy":"product_cat","embeddable":true,"href":"https:\/\/www.vinquotidien.com\/fr\/wp-json\/wp\/v2\/product_cat?post=4817"},{"taxonomy":"product_tag","embeddable":true,"href":"https:\/\/www.vinquotidien.com\/fr\/wp-json\/wp\/v2\/product_tag?post=4817"}],"curies":[{"name":"wp","href":"https:\/\/api.w.org\/{rel}","templated":true}]}}