{"id":4830,"date":"2022-03-24T12:07:01","date_gmt":"2022-03-24T11:07:01","guid":{"rendered":"https:\/\/www.vinquotidien.com\/?post_type=product&#038;p=4830"},"modified":"2025-03-24T16:05:53","modified_gmt":"2025-03-24T15:05:53","slug":"macon-rouge-vergers-des-feuillants","status":"publish","type":"product","link":"https:\/\/www.vinquotidien.com\/fr\/produit\/macon-rouge-vergers-des-feuillants\/","title":{"rendered":"Vergers des Feuillants 2020 &#8211; M\u00e2con rouge &#8211; Domaine des Deux Roches"},"content":{"rendered":"<p><strong>Vigneron : <\/strong><br \/>\nDomaine des Deux Roches \/ Collovray &amp; Terrier<\/p>\n<p><strong>Appellation : <\/strong><br \/>\nM\u00e2con<\/p>\n<p><strong>R\u00e9gion : <\/strong><br \/>\nBourgogne<\/p>\n<p><strong>Et le vin\u2026<\/strong><br \/>\nC\u00e9page : 100% Gamay<br \/>\nCette parcelle de gamay \u00e2g\u00e9e est situ\u00e9e dans le village de Charnay-L\u00e8s-M\u00e2con. Elle est divis\u00e9e en 2 par un verger de p\u00eachers, pommiers, poiriers et pruniers.<br \/>\nOrient\u00e9 au Sud-Ouest, en pente inclin\u00e9e, cette parcelle est chaude et bien drain\u00e9e ce qui est tr\u00e8s favorable \u00e0 la production de vins rouges \u00e9l\u00e9gants, aux tannins fins<br \/>\nLa vinification est traditionnelle et sous temp\u00e9rature contr\u00f4l\u00e9es. La fermentation malolactique et recherch\u00e9e.<br \/>\nL\u2019\u00e9levage se d\u00e9roulent en cuve inox pendant 6 \u00e0 12 mois.<\/p>\n<p><strong>Et dans le verre\u2026<\/strong><br \/>\nJolie robe cerise brillante et profonde<br \/>\nNez de petits fruits rouges, bouche ronde et pleine avec une belle intensit\u00e9 sur la cerise, la fraise et les \u00e9pices<br \/>\nFinale bien \u00e9quilibr\u00e9e aux tanins soyeux<\/p>\n<p><strong>Accords Mets &amp; Vins : <\/strong><br \/>\nAvec une belle entrec\u00f4te ou un b\u0153uf Bourguignon<\/p>\n","protected":false},"excerpt":{"rendered":"<p><strong>Vigneron : <\/strong><br \/>\nDomaine des Deux Roches \/ Collovray &amp; Terrier<\/p>\n<p><strong>Appellation : <\/strong><br \/>\nM\u00e2con<\/p>\n<p><strong>R\u00e9gion : <\/strong><br \/>\nBourgogne<\/p>\n","protected":false},"featured_media":5182,"comment_status":"open","ping_status":"closed","template":"","meta":[],"product_brand":[],"product_cat":[25],"product_tag":[],"class_list":{"0":"post-4830","1":"product","2":"type-product","3":"status-publish","4":"has-post-thumbnail","6":"product_cat-vin-rouge","8":"first","9":"instock","10":"taxable","11":"shipping-taxable","12":"purchasable","13":"product-type-simple"},"group_of_quantity":6,"min_quantity":0,"max_quantity":"","exclude_order_quantity_value_rules":"no","exclude_category_quantity_rules":"no","combine_variations":"no","_links":{"self":[{"href":"https:\/\/www.vinquotidien.com\/fr\/wp-json\/wp\/v2\/product\/4830","targetHints":{"allow":["GET"]}}],"collection":[{"href":"https:\/\/www.vinquotidien.com\/fr\/wp-json\/wp\/v2\/product"}],"about":[{"href":"https:\/\/www.vinquotidien.com\/fr\/wp-json\/wp\/v2\/types\/product"}],"replies":[{"embeddable":true,"href":"https:\/\/www.vinquotidien.com\/fr\/wp-json\/wp\/v2\/comments?post=4830"}],"wp:featuredmedia":[{"embeddable":true,"href":"https:\/\/www.vinquotidien.com\/fr\/wp-json\/wp\/v2\/media\/5182"}],"wp:attachment":[{"href":"https:\/\/www.vinquotidien.com\/fr\/wp-json\/wp\/v2\/media?parent=4830"}],"wp:term":[{"taxonomy":"product_brand","embeddable":true,"href":"https:\/\/www.vinquotidien.com\/fr\/wp-json\/wp\/v2\/product_brand?post=4830"},{"taxonomy":"product_cat","embeddable":true,"href":"https:\/\/www.vinquotidien.com\/fr\/wp-json\/wp\/v2\/product_cat?post=4830"},{"taxonomy":"product_tag","embeddable":true,"href":"https:\/\/www.vinquotidien.com\/fr\/wp-json\/wp\/v2\/product_tag?post=4830"}],"curies":[{"name":"wp","href":"https:\/\/api.w.org\/{rel}","templated":true}]}}