{"id":4854,"date":"2022-04-12T11:03:13","date_gmt":"2022-04-12T09:03:13","guid":{"rendered":"https:\/\/www.vinquotidien.com\/?post_type=product&#038;p=4854"},"modified":"2025-11-03T11:30:04","modified_gmt":"2025-11-03T10:30:04","slug":"reuilly-blanc-domaine-tabordet","status":"publish","type":"product","link":"https:\/\/www.vinquotidien.com\/fr\/produit\/reuilly-blanc-domaine-tabordet\/","title":{"rendered":"Reuilly blanc 2023 &#8211; Domaine Tabordet"},"content":{"rendered":"<p><strong>Vigneron : <\/strong><br \/>\nDomaine Tabordet<\/p>\n<p><strong>Appellation : <\/strong><br \/>\nReuilly blanc<\/p>\n<p><strong>R\u00e9gion :<\/strong><br \/>\nVall\u00e9e de la Loire<\/p>\n<p><strong>R\u00e9compenses :<\/strong><\/p>\n<p><strong>Et le vin\u2026<\/strong><br \/>\nC\u00e9pages : 100% Sauvignon Blanc, \u00e2ge du vignoble jusqu\u2019\u00e0 45 ans.<br \/>\nTerroir limoneux, argile et calcaire pr\u00e9sents en profondeur. Production environ 18 000 bouteilles.<br \/>\nVendanges manuelles, pressurage suivi d\u2019un d\u00e9bourbage de 24 heures. Fermentation en cuves thermor\u00e9gul\u00e9es. Soutirage courant novembre.<br \/>\nRepos sur lies fines avant filtration et mise en bouteilles en janvier de l\u2019ann\u00e9e suivante<\/p>\n<p><strong>Et dans le verre\u2026<\/strong><br \/>\nRobe aux reflets or.<br \/>\nNez d\u00e9veloppant des ar\u00f4mes d\u2019agrumes confits et des notes d\u2019amande.<br \/>\nBouche ample et g\u00e9n\u00e9reuse, alliant finesse et \u00e9l\u00e9gance ;<br \/>\nLongue et onctueuse belle finale.<\/p>\n<p><strong>Accords Mets &amp; Vins : <\/strong><br \/>\nD\u00e8s l\u2019ap\u00e9ritif, s\u2019accordera parfaitement aussi avec la cuisine Tha\u00ef<\/p>\n","protected":false},"excerpt":{"rendered":"<p><strong>Vigneron : <\/strong><br \/>\nDomaine Tabordet<\/p>\n<p><strong>Appellation : <\/strong><br \/>\nReuilly blanc<\/p>\n<p><strong>R\u00e9gion :<\/strong><br \/>\nVall\u00e9e de la Loire<\/p>\n<p><strong>R\u00e9compenses :<\/strong><\/p>\n","protected":false},"featured_media":5187,"comment_status":"open","ping_status":"closed","template":"","meta":[],"product_brand":[],"product_cat":[26],"product_tag":[],"class_list":{"0":"post-4854","1":"product","2":"type-product","3":"status-publish","4":"has-post-thumbnail","6":"product_cat-vin-blanc","8":"first","9":"instock","10":"taxable","11":"shipping-taxable","12":"purchasable","13":"product-type-simple"},"group_of_quantity":6,"min_quantity":0,"max_quantity":"","exclude_order_quantity_value_rules":"no","exclude_category_quantity_rules":"no","combine_variations":"no","_links":{"self":[{"href":"https:\/\/www.vinquotidien.com\/fr\/wp-json\/wp\/v2\/product\/4854","targetHints":{"allow":["GET"]}}],"collection":[{"href":"https:\/\/www.vinquotidien.com\/fr\/wp-json\/wp\/v2\/product"}],"about":[{"href":"https:\/\/www.vinquotidien.com\/fr\/wp-json\/wp\/v2\/types\/product"}],"replies":[{"embeddable":true,"href":"https:\/\/www.vinquotidien.com\/fr\/wp-json\/wp\/v2\/comments?post=4854"}],"wp:featuredmedia":[{"embeddable":true,"href":"https:\/\/www.vinquotidien.com\/fr\/wp-json\/wp\/v2\/media\/5187"}],"wp:attachment":[{"href":"https:\/\/www.vinquotidien.com\/fr\/wp-json\/wp\/v2\/media?parent=4854"}],"wp:term":[{"taxonomy":"product_brand","embeddable":true,"href":"https:\/\/www.vinquotidien.com\/fr\/wp-json\/wp\/v2\/product_brand?post=4854"},{"taxonomy":"product_cat","embeddable":true,"href":"https:\/\/www.vinquotidien.com\/fr\/wp-json\/wp\/v2\/product_cat?post=4854"},{"taxonomy":"product_tag","embeddable":true,"href":"https:\/\/www.vinquotidien.com\/fr\/wp-json\/wp\/v2\/product_tag?post=4854"}],"curies":[{"name":"wp","href":"https:\/\/api.w.org\/{rel}","templated":true}]}}