{"id":4859,"date":"2022-04-12T11:09:11","date_gmt":"2022-04-12T09:09:11","guid":{"rendered":"https:\/\/www.vinquotidien.com\/?post_type=product&#038;p=4859"},"modified":"2025-11-03T11:29:59","modified_gmt":"2025-11-03T10:29:59","slug":"reuilly-rouge-domaine-tabordet","status":"publish","type":"product","link":"https:\/\/www.vinquotidien.com\/fr\/produit\/reuilly-rouge-domaine-tabordet\/","title":{"rendered":"Reuilly rouge 2023 &#8211; Domaine Tabordet"},"content":{"rendered":"<p><strong>Vigneron : <\/strong><br \/>\nDomaine Tabordet<\/p>\n<p><strong>Appellation : <\/strong><br \/>\nReuilly rouge<\/p>\n<p><strong>R\u00e9gion :<\/strong><br \/>\nVall\u00e9e de la Loire<\/p>\n<p><strong>Et le vin\u2026<\/strong><br \/>\nC\u00e9pages : 100% Pinot Noir, \u00e2ge du vignoble jusqu\u2019\u00e0 30 ans.<br \/>\nTerroir sablo-graveleux sur argiles et calcaires lacustres du Berry. Production environ 11 000 bouteilles.<br \/>\nVendanges manuelles tout d\u00e9but septembre, \u00e9grappage partiel pour apporter plus de fruit.<br \/>\nCuvaison de 4 semaines (1\u00e8re semaine \u00e0 froid). Remontages r\u00e9guliers, \u00e9levage en f\u00fbt de ch\u00eane afin d\u2019apporter rondeur et structure.<\/p>\n<p><strong>Et dans le verre\u2026<\/strong><br \/>\nJolie robe rubis<br \/>\nNez ouvert sur des notes de fruits rouges et un c\u00f4t\u00e9 l\u00e9g\u00e8rement poivr\u00e9<br \/>\nBouche soyeuse et gourmande, sur des notes de cerises et d&rsquo;\u00e9pices douce, finale ronde et plaisante<\/p>\n<p><strong>Accords Mets &amp; Vins : <\/strong><br \/>\nSa structure lui permet d&rsquo;accompagner des plats un peu relev\u00e9s tel qu&rsquo;un saut\u00e9 de veau aux \u00e9pices<\/p>\n","protected":false},"excerpt":{"rendered":"<p><strong>Vigneron : <\/strong><br \/>\nDomaine Tabordet<\/p>\n<p><strong>Appellation : <\/strong><br \/>\nReuilly rouge<\/p>\n<p><strong>R\u00e9gion :<\/strong><br \/>\nVall\u00e9e de la Loire<\/p>\n","protected":false},"featured_media":5185,"comment_status":"open","ping_status":"closed","template":"","meta":[],"product_brand":[],"product_cat":[25],"product_tag":[],"class_list":{"0":"post-4859","1":"product","2":"type-product","3":"status-publish","4":"has-post-thumbnail","6":"product_cat-vin-rouge","8":"first","9":"instock","10":"taxable","11":"shipping-taxable","12":"purchasable","13":"product-type-simple"},"group_of_quantity":6,"min_quantity":0,"max_quantity":"","exclude_order_quantity_value_rules":"no","exclude_category_quantity_rules":"no","combine_variations":"no","_links":{"self":[{"href":"https:\/\/www.vinquotidien.com\/fr\/wp-json\/wp\/v2\/product\/4859","targetHints":{"allow":["GET"]}}],"collection":[{"href":"https:\/\/www.vinquotidien.com\/fr\/wp-json\/wp\/v2\/product"}],"about":[{"href":"https:\/\/www.vinquotidien.com\/fr\/wp-json\/wp\/v2\/types\/product"}],"replies":[{"embeddable":true,"href":"https:\/\/www.vinquotidien.com\/fr\/wp-json\/wp\/v2\/comments?post=4859"}],"wp:featuredmedia":[{"embeddable":true,"href":"https:\/\/www.vinquotidien.com\/fr\/wp-json\/wp\/v2\/media\/5185"}],"wp:attachment":[{"href":"https:\/\/www.vinquotidien.com\/fr\/wp-json\/wp\/v2\/media?parent=4859"}],"wp:term":[{"taxonomy":"product_brand","embeddable":true,"href":"https:\/\/www.vinquotidien.com\/fr\/wp-json\/wp\/v2\/product_brand?post=4859"},{"taxonomy":"product_cat","embeddable":true,"href":"https:\/\/www.vinquotidien.com\/fr\/wp-json\/wp\/v2\/product_cat?post=4859"},{"taxonomy":"product_tag","embeddable":true,"href":"https:\/\/www.vinquotidien.com\/fr\/wp-json\/wp\/v2\/product_tag?post=4859"}],"curies":[{"name":"wp","href":"https:\/\/api.w.org\/{rel}","templated":true}]}}