{"id":5199,"date":"2022-05-16T10:10:15","date_gmt":"2022-05-16T08:10:15","guid":{"rendered":"https:\/\/www.vinquotidien.com\/?post_type=product&#038;p=5199"},"modified":"2025-03-24T16:04:16","modified_gmt":"2025-03-24T15:04:16","slug":"cremant-de-loire-domaine-des-coutures","status":"publish","type":"product","link":"https:\/\/www.vinquotidien.com\/fr\/produit\/cremant-de-loire-domaine-des-coutures\/","title":{"rendered":"Cr\u00e9mant de Loire &#8211; Domaine des Coutures"},"content":{"rendered":"<p><strong>Vigneron : <\/strong><br \/>\nDomaine des Coutures<\/p>\n<p><strong>Appellation : <\/strong><br \/>\nCr\u00e9mant de Loire<\/p>\n<p><strong>R\u00e9gion :<\/strong><br \/>\nLoire<\/p>\n<p><strong>Et le vin\u2026<\/strong><br \/>\nC\u00e9pages: 70% Chenin, 30% Cabernet Franc<br \/>\nTerroir : Sols argilo-calcaires<br \/>\nCulture raisonn\u00e9e<br \/>\nVendanges manuelles en caissettes<br \/>\nElevage sur lattes avant d\u00e9gorgement<\/p>\n<p><strong>Et dans le verre\u2026<\/strong><br \/>\nBulle fine et tr\u00e8s \u00e9l\u00e9gante, comme une dentelle<br \/>\nRobe p\u00e2le dor\u00e9e et cristalline<br \/>\nNez \u00e9l\u00e9gant de fruits blancs avec une pointe d&rsquo;amande<br \/>\nBouche d\u00e9licate et fraiche teint\u00e9e de notes d&rsquo;amande<br \/>\nCorps rond et structur\u00e9, finale longue et rac\u00e9e<\/p>\n<p><strong>Accords Mets &amp; Vins : <\/strong><br \/>\nA vocation ap\u00e9ritive, tr\u00e8s agr\u00e9able avec Fruits de mer et Crustac\u00e9s, surprenant sur des desserts au chocolat !<\/p>\n","protected":false},"excerpt":{"rendered":"<p><strong>Vigneron : <\/strong><br \/>\nDomaine des Coutures<\/p>\n<p><strong>Appellation : <\/strong><br \/>\nCr\u00e9mant de Loire<\/p>\n<p><strong>R\u00e9gion :<\/strong><br \/>\nLoire<\/p>\n","protected":false},"featured_media":5200,"comment_status":"open","ping_status":"closed","template":"","meta":[],"product_brand":[],"product_cat":[28],"product_tag":[],"class_list":{"0":"post-5199","1":"product","2":"type-product","3":"status-publish","4":"has-post-thumbnail","6":"product_cat-bulles","8":"first","9":"instock","10":"taxable","11":"shipping-taxable","12":"purchasable","13":"product-type-simple"},"group_of_quantity":6,"min_quantity":0,"max_quantity":"","exclude_order_quantity_value_rules":"no","exclude_category_quantity_rules":"no","combine_variations":"no","_links":{"self":[{"href":"https:\/\/www.vinquotidien.com\/fr\/wp-json\/wp\/v2\/product\/5199","targetHints":{"allow":["GET"]}}],"collection":[{"href":"https:\/\/www.vinquotidien.com\/fr\/wp-json\/wp\/v2\/product"}],"about":[{"href":"https:\/\/www.vinquotidien.com\/fr\/wp-json\/wp\/v2\/types\/product"}],"replies":[{"embeddable":true,"href":"https:\/\/www.vinquotidien.com\/fr\/wp-json\/wp\/v2\/comments?post=5199"}],"wp:featuredmedia":[{"embeddable":true,"href":"https:\/\/www.vinquotidien.com\/fr\/wp-json\/wp\/v2\/media\/5200"}],"wp:attachment":[{"href":"https:\/\/www.vinquotidien.com\/fr\/wp-json\/wp\/v2\/media?parent=5199"}],"wp:term":[{"taxonomy":"product_brand","embeddable":true,"href":"https:\/\/www.vinquotidien.com\/fr\/wp-json\/wp\/v2\/product_brand?post=5199"},{"taxonomy":"product_cat","embeddable":true,"href":"https:\/\/www.vinquotidien.com\/fr\/wp-json\/wp\/v2\/product_cat?post=5199"},{"taxonomy":"product_tag","embeddable":true,"href":"https:\/\/www.vinquotidien.com\/fr\/wp-json\/wp\/v2\/product_tag?post=5199"}],"curies":[{"name":"wp","href":"https:\/\/api.w.org\/{rel}","templated":true}]}}