{"id":5285,"date":"2022-06-19T14:20:13","date_gmt":"2022-06-19T12:20:13","guid":{"rendered":"https:\/\/www.vinquotidien.com\/?post_type=product&#038;p=5285"},"modified":"2025-03-24T16:03:37","modified_gmt":"2025-03-24T15:03:37","slug":"cremant-de-loire-rose-domaine-derouard","status":"publish","type":"product","link":"https:\/\/www.vinquotidien.com\/fr\/produit\/cremant-de-loire-rose-domaine-derouard\/","title":{"rendered":"L&rsquo;El\u00e9gance &#8211; Cr\u00e9mant de Loire ros\u00e9 &#8211; Domaine S\u00e9bastien Fricker"},"content":{"rendered":"<p><strong>Vigneron : <\/strong><br \/>\nDomaine S\u00e9bastien Fricker (anciennement Domaine Derouard)<\/p>\n<p><strong>Appellation : <\/strong><br \/>\nCr\u00e9mant de Loire<\/p>\n<p><strong>R\u00e9gion :<\/strong><br \/>\nLoire<\/p>\n<p><strong>R\u00e9compenses :<\/strong><\/p>\n<p><strong>Et le vin\u2026<\/strong><br \/>\nC\u00e9page : Cabernet franc 100%, \u00e2ge moyen des vignes de 30 ans et jusqu\u2019\u00e0 50 ans pour les plus vieilles<br \/>\nTerroir : Sols argilo-calcaire<br \/>\nR\u00e9colte manuelle en caisse.<br \/>\nApr\u00e8s une courte mac\u00e9ration dans le pressoir, le raisin rouge est press\u00e9 sans foulage ni \u00e9raflage, d\u00e9bourbage statique \u00e0 basse<br \/>\ntemp\u00e9rature puis vinification thermor\u00e9gul\u00e9e jusqu\u2019\u00e0 l\u2019obtention d\u2019un vin sec<br \/>\nEnsuite deuxi\u00e8me fermentation en bouteille<br \/>\nLe vin reste sur latte 12 mois minimum avant d\u2019\u00eatre commercialis\u00e9<\/p>\n<p><strong>Et dans le verre\u2026<\/strong><br \/>\nJolie robe saumon \u00e0 reflets dor\u00e9s<br \/>\nLe nez offre une tr\u00e8s grande richesse aromatique, on reconnait parfaitement les ar\u00f4mes de fruits rouges du Cabernet Franc<br \/>\nEn bouche, la bulle est fine et persistante. Le \u00ab cr\u00e9meux \u00bb tr\u00e8s pr\u00e9sent fait ressortir les<br \/>\nar\u00f4mes et la fraicheur de cette cuv\u00e9e tr\u00e8s \u00e9l\u00e9gante<\/p>\n<p><strong>Accords Mets &amp; Vins : <\/strong><br \/>\nAccompagnera parfaitement les ap\u00e9ritifs ainsi que les desserts aux fruits rouges<\/p>\n","protected":false},"excerpt":{"rendered":"<p><strong>Vigneron : <\/strong><br \/>\nDomaine Derouard<\/p>\n<p><strong>Appellation : <\/strong><br \/>\nCr\u00e9mant de Loire<\/p>\n<p><strong>R\u00e9gion :<\/strong><br \/>\nLoire<\/p>\n<p><strong>R\u00e9compenses :<\/strong><\/p>\n","protected":false},"featured_media":7152,"comment_status":"open","ping_status":"closed","template":"","meta":[],"product_brand":[],"product_cat":[28],"product_tag":[],"class_list":{"0":"post-5285","1":"product","2":"type-product","3":"status-publish","4":"has-post-thumbnail","6":"product_cat-bulles","8":"first","9":"instock","10":"taxable","11":"shipping-taxable","12":"purchasable","13":"product-type-simple"},"group_of_quantity":6,"min_quantity":0,"max_quantity":"","exclude_order_quantity_value_rules":"no","exclude_category_quantity_rules":"no","combine_variations":"no","_links":{"self":[{"href":"https:\/\/www.vinquotidien.com\/fr\/wp-json\/wp\/v2\/product\/5285","targetHints":{"allow":["GET"]}}],"collection":[{"href":"https:\/\/www.vinquotidien.com\/fr\/wp-json\/wp\/v2\/product"}],"about":[{"href":"https:\/\/www.vinquotidien.com\/fr\/wp-json\/wp\/v2\/types\/product"}],"replies":[{"embeddable":true,"href":"https:\/\/www.vinquotidien.com\/fr\/wp-json\/wp\/v2\/comments?post=5285"}],"wp:featuredmedia":[{"embeddable":true,"href":"https:\/\/www.vinquotidien.com\/fr\/wp-json\/wp\/v2\/media\/7152"}],"wp:attachment":[{"href":"https:\/\/www.vinquotidien.com\/fr\/wp-json\/wp\/v2\/media?parent=5285"}],"wp:term":[{"taxonomy":"product_brand","embeddable":true,"href":"https:\/\/www.vinquotidien.com\/fr\/wp-json\/wp\/v2\/product_brand?post=5285"},{"taxonomy":"product_cat","embeddable":true,"href":"https:\/\/www.vinquotidien.com\/fr\/wp-json\/wp\/v2\/product_cat?post=5285"},{"taxonomy":"product_tag","embeddable":true,"href":"https:\/\/www.vinquotidien.com\/fr\/wp-json\/wp\/v2\/product_tag?post=5285"}],"curies":[{"name":"wp","href":"https:\/\/api.w.org\/{rel}","templated":true}]}}