{"id":5334,"date":"2022-06-28T16:54:10","date_gmt":"2022-06-28T14:54:10","guid":{"rendered":"https:\/\/www.vinquotidien.com\/?post_type=product&#038;p=5334"},"modified":"2026-02-12T11:08:11","modified_gmt":"2026-02-12T10:08:11","slug":"le-temps-est-venu-blanc-2021-cotes-du-rhone-domaine-stephane-ogier","status":"publish","type":"product","link":"https:\/\/www.vinquotidien.com\/fr\/produit\/le-temps-est-venu-blanc-2021-cotes-du-rhone-domaine-stephane-ogier\/","title":{"rendered":"Le Temps Est Venu blanc 2024 &#8211; C\u00f4tes-du-rh\u00f4ne &#8211; Domaine St\u00e9phane Ogier"},"content":{"rendered":"<p><strong>Vigneron : <\/strong><br \/>\nDomaine St\u00e9phane Ogier<\/p>\n<p><strong>Appellation : <\/strong><br \/>\nC\u00f4tes-du-rh\u00f4ne<\/p>\n<p><strong>R\u00e9gion :<\/strong><br \/>\nVall\u00e9e du Rh\u00f4ne Sud<\/p>\n<p><strong>Et le vin\u2026<\/strong><br \/>\nC\u00e9pages:<br \/>\n30% Grenache Blanc, 30% Roussanne, 20% Viognier, 10% Marsanne, 5% Bourboulenc, 5% Clairette<br \/>\nTerroir : Argile blanche et sable<br \/>\nExposition du vignoble Sud-Ouest, \u00e0 320m d\u2019altitude<br \/>\nVendanges manuelles dans le respect de l\u2019environnement et de l\u2019agriculture raisonn\u00e9e certifi\u00e9 HVE (Haute Valeur Environnementale)<br \/>\nVinification traditionnelle en cuves-b\u00e9ton thermor\u00e9gul\u00e9es, avec levures indig\u00e8nes<br \/>\n\u00c9levage de 6 mois en cuve b\u00e9ton avant la mise en bouteille au domaine<\/p>\n<p><strong>Et dans le verre\u2026<\/strong><br \/>\nRobe finement dor\u00e9e \u00e0 reflets verd\u00e2tres<br \/>\nNez compos\u00e9 de fraiches notes de fruits blancs et de fleurs blanches<br \/>\nPalais gourmand, riche et frais et ne manquant pas d\u2019une pointe min\u00e9rale bien rafraichissante<\/p>\n<p><strong>Accords Mets &amp; Vins : <\/strong><br \/>\nAvec la cuisine m\u00e9diterran\u00e9enne, avec les poissons en sauce<\/p>\n","protected":false},"excerpt":{"rendered":"<p><strong>Vigneron : <\/strong><br \/>\nDomaine St\u00e9phane Ogier<\/p>\n<p><strong>Appellation : <\/strong><br \/>\nC\u00f4tes-du-rh\u00f4ne<\/p>\n<p><strong>R\u00e9gion :<\/strong><br \/>\nVall\u00e9e du Rh\u00f4ne Sud<\/p>\n","protected":false},"featured_media":5335,"comment_status":"open","ping_status":"closed","template":"","meta":[],"product_brand":[],"product_cat":[26],"product_tag":[],"class_list":{"0":"post-5334","1":"product","2":"type-product","3":"status-publish","4":"has-post-thumbnail","6":"product_cat-vin-blanc","8":"first","9":"instock","10":"taxable","11":"shipping-taxable","12":"purchasable","13":"product-type-simple"},"group_of_quantity":6,"min_quantity":0,"max_quantity":"","exclude_order_quantity_value_rules":"no","exclude_category_quantity_rules":"no","combine_variations":"no","_links":{"self":[{"href":"https:\/\/www.vinquotidien.com\/fr\/wp-json\/wp\/v2\/product\/5334","targetHints":{"allow":["GET"]}}],"collection":[{"href":"https:\/\/www.vinquotidien.com\/fr\/wp-json\/wp\/v2\/product"}],"about":[{"href":"https:\/\/www.vinquotidien.com\/fr\/wp-json\/wp\/v2\/types\/product"}],"replies":[{"embeddable":true,"href":"https:\/\/www.vinquotidien.com\/fr\/wp-json\/wp\/v2\/comments?post=5334"}],"wp:featuredmedia":[{"embeddable":true,"href":"https:\/\/www.vinquotidien.com\/fr\/wp-json\/wp\/v2\/media\/5335"}],"wp:attachment":[{"href":"https:\/\/www.vinquotidien.com\/fr\/wp-json\/wp\/v2\/media?parent=5334"}],"wp:term":[{"taxonomy":"product_brand","embeddable":true,"href":"https:\/\/www.vinquotidien.com\/fr\/wp-json\/wp\/v2\/product_brand?post=5334"},{"taxonomy":"product_cat","embeddable":true,"href":"https:\/\/www.vinquotidien.com\/fr\/wp-json\/wp\/v2\/product_cat?post=5334"},{"taxonomy":"product_tag","embeddable":true,"href":"https:\/\/www.vinquotidien.com\/fr\/wp-json\/wp\/v2\/product_tag?post=5334"}],"curies":[{"name":"wp","href":"https:\/\/api.w.org\/{rel}","templated":true}]}}