{"id":5373,"date":"2022-09-14T09:53:56","date_gmt":"2022-09-14T07:53:56","guid":{"rendered":"https:\/\/www.vinquotidien.com\/?post_type=product&#038;p=5373"},"modified":"2025-10-28T14:47:11","modified_gmt":"2025-10-28T13:47:11","slug":"mon-village-2020-cote-rotie-domaine-stephane-ogier","status":"publish","type":"product","link":"https:\/\/www.vinquotidien.com\/fr\/produit\/mon-village-2020-cote-rotie-domaine-stephane-ogier\/","title":{"rendered":"Mon Village 2022 &#8211; C\u00f4te R\u00f4tie &#8211; Domaine St\u00e9phane Ogier"},"content":{"rendered":"<p><strong>Vigneron : <\/strong><br \/>\nDomaine St\u00e9phane Ogier<\/p>\n<p><strong>Appellation : <\/strong><br \/>\nC\u00f4te R\u00f4tie<\/p>\n<p><strong>R\u00e9gion :<\/strong><br \/>\nVall\u00e9e du Rh\u00f4ne Sud<\/p>\n<p><strong>R\u00e9compenses :<\/strong><br \/>\nRevue des Vins de France (RVF) : 95\/100<\/p>\n<p><strong>Et le vin\u2026<\/strong><br \/>\nC\u00e9pages: 96% Syrah, 4% Viognier<br \/>\nTerroir de granit et de schiste, assemblage de plusieurs lieux-dits situ\u00e9s en c\u00f4te brune et blonde<br \/>\nVendanges manuelles, tri \u00e0 la parcelle et table de tri \u00e0 l&rsquo;entr\u00e9e de la cuverie.<br \/>\nVinification de la cuv\u00e9e : 20% vendange enti\u00e8re, mac\u00e9ration \u00e0 froid en cuves inox thermor\u00e9gul\u00e9es et utilisation de levures indig\u00e8nes.<br \/>\n\u00c9levage de 18 mois en barriques dont 20 % de bois neuf<\/p>\n<p><strong>Et dans le verre\u2026<\/strong><br \/>\nRobe rubis-pourpre profonde et intense<br \/>\nAu nez, ar\u00f4mes de petits fruits rouges et noirs, de fleur, de menthe, et de tapenade<br \/>\nBouche riche et juteuse d\u2019une tr\u00e8s belle longueur \u00e9l\u00e9gante<\/p>\n<p><strong>Accords Mets &amp; Vins : <\/strong><br \/>\nAccompagnera \u00e0 merveille une \u00e9paule agneau confite ou un gibier en sauce<\/p>\n","protected":false},"excerpt":{"rendered":"<p><strong>Vigneron : <\/strong><br \/>\nDomaine St\u00e9phane Ogier<\/p>\n<p><strong>Appellation : <\/strong><br \/>\nC\u00f4te R\u00f4tie<\/p>\n<p><strong>R\u00e9gion :<\/strong><br \/>\nVall\u00e9e du Rh\u00f4ne Sud<\/p>\n<p><strong>R\u00e9compenses :<\/strong><br \/>\nRevue des Vins de France (RVF) : 95\/100<\/p>\n","protected":false},"featured_media":5374,"comment_status":"open","ping_status":"closed","template":"","meta":[],"product_brand":[],"product_cat":[25,90],"product_tag":[],"class_list":{"0":"post-5373","1":"product","2":"type-product","3":"status-publish","4":"has-post-thumbnail","6":"product_cat-vin-rouge","7":"product_cat-vip-corner","9":"first","10":"instock","11":"taxable","12":"shipping-taxable","13":"purchasable","14":"product-type-simple"},"group_of_quantity":1,"min_quantity":0,"max_quantity":"","exclude_order_quantity_value_rules":"yes","exclude_category_quantity_rules":"no","combine_variations":"no","_links":{"self":[{"href":"https:\/\/www.vinquotidien.com\/fr\/wp-json\/wp\/v2\/product\/5373","targetHints":{"allow":["GET"]}}],"collection":[{"href":"https:\/\/www.vinquotidien.com\/fr\/wp-json\/wp\/v2\/product"}],"about":[{"href":"https:\/\/www.vinquotidien.com\/fr\/wp-json\/wp\/v2\/types\/product"}],"replies":[{"embeddable":true,"href":"https:\/\/www.vinquotidien.com\/fr\/wp-json\/wp\/v2\/comments?post=5373"}],"wp:featuredmedia":[{"embeddable":true,"href":"https:\/\/www.vinquotidien.com\/fr\/wp-json\/wp\/v2\/media\/5374"}],"wp:attachment":[{"href":"https:\/\/www.vinquotidien.com\/fr\/wp-json\/wp\/v2\/media?parent=5373"}],"wp:term":[{"taxonomy":"product_brand","embeddable":true,"href":"https:\/\/www.vinquotidien.com\/fr\/wp-json\/wp\/v2\/product_brand?post=5373"},{"taxonomy":"product_cat","embeddable":true,"href":"https:\/\/www.vinquotidien.com\/fr\/wp-json\/wp\/v2\/product_cat?post=5373"},{"taxonomy":"product_tag","embeddable":true,"href":"https:\/\/www.vinquotidien.com\/fr\/wp-json\/wp\/v2\/product_tag?post=5373"}],"curies":[{"name":"wp","href":"https:\/\/api.w.org\/{rel}","templated":true}]}}