{"id":5383,"date":"2022-09-14T09:51:51","date_gmt":"2022-09-14T07:51:51","guid":{"rendered":"https:\/\/www.vinquotidien.com\/?post_type=product&#038;p=5383"},"modified":"2025-03-24T18:43:20","modified_gmt":"2025-03-24T17:43:20","slug":"la-vialliere-2016-cote-rotie-domaine-stephane-ogier","status":"publish","type":"product","link":"https:\/\/www.vinquotidien.com\/fr\/produit\/la-vialliere-2016-cote-rotie-domaine-stephane-ogier\/","title":{"rendered":"La Vialli\u00e8re 2016 &#8211; C\u00f4te R\u00f4tie &#8211; Domaine St\u00e9phane Ogier"},"content":{"rendered":"<p><strong>Sous allocation, nous contacter !<\/strong><\/p>\n<p><strong>Vigneron : <\/strong><br \/>\nDomaine St\u00e9phane Ogier<\/p>\n<p><strong>Appellation : <\/strong><br \/>\nC\u00f4te R\u00f4tie<\/p>\n<p><strong>R\u00e9gion :<\/strong><br \/>\nVall\u00e9e du Rh\u00f4ne Sud<\/p>\n<p><strong>R\u00e9compenses :<\/strong><br \/>\nRobert Parker \u2013 The Wine Advocate : 95\/100<\/p>\n<p><strong>Et le vin\u2026<\/strong><br \/>\nC\u00e9pages: 100% Syrah<br \/>\nSols bruns compos\u00e9s de micaschiste, coteaux en exposition sud-est oscillant \u00e0 200 m\u00e8tres d\u2019altitude<br \/>\nVendanges manuelles, tri \u00e0 la parcelle et table de tri \u00e0 l&rsquo;entr\u00e9e de la cuverie.<br \/>\nLa vinification sur vendange enti\u00e8re s\u2019op\u00e8re par levure indig\u00e8nes, avant un \u00e9levage de 20 mois en f\u00fbts de ch\u00eane comprenant 20% de bois neuf<\/p>\n<p><strong>Et dans le verre\u2026<\/strong><br \/>\nRobe pourpre profond teint\u00e9 de reflets violets<br \/>\nNez gourmand et intense de m\u00fbre et de cassis relev\u00e9 de fleurs s\u00e9ch\u00e9es et de touches de fum\u00e9e<br \/>\nConcentration de grande classe pour la bouche avec des tanins velout\u00e9s et sophistiqu\u00e9s qui \u00e9voluent sur une finale harmonieuse, savoureuse et rac\u00e9e<\/p>\n<p><strong>Accords Mets &amp; Vins : <\/strong><br \/>\nTest\u00e9 et approuv\u00e9 sur un Filet de sanglier au poivre<\/p>\n","protected":false},"excerpt":{"rendered":"<p><strong>Sous allocation, nous contacter !<\/strong><\/p>\n<p><strong>Vigneron : <\/strong><br \/>\nDomaine St\u00e9phane Ogier<\/p>\n<p><strong>Appellation : <\/strong><br \/>\nC\u00f4te R\u00f4tie<\/p>\n<p><strong>R\u00e9gion :<\/strong><br \/>\nVall\u00e9e du Rh\u00f4ne Sud<\/p>\n<p><strong>R\u00e9compenses :<\/strong><br \/>\nRobert Parker \u2013 The Wine Advocate : 95\/100<\/p>\n","protected":false},"featured_media":5384,"comment_status":"open","ping_status":"closed","template":"","meta":[],"product_brand":[],"product_cat":[25,90],"product_tag":[],"class_list":{"0":"post-5383","1":"product","2":"type-product","3":"status-publish","4":"has-post-thumbnail","6":"product_cat-vin-rouge","7":"product_cat-vip-corner","9":"first","10":"instock","11":"taxable","12":"shipping-taxable","13":"purchasable","14":"product-type-simple"},"group_of_quantity":1,"min_quantity":0,"max_quantity":"","exclude_order_quantity_value_rules":"yes","exclude_category_quantity_rules":"no","combine_variations":"no","_links":{"self":[{"href":"https:\/\/www.vinquotidien.com\/fr\/wp-json\/wp\/v2\/product\/5383","targetHints":{"allow":["GET"]}}],"collection":[{"href":"https:\/\/www.vinquotidien.com\/fr\/wp-json\/wp\/v2\/product"}],"about":[{"href":"https:\/\/www.vinquotidien.com\/fr\/wp-json\/wp\/v2\/types\/product"}],"replies":[{"embeddable":true,"href":"https:\/\/www.vinquotidien.com\/fr\/wp-json\/wp\/v2\/comments?post=5383"}],"wp:featuredmedia":[{"embeddable":true,"href":"https:\/\/www.vinquotidien.com\/fr\/wp-json\/wp\/v2\/media\/5384"}],"wp:attachment":[{"href":"https:\/\/www.vinquotidien.com\/fr\/wp-json\/wp\/v2\/media?parent=5383"}],"wp:term":[{"taxonomy":"product_brand","embeddable":true,"href":"https:\/\/www.vinquotidien.com\/fr\/wp-json\/wp\/v2\/product_brand?post=5383"},{"taxonomy":"product_cat","embeddable":true,"href":"https:\/\/www.vinquotidien.com\/fr\/wp-json\/wp\/v2\/product_cat?post=5383"},{"taxonomy":"product_tag","embeddable":true,"href":"https:\/\/www.vinquotidien.com\/fr\/wp-json\/wp\/v2\/product_tag?post=5383"}],"curies":[{"name":"wp","href":"https:\/\/api.w.org\/{rel}","templated":true}]}}