{"id":5391,"date":"2022-09-14T10:02:55","date_gmt":"2022-09-14T08:02:55","guid":{"rendered":"https:\/\/www.vinquotidien.com\/?post_type=product&#038;p=5391"},"modified":"2025-11-03T11:28:53","modified_gmt":"2025-11-03T10:28:53","slug":"lancement-2018-cote-rotie-domaine-stephane-ogier","status":"publish","type":"product","link":"https:\/\/www.vinquotidien.com\/fr\/produit\/lancement-2018-cote-rotie-domaine-stephane-ogier\/","title":{"rendered":"Lancement 2018\/19\/20 &#8211; C\u00f4te R\u00f4tie &#8211; Domaine St\u00e9phane Ogier"},"content":{"rendered":"<p><strong>Sous allocation, nous contacter !<\/strong><\/p>\n<p><strong>Vigneron : <\/strong><br \/>\nDomaine St\u00e9phane Ogier<\/p>\n<p><strong>Appellation : <\/strong><br \/>\nC\u00f4te R\u00f4tie<\/p>\n<p><strong>R\u00e9gion :<\/strong><br \/>\nVall\u00e9e du Rh\u00f4ne Sud<\/p>\n<p><strong>R\u00e9compenses :<br \/>\n<\/strong>Wine Spectator: 97\/100<br \/>\nRobert Parker \u2013 Wine Advocate: 95\/100<strong><br \/>\n<\/strong><\/p>\n<p><strong>Et le vin\u2026<\/strong><br \/>\nC\u00e9pages: 100% Syrah<br \/>\nIssu d&rsquo;une petite parcelle d&rsquo;un hectare expos\u00e9e plein sud, plant\u00e9e en 1977 et compos\u00e9e de sol granitique, typique de la C\u00f4te Blonde<br \/>\nLes vendanges sont manuelles, les levures sont indig\u00e8nes<br \/>\nLa cuv\u00e9e est \u00e9grapp\u00e9e enti\u00e8rement avant de subir une mac\u00e9ration pr\u00e9 fermentaire \u00e0 froid, un pigeage, un remontage durant la fermentation alcoolique, puis une mac\u00e9ration post-fermentaire<br \/>\nElevage de 20 mois en f\u00fbt de ch\u00eane fran\u00e7ais, dont 50% de bois neuf<\/p>\n<p><strong>Et dans le verre\u2026<\/strong><br \/>\nEclatante couleur grenat intense<br \/>\nNez velout\u00e9 et complexe m\u00ealant fruits noirs, \u00e9pices et touches florales. Des notes app\u00e9tissantes de lard fum\u00e9<br \/>\nLa structure est dense dans un toucher de bouche velout\u00e9 et incroyablement savoureux rappelant nettement les ar\u00f4mes du nez<\/p>\n<p><strong>Accords Mets &amp; Vins : <\/strong><br \/>\nUn grand vin qui se mariera avec de grands mets tel que le Li\u00e8vre \u00e0 la Royale<\/p>\n","protected":false},"excerpt":{"rendered":"<p><strong>Sous allocation, nous contacter !<\/strong><\/p>\n<p><strong>Vigneron : <\/strong><br \/>\nDomaine St\u00e9phane Ogier<\/p>\n<p><strong>Appellation : <\/strong><br \/>\nC\u00f4te R\u00f4tie<\/p>\n<p><strong>R\u00e9gion :<\/strong><br \/>\nVall\u00e9e du Rh\u00f4ne Sud<\/p>\n<p><strong>R\u00e9compenses :<br \/>\n<\/strong>Wine Spectator: 97\/100<br \/>\nRobert Parker \u2013 Wine Advocate: 95\/100<\/p>\n<p>&nbsp;<\/p>\n","protected":false},"featured_media":5392,"comment_status":"open","ping_status":"closed","template":"","meta":[],"product_brand":[],"product_cat":[25,90],"product_tag":[],"class_list":{"0":"post-5391","1":"product","2":"type-product","3":"status-publish","4":"has-post-thumbnail","6":"product_cat-vin-rouge","7":"product_cat-vip-corner","9":"first","10":"instock","11":"taxable","12":"shipping-taxable","13":"purchasable","14":"product-type-simple"},"group_of_quantity":1,"min_quantity":0,"max_quantity":"","exclude_order_quantity_value_rules":"yes","exclude_category_quantity_rules":"no","combine_variations":"no","_links":{"self":[{"href":"https:\/\/www.vinquotidien.com\/fr\/wp-json\/wp\/v2\/product\/5391","targetHints":{"allow":["GET"]}}],"collection":[{"href":"https:\/\/www.vinquotidien.com\/fr\/wp-json\/wp\/v2\/product"}],"about":[{"href":"https:\/\/www.vinquotidien.com\/fr\/wp-json\/wp\/v2\/types\/product"}],"replies":[{"embeddable":true,"href":"https:\/\/www.vinquotidien.com\/fr\/wp-json\/wp\/v2\/comments?post=5391"}],"wp:featuredmedia":[{"embeddable":true,"href":"https:\/\/www.vinquotidien.com\/fr\/wp-json\/wp\/v2\/media\/5392"}],"wp:attachment":[{"href":"https:\/\/www.vinquotidien.com\/fr\/wp-json\/wp\/v2\/media?parent=5391"}],"wp:term":[{"taxonomy":"product_brand","embeddable":true,"href":"https:\/\/www.vinquotidien.com\/fr\/wp-json\/wp\/v2\/product_brand?post=5391"},{"taxonomy":"product_cat","embeddable":true,"href":"https:\/\/www.vinquotidien.com\/fr\/wp-json\/wp\/v2\/product_cat?post=5391"},{"taxonomy":"product_tag","embeddable":true,"href":"https:\/\/www.vinquotidien.com\/fr\/wp-json\/wp\/v2\/product_tag?post=5391"}],"curies":[{"name":"wp","href":"https:\/\/api.w.org\/{rel}","templated":true}]}}