{"id":5395,"date":"2022-09-14T09:45:48","date_gmt":"2022-09-14T07:45:48","guid":{"rendered":"https:\/\/www.vinquotidien.com\/?post_type=product&#038;p=5395"},"modified":"2026-02-02T15:35:10","modified_gmt":"2026-02-02T14:35:10","slug":"le-passage-2020-saint-joseph-domaine-stephane-ogier","status":"publish","type":"product","link":"https:\/\/www.vinquotidien.com\/fr\/produit\/le-passage-2020-saint-joseph-domaine-stephane-ogier\/","title":{"rendered":"Le Passage 2022- Saint Joseph &#8211; Domaine St\u00e9phane Ogier"},"content":{"rendered":"<p><strong>Vigneron : <\/strong><br \/>\nDomaine St\u00e9phane Ogier<\/p>\n<p><strong>Appellation : <\/strong><br \/>\nSaint Joseph<\/p>\n<p><strong>R\u00e9gion :<\/strong><br \/>\nVall\u00e9e du Rh\u00f4ne Nord<\/p>\n<p><strong>Et le vin\u2026<\/strong><br \/>\nC\u00e9pages: 100% Syrah<br \/>\nIssu d\u2019une parcelle de sol granitique de seulement 5 ares dans la partie nord de l\u2019appellation, pr\u00e8s de Condrieu<br \/>\nVendanges manuelles, tri \u00e0 la parcelle et table de tri \u00e0 l&rsquo;entr\u00e9e de la cuverie<br \/>\nCulture raisonn\u00e9e, travail partiel du sol \u00e0 cheval<br \/>\nEgrappage et mac\u00e9ration \u00e0 froid en cuves inox thermor\u00e9gul\u00e9es, utilisation de levures indig\u00e8nes<br \/>\nElevage de 18 mois en barrique dont 10% de bois neuf<\/p>\n<p><strong>Et dans le verre\u2026<\/strong><br \/>\nJolie robe pourpre fonc\u00e9e<br \/>\nNez de fruits rouges laissant transpara\u00eetre des notes poivr\u00e9es et r\u00e9gliss\u00e9es avec des accords sudistes d&rsquo;olives noires et de senteurs sauvages<br \/>\nLa bouche est soyeuse et ronde, port\u00e9e par un gainage tannique juste et se termine sur une finale longue et envoutante<\/p>\n<p><strong>Accords Mets &amp; Vins : <\/strong><br \/>\nParfait pour accompagner quelques cailles mijot\u00e9es avec des raisins<\/p>\n","protected":false},"excerpt":{"rendered":"<p><strong>Vigneron : <\/strong><br \/>\nDomaine St\u00e9phane Ogier<\/p>\n<p><strong>Appellation : <\/strong><br \/>\nSaint Joseph<\/p>\n<p><strong>R\u00e9gion :<\/strong><br \/>\nVall\u00e9e du Rh\u00f4ne Sud<\/p>\n","protected":false},"featured_media":5396,"comment_status":"open","ping_status":"closed","template":"","meta":[],"product_brand":[],"product_cat":[25],"product_tag":[],"class_list":{"0":"post-5395","1":"product","2":"type-product","3":"status-publish","4":"has-post-thumbnail","6":"product_cat-vin-rouge","8":"first","9":"instock","10":"taxable","11":"shipping-taxable","12":"purchasable","13":"product-type-simple"},"group_of_quantity":6,"min_quantity":0,"max_quantity":"","exclude_order_quantity_value_rules":"no","exclude_category_quantity_rules":"no","combine_variations":"no","_links":{"self":[{"href":"https:\/\/www.vinquotidien.com\/fr\/wp-json\/wp\/v2\/product\/5395","targetHints":{"allow":["GET"]}}],"collection":[{"href":"https:\/\/www.vinquotidien.com\/fr\/wp-json\/wp\/v2\/product"}],"about":[{"href":"https:\/\/www.vinquotidien.com\/fr\/wp-json\/wp\/v2\/types\/product"}],"replies":[{"embeddable":true,"href":"https:\/\/www.vinquotidien.com\/fr\/wp-json\/wp\/v2\/comments?post=5395"}],"wp:featuredmedia":[{"embeddable":true,"href":"https:\/\/www.vinquotidien.com\/fr\/wp-json\/wp\/v2\/media\/5396"}],"wp:attachment":[{"href":"https:\/\/www.vinquotidien.com\/fr\/wp-json\/wp\/v2\/media?parent=5395"}],"wp:term":[{"taxonomy":"product_brand","embeddable":true,"href":"https:\/\/www.vinquotidien.com\/fr\/wp-json\/wp\/v2\/product_brand?post=5395"},{"taxonomy":"product_cat","embeddable":true,"href":"https:\/\/www.vinquotidien.com\/fr\/wp-json\/wp\/v2\/product_cat?post=5395"},{"taxonomy":"product_tag","embeddable":true,"href":"https:\/\/www.vinquotidien.com\/fr\/wp-json\/wp\/v2\/product_tag?post=5395"}],"curies":[{"name":"wp","href":"https:\/\/api.w.org\/{rel}","templated":true}]}}