{"id":5446,"date":"2022-09-15T12:13:17","date_gmt":"2022-09-15T10:13:17","guid":{"rendered":"https:\/\/www.vinquotidien.com\/?post_type=product&#038;p=5446"},"modified":"2025-03-24T18:00:55","modified_gmt":"2025-03-24T17:00:55","slug":"armagnac-xo-carafe-premium-veuve-goudoulin-distillerie-g-miclo","status":"publish","type":"product","link":"https:\/\/www.vinquotidien.com\/fr\/produit\/armagnac-xo-carafe-premium-veuve-goudoulin-distillerie-g-miclo\/","title":{"rendered":"Armagnac XO &#8211; Carafe Premium Veuve Goudoulin &#8211; Distillerie G. Miclo"},"content":{"rendered":"<p><strong>Distillerie : <\/strong><br \/>\nDistillerie J. Goudoulin<\/p>\n<p><strong>D\u00e9nomination \/ Appellation :<\/strong><br \/>\nArmagnac XO<\/p>\n<p><strong>R\u00e9gion :<\/strong><br \/>\nGascogne<\/p>\n<p><strong>Et l\u2019Eau-de-vie\u2026<\/strong><br \/>\nL\u2019armagnac est le r\u00e9sultat de la distillation de vins blancs secs, issus principalement de trois c\u00e9pages : l\u2019Ugni Blanc, le Baco Blanc et la Folle-Blanche<br \/>\nApr\u00e8s vinification, les jus sont distill\u00e9s en alambic armagnacais<br \/>\nLe vieillissement est effectu\u00e9 en f\u00fbts de ch\u00eane et une fois l\u2019eau-de-vie \u00e0 maturit\u00e9, le ma\u00eetre de chai proc\u00e8de \u00e0 l\u2019assemblage en s\u00e9lectionnant des f\u00fbts ayant tous \u00e9t\u00e9s distill\u00e9s la m\u00eame ann\u00e9e, mais provenant d\u2019un ou plusieurs c\u00e9pages<br \/>\nIl s\u2019agit ici d\u2019un des Armagnacs exclusifs ! C&rsquo;est un assemblage des meilleurs Armagnacs dont le plus jeune a minimum 30 ans<br \/>\n70cl \/ 40 % vol<\/p>\n<p><strong>Et dans le verre\u2026<\/strong><br \/>\nBelle couleur ambr\u00e9e aux reflets acajou<br \/>\nLe nez d&rsquo;une grande complexit\u00e9 nous s\u00e9duit par ses nuances exotiques de jasmin et de fleur d&rsquo;oranger avec un fond de pruneaux et un voile balsamique<br \/>\nLa bouche toujours chaude r\u00e9v\u00e8le une grande ampleur, on retrouve le pruneau, le r\u00e9glisse et l&rsquo;amande am\u00e8re<br \/>\nLes notes de tabac persistent en finale<\/p>\n<p><strong>Conseils de d\u00e9gustation :<\/strong><br \/>\nPour le pousse-caf\u00e9<br \/>\nIl est conseill\u00e9 de le d\u00e9guster \u00e0 temp\u00e9rature ambiante, de pr\u00e9f\u00e9rence dans de petits verres au col un peu referm\u00e9 afin d\u2019en concentrer les ar\u00f4mes<br \/>\nVous pouvez \u00e9galement chauffer le verre dans le creux de la main, afin d\u2019en concentrer les ar\u00f4mes<\/p>\n","protected":false},"excerpt":{"rendered":"<p><strong>Distillerie : <\/strong><br \/>\nDistillerie J. Goudoulin<\/p>\n<p><strong>D\u00e9nomination \/ Appellation :<\/strong><br \/>\nArmagnac XO<\/p>\n<p><strong>R\u00e9gion :<\/strong><br \/>\nGascogne<\/p>\n","protected":false},"featured_media":5447,"comment_status":"open","ping_status":"closed","template":"","meta":[],"product_brand":[],"product_cat":[83,100,90],"product_tag":[],"class_list":{"0":"post-5446","1":"product","2":"type-product","3":"status-publish","4":"has-post-thumbnail","6":"product_cat-spiritueux","7":"product_cat-vente-a-lunite","8":"product_cat-vip-corner","10":"first","11":"instock","12":"taxable","13":"shipping-taxable","14":"purchasable","15":"product-type-simple"},"group_of_quantity":1,"min_quantity":0,"max_quantity":"","exclude_order_quantity_value_rules":"yes","exclude_category_quantity_rules":"no","combine_variations":"no","_links":{"self":[{"href":"https:\/\/www.vinquotidien.com\/fr\/wp-json\/wp\/v2\/product\/5446","targetHints":{"allow":["GET"]}}],"collection":[{"href":"https:\/\/www.vinquotidien.com\/fr\/wp-json\/wp\/v2\/product"}],"about":[{"href":"https:\/\/www.vinquotidien.com\/fr\/wp-json\/wp\/v2\/types\/product"}],"replies":[{"embeddable":true,"href":"https:\/\/www.vinquotidien.com\/fr\/wp-json\/wp\/v2\/comments?post=5446"}],"wp:featuredmedia":[{"embeddable":true,"href":"https:\/\/www.vinquotidien.com\/fr\/wp-json\/wp\/v2\/media\/5447"}],"wp:attachment":[{"href":"https:\/\/www.vinquotidien.com\/fr\/wp-json\/wp\/v2\/media?parent=5446"}],"wp:term":[{"taxonomy":"product_brand","embeddable":true,"href":"https:\/\/www.vinquotidien.com\/fr\/wp-json\/wp\/v2\/product_brand?post=5446"},{"taxonomy":"product_cat","embeddable":true,"href":"https:\/\/www.vinquotidien.com\/fr\/wp-json\/wp\/v2\/product_cat?post=5446"},{"taxonomy":"product_tag","embeddable":true,"href":"https:\/\/www.vinquotidien.com\/fr\/wp-json\/wp\/v2\/product_tag?post=5446"}],"curies":[{"name":"wp","href":"https:\/\/api.w.org\/{rel}","templated":true}]}}