{"id":5473,"date":"2022-09-15T16:14:14","date_gmt":"2022-09-15T14:14:14","guid":{"rendered":"https:\/\/www.vinquotidien.com\/?post_type=product&#038;p=5473"},"modified":"2025-03-24T18:00:30","modified_gmt":"2025-03-24T17:00:30","slug":"bas-armagnac-veuve-goudoulin-reserve-pot-2-5l-g-miclo","status":"publish","type":"product","link":"https:\/\/www.vinquotidien.com\/fr\/produit\/bas-armagnac-veuve-goudoulin-reserve-pot-2-5l-g-miclo\/","title":{"rendered":"Bas-Armagnac Veuve Goudoulin R\u00e9serve &#8211; Pot 2.5L &#8211; G. Miclo"},"content":{"rendered":"<p><strong>Producteur : <\/strong><br \/>\nDistillerie J. Goudoulin<\/p>\n<p><strong>D\u00e9nomination \/ Appellation : <\/strong><br \/>\nBas-Armagnac<\/p>\n<p><strong>R\u00e9gion :<\/strong><br \/>\nGascogne<\/p>\n<p><strong>Et l\u2019Eaux-de-vie\u2026<\/strong><br \/>\nLe bas-armagnac est le r\u00e9sultat de la distillation de vins blancs secs, issus principalement de trois c\u00e9pages : l\u2019Ugni Blanc, le Baco Blanc et la Folle-Blanche<br \/>\nApr\u00e8s vinification, les jus sont distill\u00e9s en alambic armagnacais<br \/>\nLe vieillissement est effectu\u00e9 en f\u00fbts de ch\u00eane et une fois l\u2019eau-de-vie \u00e0 maturit\u00e9, le ma\u00eetre de chai proc\u00e8de \u00e0 l\u2019assemblage en s\u00e9lectionnant des f\u00fbts ayant tous \u00e9t\u00e9s distill\u00e9s la m\u00eame ann\u00e9e, mais provenant d\u2019un ou plusieurs c\u00e9pages<br \/>\n2,5L \/ 40 % vol<\/p>\n<p><strong>Et dans le verre\u2026<\/strong><br \/>\nBelle teinte paille d\u2019or<br \/>\nAu nez des fruits \u00e0 chair blanches, un l\u00e9ger vanill\u00e9 et quelques baies roses<br \/>\nLa bouche tr\u00e8s fraiche et vive est marqu\u00e9e par des notes bois\u00e9es sur une pointe de poivron et de prune<\/p>\n<p><strong>Conseils de d\u00e9gustation :<\/strong><br \/>\nIl sera tr\u00e8s appr\u00e9ci\u00e9 tel quel ou en cocktail<br \/>\nIl est conseill\u00e9 de le d\u00e9guster \u00e0 temp\u00e9rature ambiante, de pr\u00e9f\u00e9rence dans de petits verres au col un peu referm\u00e9 afin d\u2019en concentrer les ar\u00f4mes<br \/>\nVous pouvez \u00e9galement chauffer le verre dans le creux de la main, afin d\u2019en concentrer les ar\u00f4mes<\/p>\n","protected":false},"excerpt":{"rendered":"<p><strong>Producteur : <\/strong><br \/>\nDistillerie J. Goudoulin<\/p>\n<p><strong>D\u00e9nomination \/ Appellation : <\/strong><br \/>\nBas-Armagnac<\/p>\n<p><strong>R\u00e9gion :<\/strong><br \/>\nGascogne<\/p>\n","protected":false},"featured_media":5470,"comment_status":"open","ping_status":"closed","template":"","meta":[],"product_brand":[],"product_cat":[83,100,90],"product_tag":[],"class_list":{"0":"post-5473","1":"product","2":"type-product","3":"status-publish","4":"has-post-thumbnail","6":"product_cat-spiritueux","7":"product_cat-vente-a-lunite","8":"product_cat-vip-corner","10":"first","11":"instock","12":"taxable","13":"shipping-taxable","14":"purchasable","15":"product-type-simple"},"group_of_quantity":1,"min_quantity":0,"max_quantity":"","exclude_order_quantity_value_rules":"yes","exclude_category_quantity_rules":"no","combine_variations":"no","_links":{"self":[{"href":"https:\/\/www.vinquotidien.com\/fr\/wp-json\/wp\/v2\/product\/5473","targetHints":{"allow":["GET"]}}],"collection":[{"href":"https:\/\/www.vinquotidien.com\/fr\/wp-json\/wp\/v2\/product"}],"about":[{"href":"https:\/\/www.vinquotidien.com\/fr\/wp-json\/wp\/v2\/types\/product"}],"replies":[{"embeddable":true,"href":"https:\/\/www.vinquotidien.com\/fr\/wp-json\/wp\/v2\/comments?post=5473"}],"wp:featuredmedia":[{"embeddable":true,"href":"https:\/\/www.vinquotidien.com\/fr\/wp-json\/wp\/v2\/media\/5470"}],"wp:attachment":[{"href":"https:\/\/www.vinquotidien.com\/fr\/wp-json\/wp\/v2\/media?parent=5473"}],"wp:term":[{"taxonomy":"product_brand","embeddable":true,"href":"https:\/\/www.vinquotidien.com\/fr\/wp-json\/wp\/v2\/product_brand?post=5473"},{"taxonomy":"product_cat","embeddable":true,"href":"https:\/\/www.vinquotidien.com\/fr\/wp-json\/wp\/v2\/product_cat?post=5473"},{"taxonomy":"product_tag","embeddable":true,"href":"https:\/\/www.vinquotidien.com\/fr\/wp-json\/wp\/v2\/product_tag?post=5473"}],"curies":[{"name":"wp","href":"https:\/\/api.w.org\/{rel}","templated":true}]}}