{"id":5474,"date":"2022-09-15T16:32:48","date_gmt":"2022-09-15T14:32:48","guid":{"rendered":"https:\/\/www.vinquotidien.com\/?post_type=product&#038;p=5474"},"modified":"2025-03-24T18:00:21","modified_gmt":"2025-03-24T17:00:21","slug":"whisky-single-malt-tourbe-veuve-goudoulin-g-miclo","status":"publish","type":"product","link":"https:\/\/www.vinquotidien.com\/fr\/produit\/whisky-single-malt-tourbe-veuve-goudoulin-g-miclo\/","title":{"rendered":"Whisky Single Malt Tourb\u00e9 &#8211; Veuve Goudoulin &#8211; G. Miclo"},"content":{"rendered":"<p><strong>Producteur :<\/strong><br \/>\nDistillerie G. Miclo<\/p>\n<p><strong>D\u00e9nomination \/ Appellation :<\/strong><br \/>\nMalt Whisky<\/p>\n<p><strong>R\u00e9gion :<\/strong><br \/>\nAlsace<\/p>\n<p><strong>Et le Whisky\u2026<\/strong><br \/>\nIssu de la distillation d\u2019un brassin alsacien provenant d\u2019une orge pur malt s\u00e9lectionn\u00e9e<br \/>\npar la Distillerie Miclo<br \/>\nMaturation en f\u00fbts de ch\u00eane ayant contenu des bas-armagnacs mill\u00e9sim\u00e9s prim\u00e9s<br \/>\nDensit\u00e9 de tourbe : assez tourb\u00e9 (+\/- 35 ppm)<br \/>\n70 cl \/ 43 % vol<\/p>\n<p><strong>Et dans le verre\u2026<\/strong><br \/>\nCouleur or clair limpide<br \/>\nNez tr\u00e8s complexe o\u00f9 les accents tourb\u00e9s sont contrebalanc\u00e9s par des notes miell\u00e9es teint\u00e9es de fruits secs<br \/>\nEn bouche, le gras est tr\u00e8s agr\u00e9able, la tourbe est pr\u00e9sente mais cohabite discr\u00e8tement<br \/>\navec des c\u00e9r\u00e9ales grill\u00e9es<br \/>\nLe tourb\u00e9 tout en rondeur persiste pendant de longues secondes<\/p>\n<p><strong>Conseils de d\u00e9gustation :<\/strong><br \/>\nEn pousse-caf\u00e9 ou \u00e0 la veill\u00e9e. A essayer avec des huitres et du saumon fum\u00e9<\/p>\n","protected":false},"excerpt":{"rendered":"<p><strong>Producteur :<\/strong><br \/>\nDistillerie G. Miclo<\/p>\n<p><strong>D\u00e9nomination \/ Appellation :<\/strong><br \/>\nMalt Whisky<\/p>\n<p><strong>R\u00e9gion :<\/strong><br \/>\nAlsace<\/p>\n","protected":false},"featured_media":5479,"comment_status":"open","ping_status":"closed","template":"","meta":[],"product_brand":[],"product_cat":[83,100,90],"product_tag":[],"class_list":{"0":"post-5474","1":"product","2":"type-product","3":"status-publish","4":"has-post-thumbnail","6":"product_cat-spiritueux","7":"product_cat-vente-a-lunite","8":"product_cat-vip-corner","10":"first","11":"instock","12":"taxable","13":"shipping-taxable","14":"purchasable","15":"product-type-simple"},"group_of_quantity":1,"min_quantity":0,"max_quantity":"","exclude_order_quantity_value_rules":"yes","exclude_category_quantity_rules":"no","combine_variations":"no","_links":{"self":[{"href":"https:\/\/www.vinquotidien.com\/fr\/wp-json\/wp\/v2\/product\/5474","targetHints":{"allow":["GET"]}}],"collection":[{"href":"https:\/\/www.vinquotidien.com\/fr\/wp-json\/wp\/v2\/product"}],"about":[{"href":"https:\/\/www.vinquotidien.com\/fr\/wp-json\/wp\/v2\/types\/product"}],"replies":[{"embeddable":true,"href":"https:\/\/www.vinquotidien.com\/fr\/wp-json\/wp\/v2\/comments?post=5474"}],"wp:featuredmedia":[{"embeddable":true,"href":"https:\/\/www.vinquotidien.com\/fr\/wp-json\/wp\/v2\/media\/5479"}],"wp:attachment":[{"href":"https:\/\/www.vinquotidien.com\/fr\/wp-json\/wp\/v2\/media?parent=5474"}],"wp:term":[{"taxonomy":"product_brand","embeddable":true,"href":"https:\/\/www.vinquotidien.com\/fr\/wp-json\/wp\/v2\/product_brand?post=5474"},{"taxonomy":"product_cat","embeddable":true,"href":"https:\/\/www.vinquotidien.com\/fr\/wp-json\/wp\/v2\/product_cat?post=5474"},{"taxonomy":"product_tag","embeddable":true,"href":"https:\/\/www.vinquotidien.com\/fr\/wp-json\/wp\/v2\/product_tag?post=5474"}],"curies":[{"name":"wp","href":"https:\/\/api.w.org\/{rel}","templated":true}]}}