{"id":5793,"date":"2022-12-05T11:00:45","date_gmt":"2022-12-05T10:00:45","guid":{"rendered":"https:\/\/www.vinquotidien.com\/?post_type=product&#038;p=5793"},"modified":"2025-10-23T09:43:12","modified_gmt":"2025-10-23T07:43:12","slug":"chablis-2019-eleonore-moreau-domaine-des-peregrins","status":"publish","type":"product","link":"https:\/\/www.vinquotidien.com\/fr\/produit\/chablis-2019-eleonore-moreau-domaine-des-peregrins\/","title":{"rendered":"Chablis 2022 &#8211; Domaine des P\u00e9r\u00e9grins &#8211; El\u00e9onore Moreau"},"content":{"rendered":"<p><strong>Vigneron : <\/strong><br \/>\nDomaine Moreau et Fille &#8211; Domaine des P\u00e9r\u00e9grins<\/p>\n<p><strong>Appellation : <\/strong><br \/>\nChablis<\/p>\n<p><strong>R\u00e9gion : <\/strong><br \/>\nBourgogne<\/p>\n<p><strong>Et le vin\u2026<\/strong><br \/>\nC\u00e9page : 100% Chardonnay<br \/>\nSols calcaires sur Portlandien, altitude moyenne de 280 m\u00e8tres.<br \/>\nVignoble relativement plat avec une bonne exposition au soleil.<br \/>\nVendanges m\u00e9caniques, fermentations alcooliques et malolactiques \u00e0 100%<br \/>\nElevage long (15 mois) sur lies en cuves inox thermo r\u00e9gul\u00e9es avec peu d&rsquo;interventions pendant la vinification.<\/p>\n<p><strong>Et dans le verre\u2026<\/strong><br \/>\nRobe jaune brillante.<br \/>\nNez fruit\u00e9, min\u00e9ral, finement \u00e9pic\u00e9, et bouche tr\u00e8s pure, transport\u00e9e par une min\u00e9ralit\u00e9 puissante.<br \/>\nUn vin de caract\u00e8re !<\/p>\n<p><strong>Accords Mets &amp; Vins : <\/strong><br \/>\nIl accompagnera parfaitement des poissons blancs, de la volaille et particuli\u00e8rement des plats \u00e0 base de p\u00e2te feuillet\u00e9e et de champignons.<\/p>\n","protected":false},"excerpt":{"rendered":"<p><strong>Vigneron : <\/strong><br \/>\nDomaine Moreau et Fille &#8211; Domaine des P\u00e9r\u00e9grins<\/p>\n<p><strong>Appellation : <\/strong><br \/>\nChablis<\/p>\n<p><strong>R\u00e9gion : <\/strong><br \/>\nBourgogne<\/p>\n","protected":false},"featured_media":8102,"comment_status":"open","ping_status":"closed","template":"","meta":[],"product_brand":[],"product_cat":[26],"product_tag":[],"class_list":{"0":"post-5793","1":"product","2":"type-product","3":"status-publish","4":"has-post-thumbnail","6":"product_cat-vin-blanc","8":"first","9":"instock","10":"taxable","11":"shipping-taxable","12":"purchasable","13":"product-type-simple"},"group_of_quantity":6,"min_quantity":0,"max_quantity":"","exclude_order_quantity_value_rules":"no","exclude_category_quantity_rules":"no","combine_variations":"no","_links":{"self":[{"href":"https:\/\/www.vinquotidien.com\/fr\/wp-json\/wp\/v2\/product\/5793","targetHints":{"allow":["GET"]}}],"collection":[{"href":"https:\/\/www.vinquotidien.com\/fr\/wp-json\/wp\/v2\/product"}],"about":[{"href":"https:\/\/www.vinquotidien.com\/fr\/wp-json\/wp\/v2\/types\/product"}],"replies":[{"embeddable":true,"href":"https:\/\/www.vinquotidien.com\/fr\/wp-json\/wp\/v2\/comments?post=5793"}],"wp:featuredmedia":[{"embeddable":true,"href":"https:\/\/www.vinquotidien.com\/fr\/wp-json\/wp\/v2\/media\/8102"}],"wp:attachment":[{"href":"https:\/\/www.vinquotidien.com\/fr\/wp-json\/wp\/v2\/media?parent=5793"}],"wp:term":[{"taxonomy":"product_brand","embeddable":true,"href":"https:\/\/www.vinquotidien.com\/fr\/wp-json\/wp\/v2\/product_brand?post=5793"},{"taxonomy":"product_cat","embeddable":true,"href":"https:\/\/www.vinquotidien.com\/fr\/wp-json\/wp\/v2\/product_cat?post=5793"},{"taxonomy":"product_tag","embeddable":true,"href":"https:\/\/www.vinquotidien.com\/fr\/wp-json\/wp\/v2\/product_tag?post=5793"}],"curies":[{"name":"wp","href":"https:\/\/api.w.org\/{rel}","templated":true}]}}