{"id":5798,"date":"2022-12-05T11:03:25","date_gmt":"2022-12-05T10:03:25","guid":{"rendered":"https:\/\/www.vinquotidien.com\/?post_type=product&#038;p=5798"},"modified":"2025-03-24T15:59:14","modified_gmt":"2025-03-24T14:59:14","slug":"chablis-vieilles-vignes-2020-eleonore-moreau-domaine-des-peregrins","status":"publish","type":"product","link":"https:\/\/www.vinquotidien.com\/fr\/produit\/chablis-vieilles-vignes-2020-eleonore-moreau-domaine-des-peregrins\/","title":{"rendered":"Chablis Vieilles Vignes 2020 &#8211; El\u00e9onore Moreau -Domaine des P\u00e9r\u00e9grins"},"content":{"rendered":"<p><strong>Vigneron : <\/strong><br \/>\nDomaine Moreau et Fille &#8211; Domaine des P\u00e9r\u00e9grins<\/p>\n<p><strong>Appellation : <\/strong><br \/>\nChablis<\/p>\n<p><strong>R\u00e9gion : <\/strong><br \/>\nBourgogne<\/p>\n<p><strong>Et le vin\u2026<\/strong><br \/>\nC\u00e9page : 100% Chardonnay<br \/>\nSols calcaires sur Portlandien, altitude moyenne de 280 m\u00e8tres.<br \/>\nAge des vignes : 40 ans<br \/>\nVignoble relativement plat avec une bonne exposition au soleil.<br \/>\nVendanges m\u00e9caniques, fermentations alcooliques et malolactiques \u00e0 100%<br \/>\nElevage long (20 mois) sur lies en cuves inox thermo r\u00e9gul\u00e9es avec peu d&rsquo;interventions pendant la vinification.<\/p>\n<p><strong>Et dans le verre\u2026<\/strong><br \/>\nUne cuv\u00e9e \u00e9l\u00e9gante \u00e0 tout point de vue.<br \/>\nUne robe dor\u00e9e et brillante.<br \/>\nUne \u00e9l\u00e9gance au nez avec des parfums de fleurs blanches et de fruits frais.<br \/>\nEt une bouche qui s&rsquo;exprime sur la fra\u00eecheur min\u00e9rale, tout en finesse et \u00e9l\u00e9gance.<\/p>\n<p><strong>Accords Mets &amp; Vins : <\/strong><br \/>\nEpatant sur un feuillet\u00e9e de ris de veau aux morilles.<\/p>\n","protected":false},"excerpt":{"rendered":"<p><strong>Vigneron : <\/strong><br \/>\nDomaine Moreau et Fille &#8211; Domaine des P\u00e9r\u00e9grins<\/p>\n<p><strong>Appellation : <\/strong><br \/>\nChablis<\/p>\n<p><strong>R\u00e9gion : <\/strong><br \/>\nBourgogne<\/p>\n","protected":false},"featured_media":5843,"comment_status":"open","ping_status":"closed","template":"","meta":[],"product_brand":[],"product_cat":[26],"product_tag":[],"class_list":{"0":"post-5798","1":"product","2":"type-product","3":"status-publish","4":"has-post-thumbnail","6":"product_cat-vin-blanc","8":"first","9":"instock","10":"taxable","11":"shipping-taxable","12":"purchasable","13":"product-type-simple"},"group_of_quantity":6,"min_quantity":0,"max_quantity":"","exclude_order_quantity_value_rules":"no","exclude_category_quantity_rules":"no","combine_variations":"no","_links":{"self":[{"href":"https:\/\/www.vinquotidien.com\/fr\/wp-json\/wp\/v2\/product\/5798","targetHints":{"allow":["GET"]}}],"collection":[{"href":"https:\/\/www.vinquotidien.com\/fr\/wp-json\/wp\/v2\/product"}],"about":[{"href":"https:\/\/www.vinquotidien.com\/fr\/wp-json\/wp\/v2\/types\/product"}],"replies":[{"embeddable":true,"href":"https:\/\/www.vinquotidien.com\/fr\/wp-json\/wp\/v2\/comments?post=5798"}],"wp:featuredmedia":[{"embeddable":true,"href":"https:\/\/www.vinquotidien.com\/fr\/wp-json\/wp\/v2\/media\/5843"}],"wp:attachment":[{"href":"https:\/\/www.vinquotidien.com\/fr\/wp-json\/wp\/v2\/media?parent=5798"}],"wp:term":[{"taxonomy":"product_brand","embeddable":true,"href":"https:\/\/www.vinquotidien.com\/fr\/wp-json\/wp\/v2\/product_brand?post=5798"},{"taxonomy":"product_cat","embeddable":true,"href":"https:\/\/www.vinquotidien.com\/fr\/wp-json\/wp\/v2\/product_cat?post=5798"},{"taxonomy":"product_tag","embeddable":true,"href":"https:\/\/www.vinquotidien.com\/fr\/wp-json\/wp\/v2\/product_tag?post=5798"}],"curies":[{"name":"wp","href":"https:\/\/api.w.org\/{rel}","templated":true}]}}