{"id":5824,"date":"2022-12-05T10:56:55","date_gmt":"2022-12-05T09:56:55","guid":{"rendered":"https:\/\/www.vinquotidien.com\/?post_type=product&#038;p=5824"},"modified":"2025-03-24T18:39:27","modified_gmt":"2025-03-24T17:39:27","slug":"champagne-drappier-brut-nature-zero-dosage","status":"publish","type":"product","link":"https:\/\/www.vinquotidien.com\/fr\/produit\/champagne-drappier-brut-nature-zero-dosage\/","title":{"rendered":"Champagne Drappier &#8211; Brut Nature &#8211; Z\u00e9ro Dosage"},"content":{"rendered":"<p><strong>Vigneron : <\/strong><br \/>\nDrappier<\/p>\n<p><strong>Appellation : <\/strong><br \/>\nChampagne<\/p>\n<p><strong>R\u00e9gion :<\/strong><br \/>\nChampagne<\/p>\n<p><strong>R\u00e9compenses :<\/strong><\/p>\n<p><strong>Et le vin\u2026<\/strong><br \/>\nC\u00e9page : 100% Pinot Noir<br \/>\nSol calcaire Jurassique Kimm\u00e9ridgien d\u2019Urville<br \/>\nCulture durable, premi\u00e8re presse, vinification par gravit\u00e9.<br \/>\nD\u00e9bourbage naturel, levures bio du domaine.<br \/>\nElevage en bouteille de 36 mois.<br \/>\nNon filtr\u00e9 et non d\u00e9color\u00e9, moins de 30 mg\/l de sulfites.<br \/>\nDosage : 0 g\/l.<\/p>\n<p><strong>Et dans le verre\u2026<\/strong><br \/>\nRobe or vermeil.<br \/>\nNez de raisin fraichement press\u00e9, de fruits rouges et blancs et d\u2019agrumes.<br \/>\nBouche ample de pulpe de p\u00eache de vigne et bouquet d\u2019herbes aromatiques.<br \/>\nPetites notes \u00e9pic\u00e9es en finale.<br \/>\nUn Champagne fin et tendu d\u2019une grande puret\u00e9.<\/p>\n<p><strong>Accords Mets &amp; Vins : <\/strong><br \/>\nId\u00e9al \u00e0 l\u2019ap\u00e9ritif. Accompagne \u00e0 la perfection fruits de mer, sashimis, ou encore<br \/>\nun fromage de ch\u00e8vre frais.<\/p>\n","protected":false},"excerpt":{"rendered":"<p><strong>Vigneron : <\/strong><br \/>\nDrappier<\/p>\n<p><strong>Appellation : <\/strong><br \/>\nChampagne<\/p>\n<p><strong>R\u00e9gion :<\/strong><br \/>\nChampagne<\/p>\n<p><strong>R\u00e9compenses :<\/strong><\/p>\n","protected":false},"featured_media":5825,"comment_status":"open","ping_status":"closed","template":"","meta":[],"product_brand":[],"product_cat":[28,90],"product_tag":[],"class_list":{"0":"post-5824","1":"product","2":"type-product","3":"status-publish","4":"has-post-thumbnail","6":"product_cat-bulles","7":"product_cat-vip-corner","9":"first","10":"instock","11":"taxable","12":"shipping-taxable","13":"purchasable","14":"product-type-simple"},"group_of_quantity":6,"min_quantity":0,"max_quantity":"","exclude_order_quantity_value_rules":"no","exclude_category_quantity_rules":"no","combine_variations":"no","_links":{"self":[{"href":"https:\/\/www.vinquotidien.com\/fr\/wp-json\/wp\/v2\/product\/5824","targetHints":{"allow":["GET"]}}],"collection":[{"href":"https:\/\/www.vinquotidien.com\/fr\/wp-json\/wp\/v2\/product"}],"about":[{"href":"https:\/\/www.vinquotidien.com\/fr\/wp-json\/wp\/v2\/types\/product"}],"replies":[{"embeddable":true,"href":"https:\/\/www.vinquotidien.com\/fr\/wp-json\/wp\/v2\/comments?post=5824"}],"wp:featuredmedia":[{"embeddable":true,"href":"https:\/\/www.vinquotidien.com\/fr\/wp-json\/wp\/v2\/media\/5825"}],"wp:attachment":[{"href":"https:\/\/www.vinquotidien.com\/fr\/wp-json\/wp\/v2\/media?parent=5824"}],"wp:term":[{"taxonomy":"product_brand","embeddable":true,"href":"https:\/\/www.vinquotidien.com\/fr\/wp-json\/wp\/v2\/product_brand?post=5824"},{"taxonomy":"product_cat","embeddable":true,"href":"https:\/\/www.vinquotidien.com\/fr\/wp-json\/wp\/v2\/product_cat?post=5824"},{"taxonomy":"product_tag","embeddable":true,"href":"https:\/\/www.vinquotidien.com\/fr\/wp-json\/wp\/v2\/product_tag?post=5824"}],"curies":[{"name":"wp","href":"https:\/\/api.w.org\/{rel}","templated":true}]}}