{"id":5937,"date":"2023-01-17T14:49:25","date_gmt":"2023-01-17T13:49:25","guid":{"rendered":"https:\/\/www.vinquotidien.com\/?post_type=product&#038;p=5937"},"modified":"2025-03-24T15:58:14","modified_gmt":"2025-03-24T14:58:14","slug":"champagne-drappier-brut-carte-dor","status":"publish","type":"product","link":"https:\/\/www.vinquotidien.com\/fr\/produit\/champagne-drappier-brut-carte-dor\/","title":{"rendered":"Champagne Drappier &#8211; Brut Carte d&rsquo;Or"},"content":{"rendered":"<p><strong>Vigneron : <\/strong><br \/>\nDrappier<\/p>\n<p><strong>Appellation : <\/strong><br \/>\nChampagne<\/p>\n<p><strong>R\u00e9gion :<\/strong><br \/>\nChampagne<\/p>\n<p><strong>Et le vin\u2026<\/strong><br \/>\nC\u00e9pages : 80% Pinot Noir, 15% Chardonnay, 5% Pinot Meunier<br \/>\nSol calcaire Jurassique Kimm\u00e9ridgien<br \/>\nCulture durable, premi\u00e8re presse, vinification par gravit\u00e9.<br \/>\nD\u00e9bourbage naturel, levures bio du domaine.<br \/>\nElevage : 5 % des vins \u00e9lev\u00e9s sous-bois, 40 % de vins de r\u00e9serve.<br \/>\nTr\u00e8s peu sulfit\u00e9, non filtr\u00e9 et non d\u00e9color\u00e9.<br \/>\nDosage : 6.5 g\/l.<\/p>\n<p><strong>Et dans le verre\u2026<\/strong><br \/>\nRobe or riche l\u00e9g\u00e8rement cuivr\u00e9.<br \/>\nAu nez se d\u00e9veloppe des ar\u00f4mes de p\u00eache blanche de vignes et quelques \u00e9pices.<br \/>\nBouche puissante et soutenue. Un Champagne vineux d\u2019une grande complexit\u00e9 avec<br \/>\nune touche de gel\u00e9e de coing caract\u00e9ristique.<\/p>\n<p><strong>Accords Mets &amp; Vins : <\/strong><br \/>\nId\u00e9al \u00e0 l\u2019ap\u00e9ritif. \u00c0 table avec une viande blanche, un poisson \u00e0 chair ferme ou un<br \/>\nfromage de Chaource.<\/p>\n","protected":false},"excerpt":{"rendered":"<p><strong>Vigneron : <\/strong><br \/>\nDrappier<\/p>\n<p><strong>Appellation : <\/strong><br \/>\nChampagne<\/p>\n<p><strong>R\u00e9gion :<\/strong><br \/>\nChampagne<\/p>\n","protected":false},"featured_media":5938,"comment_status":"open","ping_status":"closed","template":"","meta":[],"product_brand":[],"product_cat":[28],"product_tag":[],"class_list":{"0":"post-5937","1":"product","2":"type-product","3":"status-publish","4":"has-post-thumbnail","6":"product_cat-bulles","8":"first","9":"instock","10":"taxable","11":"shipping-taxable","12":"purchasable","13":"product-type-simple"},"group_of_quantity":6,"min_quantity":0,"max_quantity":"","exclude_order_quantity_value_rules":"no","exclude_category_quantity_rules":"no","combine_variations":"no","_links":{"self":[{"href":"https:\/\/www.vinquotidien.com\/fr\/wp-json\/wp\/v2\/product\/5937","targetHints":{"allow":["GET"]}}],"collection":[{"href":"https:\/\/www.vinquotidien.com\/fr\/wp-json\/wp\/v2\/product"}],"about":[{"href":"https:\/\/www.vinquotidien.com\/fr\/wp-json\/wp\/v2\/types\/product"}],"replies":[{"embeddable":true,"href":"https:\/\/www.vinquotidien.com\/fr\/wp-json\/wp\/v2\/comments?post=5937"}],"wp:featuredmedia":[{"embeddable":true,"href":"https:\/\/www.vinquotidien.com\/fr\/wp-json\/wp\/v2\/media\/5938"}],"wp:attachment":[{"href":"https:\/\/www.vinquotidien.com\/fr\/wp-json\/wp\/v2\/media?parent=5937"}],"wp:term":[{"taxonomy":"product_brand","embeddable":true,"href":"https:\/\/www.vinquotidien.com\/fr\/wp-json\/wp\/v2\/product_brand?post=5937"},{"taxonomy":"product_cat","embeddable":true,"href":"https:\/\/www.vinquotidien.com\/fr\/wp-json\/wp\/v2\/product_cat?post=5937"},{"taxonomy":"product_tag","embeddable":true,"href":"https:\/\/www.vinquotidien.com\/fr\/wp-json\/wp\/v2\/product_tag?post=5937"}],"curies":[{"name":"wp","href":"https:\/\/api.w.org\/{rel}","templated":true}]}}