{"id":5943,"date":"2023-01-17T16:14:54","date_gmt":"2023-01-17T15:14:54","guid":{"rendered":"https:\/\/www.vinquotidien.com\/?post_type=product&#038;p=5943"},"modified":"2025-11-28T18:08:10","modified_gmt":"2025-11-28T17:08:10","slug":"beaujolais-villages-blanc-jean-marc-burgaud","status":"publish","type":"product","link":"https:\/\/www.vinquotidien.com\/fr\/produit\/beaujolais-villages-blanc-jean-marc-burgaud\/","title":{"rendered":"Beaujolais-villages blanc 2023 &#8211; Jean-Marc Burgaud"},"content":{"rendered":"<p><strong>Vigneron :<\/strong><br \/>\nJean-Marc Burgaud<\/p>\n<p><strong>Appellation :<\/strong><br \/>\nBeaujolais-villages<\/p>\n<p><strong>R\u00e9gion :<\/strong><br \/>\nBeaujolais<\/p>\n<p><strong>R\u00e9compenses :<\/strong><\/p>\n<p><strong>Et le vin\u2026<\/strong><br \/>\nC\u00e9page: 100 % Chardonnay<br \/>\nSol argileux sur la commune de Lantigni\u00e9, lieu-dit \u00ab\u00a0Les Monthieux\u00a0\u00bb<br \/>\nVendanges manuelles fermentation et \u00e9levage en cuves sur lies fines<br \/>\nPresse pneumatique puis refroidissement du jus \u00e0 10\u00b0C, soutirage puis fermentation et \u00e9levage en cuve sur lies fines.<br \/>\nMise en bouteille en f\u00e9vrier<\/p>\n<p><strong>Et dans le verre\u2026<\/strong><br \/>\nRobe dor\u00e9e d\u00e9licate<br \/>\nNez expressif et frais sur des notes de fruits blancs, de fleurs et d&rsquo;\u00e9pices<br \/>\nBouche ronde, riche et g\u00e9n\u00e9reuse offrant un tr\u00e8s beau volume de fruit. De la fra\u00eecheur en finale. Un Chardonnay sur le registre de la gourmandise.<\/p>\n<p><strong>Accords Mets &amp; Vins :<\/strong><br \/>\nAp\u00e9ritif, fruits de mer, l\u00e9gumes, charcuterie, volailles blanches<\/p>\n","protected":false},"excerpt":{"rendered":"<p><strong>Vigneron :<\/strong><br \/>\nJean-Marc Burgaud<\/p>\n<p><strong>Appellation :<\/strong><br \/>\nBeaujolais-villages<\/p>\n<p><strong>R\u00e9gion :<\/strong><br \/>\nBeaujolais<\/p>\n<p><strong>R\u00e9compenses :<\/strong><\/p>\n","protected":false},"featured_media":5944,"comment_status":"open","ping_status":"closed","template":"","meta":[],"product_brand":[],"product_cat":[26],"product_tag":[],"class_list":{"0":"post-5943","1":"product","2":"type-product","3":"status-publish","4":"has-post-thumbnail","6":"product_cat-vin-blanc","8":"first","9":"instock","10":"taxable","11":"shipping-taxable","12":"purchasable","13":"product-type-simple"},"group_of_quantity":6,"min_quantity":0,"max_quantity":"","exclude_order_quantity_value_rules":"no","exclude_category_quantity_rules":"no","combine_variations":"no","_links":{"self":[{"href":"https:\/\/www.vinquotidien.com\/fr\/wp-json\/wp\/v2\/product\/5943","targetHints":{"allow":["GET"]}}],"collection":[{"href":"https:\/\/www.vinquotidien.com\/fr\/wp-json\/wp\/v2\/product"}],"about":[{"href":"https:\/\/www.vinquotidien.com\/fr\/wp-json\/wp\/v2\/types\/product"}],"replies":[{"embeddable":true,"href":"https:\/\/www.vinquotidien.com\/fr\/wp-json\/wp\/v2\/comments?post=5943"}],"wp:featuredmedia":[{"embeddable":true,"href":"https:\/\/www.vinquotidien.com\/fr\/wp-json\/wp\/v2\/media\/5944"}],"wp:attachment":[{"href":"https:\/\/www.vinquotidien.com\/fr\/wp-json\/wp\/v2\/media?parent=5943"}],"wp:term":[{"taxonomy":"product_brand","embeddable":true,"href":"https:\/\/www.vinquotidien.com\/fr\/wp-json\/wp\/v2\/product_brand?post=5943"},{"taxonomy":"product_cat","embeddable":true,"href":"https:\/\/www.vinquotidien.com\/fr\/wp-json\/wp\/v2\/product_cat?post=5943"},{"taxonomy":"product_tag","embeddable":true,"href":"https:\/\/www.vinquotidien.com\/fr\/wp-json\/wp\/v2\/product_tag?post=5943"}],"curies":[{"name":"wp","href":"https:\/\/api.w.org\/{rel}","templated":true}]}}