{"id":5966,"date":"2023-01-18T15:20:38","date_gmt":"2023-01-18T14:20:38","guid":{"rendered":"https:\/\/www.vinquotidien.com\/?post_type=product&#038;p=5966"},"modified":"2025-10-28T14:40:38","modified_gmt":"2025-10-28T13:40:38","slug":"chateau-tour-des-graves-cotes-de-bourg","status":"publish","type":"product","link":"https:\/\/www.vinquotidien.com\/fr\/produit\/chateau-tour-des-graves-cotes-de-bourg\/","title":{"rendered":"Ch\u00e2teau Tour des Graves 2023 &#8211; C\u00f4tes de Bourg"},"content":{"rendered":"<p><strong>Vigneron :<\/strong><br \/>\nCh\u00e2teau Tour des Graves<\/p>\n<p><strong>Appellation :<\/strong><br \/>\nC\u00f4tes de Bourg<\/p>\n<p><strong>R\u00e9gion :<\/strong><br \/>\nBordeaux<\/p>\n<p><strong>Et le vin\u2026<\/strong><br \/>\nC\u00e9page: 100% Merlot<br \/>\nType de sol: graviers argileux (cailloux)<br \/>\nLes vignes sont situ\u00e9es au nord du village de Teuillac, expos\u00e9es au sud sur une surface de 32 hectares<br \/>\nVinification conduite de mani\u00e8re \u00e0 exprimer le plus de fruits des jeunes vignes<br \/>\nVieillissement de 12 mois en cuves b\u00e9ton avec un travail important sur les lies pour apporter richesse et structure au vin<\/p>\n<p><strong>Et dans le verre\u2026<\/strong><br \/>\nRobe rouge brillante<br \/>\nAr\u00f4mes de fruits rouges intenses<br \/>\nBouche fruit\u00e9e et m\u00fbre, onctueuse et souple<br \/>\nFinale agr\u00e9able, toute en harmonie et \u00e9quilibre avec une jolie fra\u00eecheur<\/p>\n<p><strong>Accords Mets &amp; Vins :<\/strong><br \/>\nA d\u00e9guster avec viande rouge et charcuterie<\/p>\n","protected":false},"excerpt":{"rendered":"<p><strong>Vigneron :<\/strong><br \/>\nCh\u00e2teau Tour des Graves<\/p>\n<p><strong>Appellation :<\/strong><br \/>\nC\u00f4tes de Bourg<\/p>\n<p><strong>R\u00e9gion :<\/strong><br \/>\nBordeaux<\/p>\n","protected":false},"featured_media":5969,"comment_status":"open","ping_status":"closed","template":"","meta":[],"product_brand":[],"product_cat":[25],"product_tag":[],"class_list":{"0":"post-5966","1":"product","2":"type-product","3":"status-publish","4":"has-post-thumbnail","6":"product_cat-vin-rouge","8":"first","9":"instock","10":"taxable","11":"shipping-taxable","12":"purchasable","13":"product-type-simple"},"group_of_quantity":6,"min_quantity":0,"max_quantity":"","exclude_order_quantity_value_rules":"no","exclude_category_quantity_rules":"no","combine_variations":"no","_links":{"self":[{"href":"https:\/\/www.vinquotidien.com\/fr\/wp-json\/wp\/v2\/product\/5966","targetHints":{"allow":["GET"]}}],"collection":[{"href":"https:\/\/www.vinquotidien.com\/fr\/wp-json\/wp\/v2\/product"}],"about":[{"href":"https:\/\/www.vinquotidien.com\/fr\/wp-json\/wp\/v2\/types\/product"}],"replies":[{"embeddable":true,"href":"https:\/\/www.vinquotidien.com\/fr\/wp-json\/wp\/v2\/comments?post=5966"}],"wp:featuredmedia":[{"embeddable":true,"href":"https:\/\/www.vinquotidien.com\/fr\/wp-json\/wp\/v2\/media\/5969"}],"wp:attachment":[{"href":"https:\/\/www.vinquotidien.com\/fr\/wp-json\/wp\/v2\/media?parent=5966"}],"wp:term":[{"taxonomy":"product_brand","embeddable":true,"href":"https:\/\/www.vinquotidien.com\/fr\/wp-json\/wp\/v2\/product_brand?post=5966"},{"taxonomy":"product_cat","embeddable":true,"href":"https:\/\/www.vinquotidien.com\/fr\/wp-json\/wp\/v2\/product_cat?post=5966"},{"taxonomy":"product_tag","embeddable":true,"href":"https:\/\/www.vinquotidien.com\/fr\/wp-json\/wp\/v2\/product_tag?post=5966"}],"curies":[{"name":"wp","href":"https:\/\/api.w.org\/{rel}","templated":true}]}}