{"id":6038,"date":"2023-02-28T11:25:02","date_gmt":"2023-02-28T10:25:02","guid":{"rendered":"https:\/\/www.vinquotidien.com\/?post_type=product&#038;p=6038"},"modified":"2025-03-24T15:57:01","modified_gmt":"2025-03-24T14:57:01","slug":"champagne-moutardier-brut-carte-dor","status":"publish","type":"product","link":"https:\/\/www.vinquotidien.com\/fr\/produit\/champagne-moutardier-brut-carte-dor\/","title":{"rendered":"Champagne Moutardier &#8211; Brut Carte-d\u2019Or"},"content":{"rendered":"<p><strong>Vigneron :<\/strong><br \/>\nMoutardier<\/p>\n<p><strong>Appellation :<\/strong><br \/>\nChampagne<\/p>\n<p><strong>R\u00e9gion :<\/strong><br \/>\nChampagne<\/p>\n<p><strong>Et le vin\u2026<\/strong><br \/>\nC\u00e9pages : 80% Meunier (5% F\u00fbt de Ch\u00eane), 15% Chardonnay, 5% Pinot Noir<br \/>\nLes 18 ha de vignes \u00e0 Le Breuil et Baulne en Brie, dans la vall\u00e9e du Surmelin, sont plant\u00e9s sur des sols argilo-calcaires, l\u00e9g\u00e8rement plus crayeux qu\u2019ailleurs en Champagne.<br \/>\nVinification : Elaboration traditionnelle selon la m\u00e9thode champenoise.<br \/>\nDosage : 6.5 g\/l.<\/p>\n<p><strong>Et dans le verre\u2026<\/strong><br \/>\nRobe dor\u00e9e dense et satin\u00e9e. Bulles fines et vives.<br \/>\nNez de gingembre et de pomme reinette \u00e9voluant vers une dominante fruit\u00e9e d\u2019agrumes et de coing.<br \/>\nBouche souple et fra\u00eeche dans la ligne du nez avec une effervescence cr\u00e9meuse et fondue.<br \/>\nJolie fra\u00eecheur iod\u00e9e et saline.<\/p>\n<p><strong>Accords Mets &amp; Vins :<\/strong><br \/>\nId\u00e9al pour accompagner ap\u00e9ritif, poissons de mer et crustac\u00e9s.<\/p>\n","protected":false},"excerpt":{"rendered":"<p><strong>Vigneron :<\/strong><br \/>\nMoutardier<\/p>\n<p><strong>Appellation :<\/strong><br \/>\nChampagne<\/p>\n<p><strong>R\u00e9gion :<\/strong><br \/>\nChampagne<\/p>\n","protected":false},"featured_media":6041,"comment_status":"open","ping_status":"closed","template":"","meta":[],"product_brand":[],"product_cat":[28],"product_tag":[],"class_list":{"0":"post-6038","1":"product","2":"type-product","3":"status-publish","4":"has-post-thumbnail","6":"product_cat-bulles","8":"first","9":"instock","10":"taxable","11":"shipping-taxable","12":"purchasable","13":"product-type-simple"},"group_of_quantity":6,"min_quantity":0,"max_quantity":"","exclude_order_quantity_value_rules":"no","exclude_category_quantity_rules":"no","combine_variations":"no","_links":{"self":[{"href":"https:\/\/www.vinquotidien.com\/fr\/wp-json\/wp\/v2\/product\/6038","targetHints":{"allow":["GET"]}}],"collection":[{"href":"https:\/\/www.vinquotidien.com\/fr\/wp-json\/wp\/v2\/product"}],"about":[{"href":"https:\/\/www.vinquotidien.com\/fr\/wp-json\/wp\/v2\/types\/product"}],"replies":[{"embeddable":true,"href":"https:\/\/www.vinquotidien.com\/fr\/wp-json\/wp\/v2\/comments?post=6038"}],"wp:featuredmedia":[{"embeddable":true,"href":"https:\/\/www.vinquotidien.com\/fr\/wp-json\/wp\/v2\/media\/6041"}],"wp:attachment":[{"href":"https:\/\/www.vinquotidien.com\/fr\/wp-json\/wp\/v2\/media?parent=6038"}],"wp:term":[{"taxonomy":"product_brand","embeddable":true,"href":"https:\/\/www.vinquotidien.com\/fr\/wp-json\/wp\/v2\/product_brand?post=6038"},{"taxonomy":"product_cat","embeddable":true,"href":"https:\/\/www.vinquotidien.com\/fr\/wp-json\/wp\/v2\/product_cat?post=6038"},{"taxonomy":"product_tag","embeddable":true,"href":"https:\/\/www.vinquotidien.com\/fr\/wp-json\/wp\/v2\/product_tag?post=6038"}],"curies":[{"name":"wp","href":"https:\/\/api.w.org\/{rel}","templated":true}]}}