{"id":6069,"date":"2023-03-06T09:53:44","date_gmt":"2023-03-06T08:53:44","guid":{"rendered":"https:\/\/www.vinquotidien.com\/?post_type=product&#038;p=6069"},"modified":"2025-03-24T15:54:59","modified_gmt":"2025-03-24T14:54:59","slug":"champagne-monial-libera-me-brut-blanc-de-noirs","status":"publish","type":"product","link":"https:\/\/www.vinquotidien.com\/fr\/produit\/champagne-monial-libera-me-brut-blanc-de-noirs\/","title":{"rendered":"Champagne Monial &#8211; Libera Me Brut Blanc de Noirs"},"content":{"rendered":"<p><strong>Vigneron :<\/strong><br \/>\nMonial<\/p>\n<p><strong>Appellation :<\/strong><br \/>\nChampagne<\/p>\n<p><strong>R\u00e9gion :<\/strong><br \/>\nChampagne<\/p>\n<p><strong>Et le vin\u2026<\/strong><br \/>\nC\u00e9pages : 100 % Pinot Noir<br \/>\nSol argilo-calcaire typique de la C\u00f4te des Bar<br \/>\nVinifi\u00e9 dans la superbe cave cistercienne du Cellier aux Moines, vieille de plus de 8 si\u00e8cles<br \/>\nM\u00e9thode traditionnelle Champenoise, pressoir traditionnel, fermentation et \u00e9levage en cuve inox.<br \/>\nFermentation malolactique.<br \/>\nDosage : 7g\/l<\/p>\n<p><strong>Et dans le verre\u2026<\/strong><br \/>\nRobe dor\u00e9e intense, bulles tr\u00e8s fines<br \/>\nNez subtil d\u2019agrumes \u00e9voluant vers le beurre, le caramel, la pomme m\u00fbre.<br \/>\nBouche tout en \u00e9l\u00e9gance, ample, concentr\u00e9e et assez longue, \u00e9voquant les fruits compot\u00e9s.<\/p>\n<p><strong>Accords Mets &amp; Vins :<\/strong><br \/>\nParfait pour accompagner un \u00e9l\u00e9gant cocktail dinatoire ou pour les desserts \u00e0 base de fruits<br \/>\nrouges<\/p>\n","protected":false},"excerpt":{"rendered":"<p><strong>Vigneron :<\/strong><br \/>\nMonial<\/p>\n<p><strong>Appellation :<\/strong><br \/>\nChampagne<\/p>\n<p><strong>R\u00e9gion :<\/strong><br \/>\nChampagne<\/p>\n","protected":false},"featured_media":6070,"comment_status":"open","ping_status":"closed","template":"","meta":[],"product_brand":[],"product_cat":[28],"product_tag":[],"class_list":{"0":"post-6069","1":"product","2":"type-product","3":"status-publish","4":"has-post-thumbnail","6":"product_cat-bulles","8":"first","9":"instock","10":"taxable","11":"shipping-taxable","12":"purchasable","13":"product-type-simple"},"group_of_quantity":6,"min_quantity":0,"max_quantity":"","exclude_order_quantity_value_rules":"no","exclude_category_quantity_rules":"no","combine_variations":"no","_links":{"self":[{"href":"https:\/\/www.vinquotidien.com\/fr\/wp-json\/wp\/v2\/product\/6069","targetHints":{"allow":["GET"]}}],"collection":[{"href":"https:\/\/www.vinquotidien.com\/fr\/wp-json\/wp\/v2\/product"}],"about":[{"href":"https:\/\/www.vinquotidien.com\/fr\/wp-json\/wp\/v2\/types\/product"}],"replies":[{"embeddable":true,"href":"https:\/\/www.vinquotidien.com\/fr\/wp-json\/wp\/v2\/comments?post=6069"}],"wp:featuredmedia":[{"embeddable":true,"href":"https:\/\/www.vinquotidien.com\/fr\/wp-json\/wp\/v2\/media\/6070"}],"wp:attachment":[{"href":"https:\/\/www.vinquotidien.com\/fr\/wp-json\/wp\/v2\/media?parent=6069"}],"wp:term":[{"taxonomy":"product_brand","embeddable":true,"href":"https:\/\/www.vinquotidien.com\/fr\/wp-json\/wp\/v2\/product_brand?post=6069"},{"taxonomy":"product_cat","embeddable":true,"href":"https:\/\/www.vinquotidien.com\/fr\/wp-json\/wp\/v2\/product_cat?post=6069"},{"taxonomy":"product_tag","embeddable":true,"href":"https:\/\/www.vinquotidien.com\/fr\/wp-json\/wp\/v2\/product_tag?post=6069"}],"curies":[{"name":"wp","href":"https:\/\/api.w.org\/{rel}","templated":true}]}}