{"id":6082,"date":"2023-03-08T10:21:21","date_gmt":"2023-03-08T09:21:21","guid":{"rendered":"https:\/\/www.vinquotidien.com\/?post_type=product&#038;p=6082"},"modified":"2025-03-24T15:54:45","modified_gmt":"2025-03-24T14:54:45","slug":"les-adres-2018-rasteau-domaine-du-trapadis","status":"publish","type":"product","link":"https:\/\/www.vinquotidien.com\/fr\/produit\/les-adres-2018-rasteau-domaine-du-trapadis\/","title":{"rendered":"Les Adr\u00e8s 2019 &#8211; Rasteau &#8211; Domaine du Trapadis"},"content":{"rendered":"<p><strong>Vigneron : <\/strong><br \/>\nDomaine du Trapadis<\/p>\n<p><strong>Appellation : <\/strong><br \/>\nRasteau<\/p>\n<p><strong>R\u00e9gion : <\/strong><br \/>\nVall\u00e9e du Rh\u00f4ne<\/p>\n<p><strong>Et le vin\u2026<\/strong><br \/>\nC\u00e9pages : 80% Grenache noir, 10% Carignan, 10% Mourv\u00e8dre<br \/>\nLe vignoble est cultiv\u00e9 sans d\u00e9sherbants, les engrais chimiques et les produits de synth\u00e8se sont \u00e9galement proscrits.<br \/>\nTerroir argilo-calcaire, \u00e2ge des vignes de plus de 60 ans.<br \/>\nVendanges manuelles, remontage tous les 4 jours afin de favoriser l\u2019infusion plut\u00f4t que l\u2019extraction.<br \/>\nCuvaison est de 20 jours \u00e0 25\u00b0C max.<br \/>\nElevage en cuves ciment sur lies fines pendant 20 mois. Une partie (10%) est mise en f\u00fbts d&rsquo;un vin afin d\u2019augmenter la complexit\u00e9 aromatique.<\/p>\n<p><strong>Et dans le verre\u2026<\/strong><br \/>\nRobe grenat l\u00e9g\u00e8rement tuil\u00e9.<br \/>\nAu nez, bouquet de pruneaux, de fruits m\u00fbrs et d\u2019une pointe min\u00e9rale.<br \/>\nEn bouche, les tanins sont souples et les m\u00eames ar\u00f4mes per\u00e7us au nez viennent flatter le palais avec mesure et bonne longueur.<\/p>\n<p><strong>Accords Mets &amp; Vins : <\/strong><br \/>\n\u00c0 d\u00e9couvrir sur un gigot d\u2019agneau ou un plateau de fromage<\/p>\n","protected":false},"excerpt":{"rendered":"<p><strong>Vigneron : <\/strong><br \/>\nDomaine du Trapadis<\/p>\n<p><strong>Appellation : <\/strong><br \/>\nRasteau<\/p>\n<p><strong>R\u00e9gion : <\/strong><br \/>\nVall\u00e9e du Rh\u00f4ne<\/p>\n","protected":false},"featured_media":6083,"comment_status":"open","ping_status":"closed","template":"","meta":[],"product_brand":[],"product_cat":[25],"product_tag":[],"class_list":{"0":"post-6082","1":"product","2":"type-product","3":"status-publish","4":"has-post-thumbnail","6":"product_cat-vin-rouge","8":"first","9":"instock","10":"taxable","11":"shipping-taxable","12":"purchasable","13":"product-type-simple"},"group_of_quantity":6,"min_quantity":0,"max_quantity":"","exclude_order_quantity_value_rules":"no","exclude_category_quantity_rules":"no","combine_variations":"no","_links":{"self":[{"href":"https:\/\/www.vinquotidien.com\/fr\/wp-json\/wp\/v2\/product\/6082","targetHints":{"allow":["GET"]}}],"collection":[{"href":"https:\/\/www.vinquotidien.com\/fr\/wp-json\/wp\/v2\/product"}],"about":[{"href":"https:\/\/www.vinquotidien.com\/fr\/wp-json\/wp\/v2\/types\/product"}],"replies":[{"embeddable":true,"href":"https:\/\/www.vinquotidien.com\/fr\/wp-json\/wp\/v2\/comments?post=6082"}],"wp:featuredmedia":[{"embeddable":true,"href":"https:\/\/www.vinquotidien.com\/fr\/wp-json\/wp\/v2\/media\/6083"}],"wp:attachment":[{"href":"https:\/\/www.vinquotidien.com\/fr\/wp-json\/wp\/v2\/media?parent=6082"}],"wp:term":[{"taxonomy":"product_brand","embeddable":true,"href":"https:\/\/www.vinquotidien.com\/fr\/wp-json\/wp\/v2\/product_brand?post=6082"},{"taxonomy":"product_cat","embeddable":true,"href":"https:\/\/www.vinquotidien.com\/fr\/wp-json\/wp\/v2\/product_cat?post=6082"},{"taxonomy":"product_tag","embeddable":true,"href":"https:\/\/www.vinquotidien.com\/fr\/wp-json\/wp\/v2\/product_tag?post=6082"}],"curies":[{"name":"wp","href":"https:\/\/api.w.org\/{rel}","templated":true}]}}