{"id":6086,"date":"2023-03-08T10:49:52","date_gmt":"2023-03-08T09:49:52","guid":{"rendered":"https:\/\/www.vinquotidien.com\/?post_type=product&#038;p=6086"},"modified":"2026-02-13T09:16:06","modified_gmt":"2026-02-13T08:16:06","slug":"les-garrigues-2020-cairanne-domaine-du-trapadis","status":"publish","type":"product","link":"https:\/\/www.vinquotidien.com\/fr\/produit\/les-garrigues-2020-cairanne-domaine-du-trapadis\/","title":{"rendered":"Les Garrigues 2022 &#8211; Cairanne &#8211; Domaine du Trapadis"},"content":{"rendered":"<p><strong>Vigneron : <\/strong><br \/>\nDomaine du Trapadis<\/p>\n<p><strong>Appellation : <\/strong><br \/>\nCairanne<\/p>\n<p><strong>R\u00e9gion : <\/strong><br \/>\nVall\u00e9e du Rh\u00f4ne<\/p>\n<p><strong>Et le vin\u2026<\/strong><br \/>\nC\u00e9pages : 70 % Grenache noir, 10% Carignan, 20% Syrah. Age des vignes : 25 ans<br \/>\nLe vignoble est cultiv\u00e9 sans d\u00e9sherbants, les engrais chimiques et les produits de synth\u00e8se sont \u00e9galement proscrits.<br \/>\nTerroir argilo-calcaire, compos\u00e9 d&rsquo;argile rouge et de cailloux roul\u00e9s, appel\u00e9 Plan de Dieu.<br \/>\nVendanges manuelles, remontage tous les 4 jours afin de favoriser l\u2019infusion plut\u00f4t que l\u2019extraction.<br \/>\nC\u00e9pages vinifi\u00e9s ensemble, sauf la Syrah \u00e0 cause de sa maturit\u00e9 pr\u00e9coce.<br \/>\nCuvaison de 20 jours \u00e0 25\u00b0C max.<br \/>\nElevage en cuves ciment sur lies fines pendant 8 mois.<\/p>\n<p><strong>Et dans le verre\u2026<\/strong><br \/>\nRobe aux reflets pourpres fonc\u00e9s.<br \/>\nNez aux ar\u00f4mes de fruits noirs m\u00eal\u00e9s \u00e0 une belle trame \u00e9pic\u00e9e.<br \/>\nBouche riche et rac\u00e9e sur un fruit profond et ample.<br \/>\nTanins soyeux mais caract\u00e8re affirm\u00e9 avec une belle vinosit\u00e9.<\/p>\n<p><strong>Accords Mets &amp; Vins : <\/strong><br \/>\nId\u00e9al avec un osso bucco ou une escalope de veau \u00e0 la milanaise.<\/p>\n","protected":false},"excerpt":{"rendered":"<p><strong>Vigneron : <\/strong><br \/>\nDomaine du Trapadis<\/p>\n<p><strong>Appellation : <\/strong><br \/>\nCairanne<\/p>\n<p><strong>R\u00e9gion : <\/strong><br \/>\nVall\u00e9e du Rh\u00f4ne<\/p>\n","protected":false},"featured_media":6087,"comment_status":"open","ping_status":"closed","template":"","meta":[],"product_brand":[],"product_cat":[25],"product_tag":[],"class_list":{"0":"post-6086","1":"product","2":"type-product","3":"status-publish","4":"has-post-thumbnail","6":"product_cat-vin-rouge","8":"first","9":"instock","10":"taxable","11":"shipping-taxable","12":"purchasable","13":"product-type-simple"},"group_of_quantity":6,"min_quantity":0,"max_quantity":"","exclude_order_quantity_value_rules":"no","exclude_category_quantity_rules":"no","combine_variations":"no","_links":{"self":[{"href":"https:\/\/www.vinquotidien.com\/fr\/wp-json\/wp\/v2\/product\/6086","targetHints":{"allow":["GET"]}}],"collection":[{"href":"https:\/\/www.vinquotidien.com\/fr\/wp-json\/wp\/v2\/product"}],"about":[{"href":"https:\/\/www.vinquotidien.com\/fr\/wp-json\/wp\/v2\/types\/product"}],"replies":[{"embeddable":true,"href":"https:\/\/www.vinquotidien.com\/fr\/wp-json\/wp\/v2\/comments?post=6086"}],"wp:featuredmedia":[{"embeddable":true,"href":"https:\/\/www.vinquotidien.com\/fr\/wp-json\/wp\/v2\/media\/6087"}],"wp:attachment":[{"href":"https:\/\/www.vinquotidien.com\/fr\/wp-json\/wp\/v2\/media?parent=6086"}],"wp:term":[{"taxonomy":"product_brand","embeddable":true,"href":"https:\/\/www.vinquotidien.com\/fr\/wp-json\/wp\/v2\/product_brand?post=6086"},{"taxonomy":"product_cat","embeddable":true,"href":"https:\/\/www.vinquotidien.com\/fr\/wp-json\/wp\/v2\/product_cat?post=6086"},{"taxonomy":"product_tag","embeddable":true,"href":"https:\/\/www.vinquotidien.com\/fr\/wp-json\/wp\/v2\/product_tag?post=6086"}],"curies":[{"name":"wp","href":"https:\/\/api.w.org\/{rel}","templated":true}]}}