{"id":6098,"date":"2023-03-08T14:51:09","date_gmt":"2023-03-08T13:51:09","guid":{"rendered":"https:\/\/www.vinquotidien.com\/?post_type=product&#038;p=6098"},"modified":"2025-07-09T03:50:52","modified_gmt":"2025-07-09T01:50:52","slug":"gigondas-2020-domaine-du-trapadis","status":"publish","type":"product","link":"https:\/\/www.vinquotidien.com\/fr\/produit\/gigondas-2020-domaine-du-trapadis\/","title":{"rendered":"Gigondas 2022 &#8211; Domaine du Trapadis"},"content":{"rendered":"<p><strong>Vigneron : <\/strong><br \/>\nDomaine du Trapadis<\/p>\n<p><strong>Appellation : <\/strong><br \/>\nGigondas<\/p>\n<p><strong>R\u00e9gion : <\/strong><br \/>\nVall\u00e9e du Rh\u00f4ne<\/p>\n<p><strong>Et le vin\u2026<\/strong><br \/>\nUne s\u00e9lection \u00ab by Helen Durand \u00bb<br \/>\nC\u00e9pages : 70 % Grenache noir, 30% Mourv\u00e8dre<br \/>\nLe vignoble est cultiv\u00e9 sans d\u00e9sherbants, les engrais chimiques et les produits de synth\u00e8se sont \u00e9galement proscrits.<br \/>\nTerroir argilo-calcaire compos\u00e9 de marnes jaunes, d&rsquo;argile rouge et de cailloux roul\u00e9s.<br \/>\nVendanges manuelles, vinification traditionnelle.<br \/>\nElevage : 12 mois en cuve b\u00e9ton 70%, 12 mois en f\u00fbt 30%<\/p>\n<p><strong>Et dans le verre\u2026<\/strong><br \/>\nRobe pourpre aux nuances \u00e9clatantes de rubis.<br \/>\nNez est profond et puissant. Bouquet de fruits bien m\u00fbrs, olive noire, notes \u00e9pic\u00e9es et r\u00e9gliss\u00e9es.<br \/>\nBouche ample et charpent\u00e9e par des tannins bien m\u00fbrs. Longue persistance aromatique.<br \/>\nL\u2019expression d\u00e9licate d\u2019un terroir puissant, ambitieux et vrai.<\/p>\n<p><strong>Accords Mets &amp; Vins : <\/strong><br \/>\nId\u00e9al avec un r\u00f4ti de b\u0153uf ou des gibiers en sauce.<\/p>\n","protected":false},"excerpt":{"rendered":"<p><strong>Vigneron : <\/strong><br \/>\nDomaine du Trapadis<\/p>\n<p><strong>Appellation : <\/strong><br \/>\nGigondas<\/p>\n<p><strong>R\u00e9gion : <\/strong><br \/>\nVall\u00e9e du Rh\u00f4ne<\/p>\n","protected":false},"featured_media":6099,"comment_status":"open","ping_status":"closed","template":"","meta":[],"product_brand":[],"product_cat":[25],"product_tag":[],"class_list":{"0":"post-6098","1":"product","2":"type-product","3":"status-publish","4":"has-post-thumbnail","6":"product_cat-vin-rouge","8":"first","9":"instock","10":"taxable","11":"shipping-taxable","12":"purchasable","13":"product-type-simple"},"group_of_quantity":6,"min_quantity":0,"max_quantity":"","exclude_order_quantity_value_rules":"no","exclude_category_quantity_rules":"no","combine_variations":"no","_links":{"self":[{"href":"https:\/\/www.vinquotidien.com\/fr\/wp-json\/wp\/v2\/product\/6098","targetHints":{"allow":["GET"]}}],"collection":[{"href":"https:\/\/www.vinquotidien.com\/fr\/wp-json\/wp\/v2\/product"}],"about":[{"href":"https:\/\/www.vinquotidien.com\/fr\/wp-json\/wp\/v2\/types\/product"}],"replies":[{"embeddable":true,"href":"https:\/\/www.vinquotidien.com\/fr\/wp-json\/wp\/v2\/comments?post=6098"}],"wp:featuredmedia":[{"embeddable":true,"href":"https:\/\/www.vinquotidien.com\/fr\/wp-json\/wp\/v2\/media\/6099"}],"wp:attachment":[{"href":"https:\/\/www.vinquotidien.com\/fr\/wp-json\/wp\/v2\/media?parent=6098"}],"wp:term":[{"taxonomy":"product_brand","embeddable":true,"href":"https:\/\/www.vinquotidien.com\/fr\/wp-json\/wp\/v2\/product_brand?post=6098"},{"taxonomy":"product_cat","embeddable":true,"href":"https:\/\/www.vinquotidien.com\/fr\/wp-json\/wp\/v2\/product_cat?post=6098"},{"taxonomy":"product_tag","embeddable":true,"href":"https:\/\/www.vinquotidien.com\/fr\/wp-json\/wp\/v2\/product_tag?post=6098"}],"curies":[{"name":"wp","href":"https:\/\/api.w.org\/{rel}","templated":true}]}}