{"id":6102,"date":"2023-03-08T15:20:35","date_gmt":"2023-03-08T14:20:35","guid":{"rendered":"https:\/\/www.vinquotidien.com\/?post_type=product&#038;p=6102"},"modified":"2025-03-24T18:42:38","modified_gmt":"2025-03-24T17:42:38","slug":"chateauneuf-du-pape-2020-domaine-du-trapadis","status":"publish","type":"product","link":"https:\/\/www.vinquotidien.com\/fr\/produit\/chateauneuf-du-pape-2020-domaine-du-trapadis\/","title":{"rendered":"Ch\u00e2teauneuf-du-Pape 2020 &#8211; Domaine du Trapadis"},"content":{"rendered":"<p><strong>Vigneron : <\/strong><br \/>\nDomaine du Trapadis<\/p>\n<p><strong>Appellation : <\/strong><br \/>\nCh\u00e2teauneuf-du-Pape<\/p>\n<p><strong>R\u00e9gion : <\/strong><br \/>\nVall\u00e9e du Rh\u00f4ne<\/p>\n<p><strong>Quotation \/Score :<\/strong><\/p>\n<p><strong>Et le vin\u2026<\/strong><br \/>\nUne s\u00e9lection \u00ab by Helen Durand \u00bb<br \/>\nC\u00e9pages : 75% Grenache noir, 11% Mourv\u00e8dre, 11% Syrah, Vaccar\u00e8se, Cinsault, Counoise<br \/>\nLe vignoble est cultiv\u00e9 sans d\u00e9sherbants, les engrais chimiques et les produits de synth\u00e8se sont \u00e9galement proscrits.<br \/>\nTerroir compos\u00e9 de galets roul\u00e9s, gr\u00e8s rouge, sable\/safre et sol brun.<br \/>\nEraflage \u00e0 40% sur les parcelles jeunes, les vieux grenaches ne sont pas \u00e9rafl\u00e9s.<br \/>\nVinification en cuve b\u00e9ton, mac\u00e9ration pr\u00e9-fermentaire \u00e0 froid<br \/>\nMac\u00e9ration de 28 jours avec pigeages et d\u00e9lestages.<br \/>\nElevage en foudre \u00e0 60% pendant 12 mois, ensuite cuve b\u00e9ton \u00e0 20% pendant 12 mois et pour finir en 1\u20442 muid \u00e0 20% pendant 12 mois.<\/p>\n<p><strong>Et dans le verre\u2026<\/strong><br \/>\nRobe pourpre, riche et intense<br \/>\nNez vif compos\u00e9 d\u2019ar\u00f4mes de fraises des bois, groseilles, et pamplemousse avec des pointe de citronnelle. Et aussi des touches \u00e9pic\u00e9es de poivre et de curry.<br \/>\nEn bouche, la fraicheur et la puissance s\u2019expriment intens\u00e9ment et s\u2019\u00e9quilibrent sur une mati\u00e8re soyeuse, \u00e9l\u00e9gante et g\u00e9n\u00e9reuse.<br \/>\nGrandiose !<\/p>\n<p><strong>Accords Mets &amp; Vins : <\/strong><br \/>\nSublime avec l\u2019agneau, le coq au vin, la biche ou le chevreuil.<\/p>\n","protected":false},"excerpt":{"rendered":"<p><strong>Vigneron : <\/strong><br \/>\nDomaine du Trapadis<\/p>\n<p><strong>Appellation : <\/strong><br \/>\nCh\u00e2teauneuf-du-Pape<\/p>\n<p><strong>R\u00e9gion : <\/strong><br \/>\nVall\u00e9e du Rh\u00f4ne<\/p>\n<p><strong>Quotation \/Score :<\/strong><\/p>\n","protected":false},"featured_media":6103,"comment_status":"open","ping_status":"closed","template":"","meta":[],"product_brand":[],"product_cat":[25,90],"product_tag":[],"class_list":{"0":"post-6102","1":"product","2":"type-product","3":"status-publish","4":"has-post-thumbnail","6":"product_cat-vin-rouge","7":"product_cat-vip-corner","9":"first","10":"instock","11":"taxable","12":"shipping-taxable","13":"purchasable","14":"product-type-simple"},"group_of_quantity":6,"min_quantity":0,"max_quantity":"","exclude_order_quantity_value_rules":"no","exclude_category_quantity_rules":"no","combine_variations":"no","_links":{"self":[{"href":"https:\/\/www.vinquotidien.com\/fr\/wp-json\/wp\/v2\/product\/6102","targetHints":{"allow":["GET"]}}],"collection":[{"href":"https:\/\/www.vinquotidien.com\/fr\/wp-json\/wp\/v2\/product"}],"about":[{"href":"https:\/\/www.vinquotidien.com\/fr\/wp-json\/wp\/v2\/types\/product"}],"replies":[{"embeddable":true,"href":"https:\/\/www.vinquotidien.com\/fr\/wp-json\/wp\/v2\/comments?post=6102"}],"wp:featuredmedia":[{"embeddable":true,"href":"https:\/\/www.vinquotidien.com\/fr\/wp-json\/wp\/v2\/media\/6103"}],"wp:attachment":[{"href":"https:\/\/www.vinquotidien.com\/fr\/wp-json\/wp\/v2\/media?parent=6102"}],"wp:term":[{"taxonomy":"product_brand","embeddable":true,"href":"https:\/\/www.vinquotidien.com\/fr\/wp-json\/wp\/v2\/product_brand?post=6102"},{"taxonomy":"product_cat","embeddable":true,"href":"https:\/\/www.vinquotidien.com\/fr\/wp-json\/wp\/v2\/product_cat?post=6102"},{"taxonomy":"product_tag","embeddable":true,"href":"https:\/\/www.vinquotidien.com\/fr\/wp-json\/wp\/v2\/product_tag?post=6102"}],"curies":[{"name":"wp","href":"https:\/\/api.w.org\/{rel}","templated":true}]}}