{"id":6114,"date":"2023-03-08T19:14:54","date_gmt":"2023-03-08T18:14:54","guid":{"rendered":"https:\/\/www.vinquotidien.com\/?post_type=product&#038;p=6114"},"modified":"2025-03-24T15:52:51","modified_gmt":"2025-03-24T14:52:51","slug":"viognier-2022-cotes-du-rhone-chateau-gigognan","status":"publish","type":"product","link":"https:\/\/www.vinquotidien.com\/fr\/produit\/viognier-2022-cotes-du-rhone-chateau-gigognan\/","title":{"rendered":"Viognier 2023 &#8211; C\u00f4tes-du-Rh\u00f4ne &#8211; Ch\u00e2teau Gigognan"},"content":{"rendered":"<p><strong>Vigneron : <\/strong><br \/>\nCh\u00e2teau Gigognan<\/p>\n<p><strong>Appellation : <\/strong><br \/>\nC\u00f4tes-du-Rh\u00f4ne<\/p>\n<p><strong>R\u00e9gion : <\/strong><br \/>\nVall\u00e9e du Rh\u00f4ne<\/p>\n<p><strong>Et le vin\u2026<\/strong><br \/>\nC\u00e9page : 100% Viognier<br \/>\nSol argilo-calcaire et sablonneux.<br \/>\nVendang\u00e9 \u00e0 la main dans le respect du fruit, les raisins sont soigneusement tri\u00e9s dans la vigne puis au chai, avant d&rsquo;\u00eatre press\u00e9s.<br \/>\nLe pressurage doux garantit la qualit\u00e9 de l&rsquo;\u00e9coulage des jus.<br \/>\nFermentation \u00e0 basse temp\u00e9rature en cuve inox, et pour une partie (25 %) en barrique, afin de marier expression aromatique et complexit\u00e9 lors de l&rsquo;assemblage apr\u00e8s l&rsquo;\u00e9levage sur lies fines de 4 mois.<br \/>\nVin l\u00e9g\u00e8rement filtr\u00e9 avant la mise en bouteille en F\u00e9vrier.<\/p>\n<p><strong>Et dans le verre\u2026<\/strong><br \/>\nRobe jaune dor\u00e9e teint\u00e9e de reflets verts<br \/>\nAr\u00f4mes exotiques d\u2019ananas, de fruits \u00e0 chair blanche et de p\u00eache.<br \/>\nBel \u00e9quilibre en bouche alliant onctuosit\u00e9, finesse et tension.<br \/>\nFinale en explosion de fraicheur<\/p>\n<p><strong>Accords Mets &amp; Vins : <\/strong><br \/>\nG\u00e9nial avec les sushis<\/p>\n","protected":false},"excerpt":{"rendered":"<p><strong>Vigneron : <\/strong><br \/>\nCh\u00e2teau Gigognan<\/p>\n<p><strong>Appellation : <\/strong><br \/>\nC\u00f4tes-du-Rh\u00f4ne<\/p>\n<p><strong>R\u00e9gion : <\/strong><br \/>\nVall\u00e9e du Rh\u00f4ne<\/p>\n","protected":false},"featured_media":6115,"comment_status":"open","ping_status":"closed","template":"","meta":[],"product_brand":[],"product_cat":[26],"product_tag":[],"class_list":{"0":"post-6114","1":"product","2":"type-product","3":"status-publish","4":"has-post-thumbnail","6":"product_cat-vin-blanc","8":"first","9":"instock","10":"taxable","11":"shipping-taxable","12":"purchasable","13":"product-type-simple"},"group_of_quantity":6,"min_quantity":0,"max_quantity":"","exclude_order_quantity_value_rules":"no","exclude_category_quantity_rules":"no","combine_variations":"no","_links":{"self":[{"href":"https:\/\/www.vinquotidien.com\/fr\/wp-json\/wp\/v2\/product\/6114","targetHints":{"allow":["GET"]}}],"collection":[{"href":"https:\/\/www.vinquotidien.com\/fr\/wp-json\/wp\/v2\/product"}],"about":[{"href":"https:\/\/www.vinquotidien.com\/fr\/wp-json\/wp\/v2\/types\/product"}],"replies":[{"embeddable":true,"href":"https:\/\/www.vinquotidien.com\/fr\/wp-json\/wp\/v2\/comments?post=6114"}],"wp:featuredmedia":[{"embeddable":true,"href":"https:\/\/www.vinquotidien.com\/fr\/wp-json\/wp\/v2\/media\/6115"}],"wp:attachment":[{"href":"https:\/\/www.vinquotidien.com\/fr\/wp-json\/wp\/v2\/media?parent=6114"}],"wp:term":[{"taxonomy":"product_brand","embeddable":true,"href":"https:\/\/www.vinquotidien.com\/fr\/wp-json\/wp\/v2\/product_brand?post=6114"},{"taxonomy":"product_cat","embeddable":true,"href":"https:\/\/www.vinquotidien.com\/fr\/wp-json\/wp\/v2\/product_cat?post=6114"},{"taxonomy":"product_tag","embeddable":true,"href":"https:\/\/www.vinquotidien.com\/fr\/wp-json\/wp\/v2\/product_tag?post=6114"}],"curies":[{"name":"wp","href":"https:\/\/api.w.org\/{rel}","templated":true}]}}