{"id":6118,"date":"2023-03-08T19:41:44","date_gmt":"2023-03-08T18:41:44","guid":{"rendered":"https:\/\/www.vinquotidien.com\/?post_type=product&#038;p=6118"},"modified":"2026-05-09T11:21:29","modified_gmt":"2026-05-09T09:21:29","slug":"bois-des-moines-2019-cotes-du-rhone-villages-chateau-gigognan","status":"publish","type":"product","link":"https:\/\/www.vinquotidien.com\/fr\/produit\/bois-des-moines-2019-cotes-du-rhone-villages-chateau-gigognan\/","title":{"rendered":"Bois des Moines 2020 &#8211; C\u00f4tes-du-Rh\u00f4ne-Villages &#8211; Ch\u00e2teau Gigognan"},"content":{"rendered":"<p><strong>Vigneron : <\/strong><br \/>\nCh\u00e2teau Gigognan<\/p>\n<p><strong>Appellation : <\/strong><br \/>\nC\u00f4tes-du-Rh\u00f4ne-Villages<\/p>\n<p><strong>R\u00e9gion : <\/strong><br \/>\nVall\u00e9e du Rh\u00f4ne<\/p>\n<p><strong>Et le vin\u2026<\/strong><br \/>\nC\u00e9pages : 45% Grenache noir, 40% Mourv\u00e8dre, 15% Syrah.<br \/>\nTerrasses anciennes sur sables et calcaires marneux. Exposition plein sud, sur coteaux en pente l\u00e9g\u00e8re.<br \/>\nFermentation \u00e0 basse temp\u00e9rature ma\u00eetris\u00e9e avec pilotage rigoureux des extractions, r\u00e9alis\u00e9es par l\u00e9gers remontages et pigeages.<br \/>\nApr\u00e8s la fermentation malolactique, l&rsquo;\u00e9levage se d\u00e9roule durant 18 mois en cuves b\u00e9ton ovo\u00efdales et barriques (25%).<\/p>\n<p><strong>Et dans le verre\u2026<\/strong><br \/>\nRobe pourpre intense.<br \/>\nNez subtil et gourmand de fruits noirs, myrtilles et cassis, et de r\u00e9glisse, associ\u00e9es \u00e0 des notes \u00e9pic\u00e9es de garrigue<br \/>\nLa bouche, dans la ligne directe des ar\u00f4mes du nez, propose des tanins souples et soyeux et une longueur \u00e9tonnante.<\/p>\n<p><strong>Accords Mets &amp; Vins : <\/strong><br \/>\nPour accompagner plats m\u00e9ridionaux encore des fromages rac\u00e9s.<\/p>\n","protected":false},"excerpt":{"rendered":"<p><strong>Vigneron : <\/strong><br \/>\nCh\u00e2teau Gigognan<\/p>\n<p><strong>Appellation : <\/strong><br \/>\nC\u00f4tes-du-Rh\u00f4ne-Villages<\/p>\n<p><strong>R\u00e9gion : <\/strong><br \/>\nVall\u00e9e du Rh\u00f4ne<\/p>\n","protected":false},"featured_media":8329,"comment_status":"open","ping_status":"closed","template":"","meta":[],"product_brand":[],"product_cat":[25],"product_tag":[],"class_list":{"0":"post-6118","1":"product","2":"type-product","3":"status-publish","4":"has-post-thumbnail","6":"product_cat-vin-rouge","8":"first","9":"instock","10":"taxable","11":"shipping-taxable","12":"purchasable","13":"product-type-simple"},"group_of_quantity":6,"min_quantity":0,"max_quantity":"","exclude_order_quantity_value_rules":"no","exclude_category_quantity_rules":"no","combine_variations":"no","_links":{"self":[{"href":"https:\/\/www.vinquotidien.com\/fr\/wp-json\/wp\/v2\/product\/6118","targetHints":{"allow":["GET"]}}],"collection":[{"href":"https:\/\/www.vinquotidien.com\/fr\/wp-json\/wp\/v2\/product"}],"about":[{"href":"https:\/\/www.vinquotidien.com\/fr\/wp-json\/wp\/v2\/types\/product"}],"replies":[{"embeddable":true,"href":"https:\/\/www.vinquotidien.com\/fr\/wp-json\/wp\/v2\/comments?post=6118"}],"wp:featuredmedia":[{"embeddable":true,"href":"https:\/\/www.vinquotidien.com\/fr\/wp-json\/wp\/v2\/media\/8329"}],"wp:attachment":[{"href":"https:\/\/www.vinquotidien.com\/fr\/wp-json\/wp\/v2\/media?parent=6118"}],"wp:term":[{"taxonomy":"product_brand","embeddable":true,"href":"https:\/\/www.vinquotidien.com\/fr\/wp-json\/wp\/v2\/product_brand?post=6118"},{"taxonomy":"product_cat","embeddable":true,"href":"https:\/\/www.vinquotidien.com\/fr\/wp-json\/wp\/v2\/product_cat?post=6118"},{"taxonomy":"product_tag","embeddable":true,"href":"https:\/\/www.vinquotidien.com\/fr\/wp-json\/wp\/v2\/product_tag?post=6118"}],"curies":[{"name":"wp","href":"https:\/\/api.w.org\/{rel}","templated":true}]}}