{"id":6122,"date":"2023-03-08T20:02:40","date_gmt":"2023-03-08T19:02:40","guid":{"rendered":"https:\/\/www.vinquotidien.com\/?post_type=product&#038;p=6122"},"modified":"2026-02-20T09:06:26","modified_gmt":"2026-02-20T08:06:26","slug":"le-clos-du-roi-2020-chateauneuf-du-pape-blanc-chateau-gigognan","status":"publish","type":"product","link":"https:\/\/www.vinquotidien.com\/fr\/produit\/le-clos-du-roi-2020-chateauneuf-du-pape-blanc-chateau-gigognan\/","title":{"rendered":"Le Clos du Roi 2020 &#8211; Ch\u00e2teauneuf-du-Pape blanc &#8211; Ch\u00e2teau Gigognan"},"content":{"rendered":"<p><strong>Vigneron : <\/strong><br \/>\nCh\u00e2teau Gigognan<\/p>\n<p><strong>Appellation : <\/strong><br \/>\nCh\u00e2teauneuf-du-Pape<\/p>\n<p><strong>R\u00e9gion : <\/strong><br \/>\nVall\u00e9e du Rh\u00f4ne<\/p>\n<p><strong>Quotation \/Score :<\/strong><\/p>\n<p><strong>Et le vin\u2026<\/strong><br \/>\nC\u00e9pages : 45% Grenache blanc, 45% Clairette, 10% Roussanne<br \/>\nTerroir : Terrasses \u00e0 galets roul\u00e9s.<br \/>\nVendanges manuelles puis fermentation et \u00e9levage en f\u00fbts de ch\u00eane pour 40 % de la production (dont 40 % de foudre et 15 % de bois neuf).<br \/>\nB\u00e2tonnages r\u00e9gulier des lies fines pendant 9 mois.<\/p>\n<p><strong>Et dans le verre\u2026<\/strong><br \/>\nRobe or intense et chatoyante.<br \/>\nJolies notes de fruits blancs et des touches de miel d&rsquo;acacia pour son nez expressif<br \/>\nBouche riche et ample, dont le bois\u00e9 subtil apporte structure, finesse et \u00e9l\u00e9gance.<br \/>\nFinale port\u00e9e par la tension naturelle du vin et grande profondeur.<\/p>\n<p><strong>Accords Mets &amp; Vins : <\/strong><br \/>\nParfait avec un croustillants de Saint Jacques ou des fromage tel que Salers et Comt\u00e9.<\/p>\n","protected":false},"excerpt":{"rendered":"<p><strong>Vigneron : <\/strong><br \/>\nCh\u00e2teau Gigognan<\/p>\n<p><strong>Appellation : <\/strong><br \/>\nCh\u00e2teauneuf-du-Pape<\/p>\n<p><strong>R\u00e9gion : <\/strong><br \/>\nVall\u00e9e du Rh\u00f4ne<\/p>\n<p><strong>Quotation \/Score :<\/strong><\/p>\n","protected":false},"featured_media":8331,"comment_status":"open","ping_status":"closed","template":"","meta":[],"product_brand":[],"product_cat":[26,90],"product_tag":[],"class_list":{"0":"post-6122","1":"product","2":"type-product","3":"status-publish","4":"has-post-thumbnail","6":"product_cat-vin-blanc","7":"product_cat-vip-corner","9":"first","10":"instock","11":"taxable","12":"shipping-taxable","13":"purchasable","14":"product-type-simple"},"group_of_quantity":6,"min_quantity":0,"max_quantity":"","exclude_order_quantity_value_rules":"no","exclude_category_quantity_rules":"no","combine_variations":"no","_links":{"self":[{"href":"https:\/\/www.vinquotidien.com\/fr\/wp-json\/wp\/v2\/product\/6122","targetHints":{"allow":["GET"]}}],"collection":[{"href":"https:\/\/www.vinquotidien.com\/fr\/wp-json\/wp\/v2\/product"}],"about":[{"href":"https:\/\/www.vinquotidien.com\/fr\/wp-json\/wp\/v2\/types\/product"}],"replies":[{"embeddable":true,"href":"https:\/\/www.vinquotidien.com\/fr\/wp-json\/wp\/v2\/comments?post=6122"}],"wp:featuredmedia":[{"embeddable":true,"href":"https:\/\/www.vinquotidien.com\/fr\/wp-json\/wp\/v2\/media\/8331"}],"wp:attachment":[{"href":"https:\/\/www.vinquotidien.com\/fr\/wp-json\/wp\/v2\/media?parent=6122"}],"wp:term":[{"taxonomy":"product_brand","embeddable":true,"href":"https:\/\/www.vinquotidien.com\/fr\/wp-json\/wp\/v2\/product_brand?post=6122"},{"taxonomy":"product_cat","embeddable":true,"href":"https:\/\/www.vinquotidien.com\/fr\/wp-json\/wp\/v2\/product_cat?post=6122"},{"taxonomy":"product_tag","embeddable":true,"href":"https:\/\/www.vinquotidien.com\/fr\/wp-json\/wp\/v2\/product_tag?post=6122"}],"curies":[{"name":"wp","href":"https:\/\/api.w.org\/{rel}","templated":true}]}}