{"id":6126,"date":"2023-03-08T20:29:21","date_gmt":"2023-03-08T19:29:21","guid":{"rendered":"https:\/\/www.vinquotidien.com\/?post_type=product&#038;p=6126"},"modified":"2026-02-20T09:06:23","modified_gmt":"2026-02-20T08:06:23","slug":"le-clos-du-roi-2019-chateauneuf-du-pape-rouge-chateau-gigognan","status":"publish","type":"product","link":"https:\/\/www.vinquotidien.com\/fr\/produit\/le-clos-du-roi-2019-chateauneuf-du-pape-rouge-chateau-gigognan\/","title":{"rendered":"Le Clos du Roi 2022 &#8211; Ch\u00e2teauneuf-du-Pape rouge &#8211; Ch\u00e2teau Gigognan"},"content":{"rendered":"<p><strong>Vigneron : <\/strong><br \/>\nCh\u00e2teau Gigognan<\/p>\n<p><strong>Appellation : <\/strong><br \/>\nCh\u00e2teauneuf-du-Pape<\/p>\n<p><strong>R\u00e9gion : <\/strong><br \/>\nVall\u00e9e du Rh\u00f4ne<\/p>\n<p><strong>Et le vin\u2026<\/strong><br \/>\nC\u00e9pages : 70 % Grenache, 20% Mourv\u00e8dre, 10% Syrah<br \/>\nSol argilo-calcaire recouvert de galets roul\u00e9s.<br \/>\nVendanges manuelles avec tri rigoureux.<br \/>\nRaisins foul\u00e9s et \u00e9grapp\u00e9s, fermentation en cuve inox \u00e0 temp\u00e9rature ma\u00eetris\u00e9e.<br \/>\nLongue cuvaison avec nombreux remontages et d\u00e9lestages pour une meilleure extraction de la couleur et des tanins (4 semaines).<br \/>\nAssemblage apr\u00e8s fermentation malolactique, \u00e9levage en barriques et demi-muids (50%) et en cuve inox (50%). Filtration l\u00e9g\u00e8re et mise en bouteilles en Juin<\/p>\n<p><strong>Et dans le verre\u2026<\/strong><br \/>\nRobe rouge cerise brillante.<br \/>\nAu nez des ar\u00f4mes de fruits rouges m\u00fbrs, d&rsquo;\u00e9pices et de sous-bois.<br \/>\nLa bouche puissante et g\u00e9n\u00e9reuse exhale des tanins fins et soyeux.<br \/>\nLa finale, exceptionnellement longue est un pur plaisir gustatif<\/p>\n<p><strong>Accords Mets &amp; Vins : <\/strong><br \/>\nIl sera le compagnon id\u00e9al des viandes rouges, gibiers et fromages de caract\u00e8re<\/p>\n","protected":false},"excerpt":{"rendered":"<p><strong>Vigneron : <\/strong><br \/>\nCh\u00e2teau Gigognan<\/p>\n<p><strong>Appellation : <\/strong><br \/>\nCh\u00e2teauneuf-du-Pape<\/p>\n<p><strong>R\u00e9gion : <\/strong><br \/>\nVall\u00e9e du Rh\u00f4ne<\/p>\n","protected":false},"featured_media":8333,"comment_status":"open","ping_status":"closed","template":"","meta":[],"product_brand":[],"product_cat":[90,25],"product_tag":[],"class_list":{"0":"post-6126","1":"product","2":"type-product","3":"status-publish","4":"has-post-thumbnail","6":"product_cat-vip-corner","7":"product_cat-vin-rouge","9":"first","10":"instock","11":"taxable","12":"shipping-taxable","13":"purchasable","14":"product-type-simple"},"group_of_quantity":6,"min_quantity":0,"max_quantity":"","exclude_order_quantity_value_rules":"no","exclude_category_quantity_rules":"no","combine_variations":"no","_links":{"self":[{"href":"https:\/\/www.vinquotidien.com\/fr\/wp-json\/wp\/v2\/product\/6126","targetHints":{"allow":["GET"]}}],"collection":[{"href":"https:\/\/www.vinquotidien.com\/fr\/wp-json\/wp\/v2\/product"}],"about":[{"href":"https:\/\/www.vinquotidien.com\/fr\/wp-json\/wp\/v2\/types\/product"}],"replies":[{"embeddable":true,"href":"https:\/\/www.vinquotidien.com\/fr\/wp-json\/wp\/v2\/comments?post=6126"}],"wp:featuredmedia":[{"embeddable":true,"href":"https:\/\/www.vinquotidien.com\/fr\/wp-json\/wp\/v2\/media\/8333"}],"wp:attachment":[{"href":"https:\/\/www.vinquotidien.com\/fr\/wp-json\/wp\/v2\/media?parent=6126"}],"wp:term":[{"taxonomy":"product_brand","embeddable":true,"href":"https:\/\/www.vinquotidien.com\/fr\/wp-json\/wp\/v2\/product_brand?post=6126"},{"taxonomy":"product_cat","embeddable":true,"href":"https:\/\/www.vinquotidien.com\/fr\/wp-json\/wp\/v2\/product_cat?post=6126"},{"taxonomy":"product_tag","embeddable":true,"href":"https:\/\/www.vinquotidien.com\/fr\/wp-json\/wp\/v2\/product_tag?post=6126"}],"curies":[{"name":"wp","href":"https:\/\/api.w.org\/{rel}","templated":true}]}}