{"id":6159,"date":"2023-03-15T10:14:12","date_gmt":"2023-03-15T09:14:12","guid":{"rendered":"https:\/\/www.vinquotidien.com\/?post_type=product&#038;p=6159"},"modified":"2025-05-13T17:02:22","modified_gmt":"2025-05-13T15:02:22","slug":"le-pastis-demile","status":"publish","type":"product","link":"https:\/\/www.vinquotidien.com\/fr\/produit\/le-pastis-demile\/","title":{"rendered":"Le Pastis d&rsquo;Emile &#8211; Distillerie Jean Gauthier"},"content":{"rendered":"<p><strong>Producteur :<\/strong><br \/>\nDistillerie Jean Gauthier<\/p>\n<p><strong>D\u00e9nomination \/ Appellation :<\/strong><br \/>\nPastis<\/p>\n<p><strong>R\u00e9gion :<\/strong><br \/>\nArd\u00e8che<\/p>\n<p><strong>Et le pastis\u2026<\/strong><br \/>\nLe Pastis d\u2019Emile : un vrai pastis artisanal, aux parfums incomparables !<br \/>\nIngr\u00e9dients : Eau, alcool, sucre, substances v\u00e9g\u00e9tales (r\u00e9glisse, fenouil, anis..), caramel<br \/>\nCe pastis est le r\u00e9sultat de la mac\u00e9ration de plusieurs plantes : le fenouil et la r\u00e9glisse notamment<br \/>\nApr\u00e8s cette mac\u00e9ration, le pastis est distill\u00e9 lentement pour en extraire tous les ar\u00f4mes<br \/>\n70cl \/ 45 % vol<\/p>\n<p><strong>Et dans le verre\u2026<\/strong><br \/>\nRobe limpide, qui se trouble lorsqu\u2019il est m\u00e9lang\u00e9 \u00e0 l\u2019eau<br \/>\nSaveur franche d\u2019anis \u00e9toil\u00e9 et de r\u00e9glisse.<\/p>\n<p><strong>Accords Mets &amp; Vins :<\/strong><br \/>\n\u00c0 d\u00e9couvrir en ap\u00e9ritif \u00e9videmment !<br \/>\nLe pastis se boit additionn\u00e9 de 5 fois son volume d\u2019eau fra\u00eeche.<br \/>\nEviter le contact direct avec les gla\u00e7ons.<\/p>\n","protected":false},"excerpt":{"rendered":"<p><strong>Producteur :<\/strong><br \/>\nDistillerie Jean Gauthier<\/p>\n<p><strong>D\u00e9nomination \/ Appellation :<\/strong><br \/>\nPastis<\/p>\n<p><strong>R\u00e9gion :<\/strong><br \/>\nArd\u00e8che<\/p>\n","protected":false},"featured_media":6160,"comment_status":"open","ping_status":"closed","template":"","meta":[],"product_brand":[],"product_cat":[83,100],"product_tag":[],"class_list":{"0":"post-6159","1":"product","2":"type-product","3":"status-publish","4":"has-post-thumbnail","6":"product_cat-spiritueux","7":"product_cat-vente-a-lunite","9":"first","10":"instock","11":"taxable","12":"shipping-taxable","13":"purchasable","14":"product-type-simple"},"group_of_quantity":1,"min_quantity":0,"max_quantity":"","exclude_order_quantity_value_rules":"no","exclude_category_quantity_rules":"no","combine_variations":"no","_links":{"self":[{"href":"https:\/\/www.vinquotidien.com\/fr\/wp-json\/wp\/v2\/product\/6159","targetHints":{"allow":["GET"]}}],"collection":[{"href":"https:\/\/www.vinquotidien.com\/fr\/wp-json\/wp\/v2\/product"}],"about":[{"href":"https:\/\/www.vinquotidien.com\/fr\/wp-json\/wp\/v2\/types\/product"}],"replies":[{"embeddable":true,"href":"https:\/\/www.vinquotidien.com\/fr\/wp-json\/wp\/v2\/comments?post=6159"}],"wp:featuredmedia":[{"embeddable":true,"href":"https:\/\/www.vinquotidien.com\/fr\/wp-json\/wp\/v2\/media\/6160"}],"wp:attachment":[{"href":"https:\/\/www.vinquotidien.com\/fr\/wp-json\/wp\/v2\/media?parent=6159"}],"wp:term":[{"taxonomy":"product_brand","embeddable":true,"href":"https:\/\/www.vinquotidien.com\/fr\/wp-json\/wp\/v2\/product_brand?post=6159"},{"taxonomy":"product_cat","embeddable":true,"href":"https:\/\/www.vinquotidien.com\/fr\/wp-json\/wp\/v2\/product_cat?post=6159"},{"taxonomy":"product_tag","embeddable":true,"href":"https:\/\/www.vinquotidien.com\/fr\/wp-json\/wp\/v2\/product_tag?post=6159"}],"curies":[{"name":"wp","href":"https:\/\/api.w.org\/{rel}","templated":true}]}}