{"id":6184,"date":"2023-03-20T16:04:25","date_gmt":"2023-03-20T15:04:25","guid":{"rendered":"https:\/\/www.vinquotidien.com\/?post_type=product&#038;p=6184"},"modified":"2026-03-18T11:39:14","modified_gmt":"2026-03-18T10:39:14","slug":"en-terres-noires-2020-saint-veran-domaine-des-deux-roches","status":"publish","type":"product","link":"https:\/\/www.vinquotidien.com\/fr\/produit\/en-terres-noires-2020-saint-veran-domaine-des-deux-roches\/","title":{"rendered":"En Terres Noires 2022 &#8211; Saint-V\u00e9ran &#8211; Domaine des Deux Roches"},"content":{"rendered":"<p><strong>Vigneron : <\/strong><br \/>\nCollovray &amp; Terrier &#8211; Domaine des Deux Roches<\/p>\n<p><strong>Appellation : <\/strong><br \/>\nSaint-V\u00e9ran<\/p>\n<p><strong>R\u00e9gion : <\/strong><br \/>\nBourgogne<\/p>\n<p><strong>Et le vin\u2026<\/strong><br \/>\nC\u00e9page : 100% Chardonnay<br \/>\nSol de calcaires durs<br \/>\nIssu d&rsquo;une parcelle unique situ\u00e9e sur la face sud de la Roche de Solutr\u00e9.<br \/>\nLe nom \u00ab Terres Noires \u00bb provient de la couleur du sous-sol riche en humus.<br \/>\nVinification : Presses lentes \u00e0 l&rsquo;aide de pressoirs pneumatiques.<br \/>\nMo\u00fbt d\u00e9bourb\u00e9 \u00e0 basse temp\u00e9rature. Fermentation alcoolique effectu\u00e9e en cuves et en futs. Apr\u00e8s les fermentations alcooliques et malolactiques, les vins sont \u00e9lev\u00e9s sur lies fines jusqu&rsquo;\u00e0 la mise en bouteille en d\u00e9but d&rsquo;\u00e9t\u00e9.<\/p>\n<p><strong>Et dans le verre\u2026<\/strong><br \/>\nBelle robe dor\u00e9e intense.<br \/>\nNez tr\u00e8s complexe de fleurs, de brioche et de pain grill\u00e9.<br \/>\nBouche bien beurr\u00e9e et finement min\u00e9rale rehauss\u00e9e de touches d\u2019abricots et d\u2019amandes<br \/>\nAmple et riche en go\u00fbt sur une finale d\u00e9licate et rafraichissante<\/p>\n<p><strong>Accords Mets &amp; Vins : <\/strong><br \/>\nTr\u00e8s agr\u00e9able d\u00e8s l&rsquo;ap\u00e9ritif et avec les fromages de ch\u00e8vre, il accompagnera parfaitement les poissons, les crustac\u00e9s et les coquillages.<\/p>\n","protected":false},"excerpt":{"rendered":"<p><strong>Vigneron : <\/strong><br \/>\nCollovray &amp; Terrier &#8211; Domaine des Deux Roches<\/p>\n<p><strong>Appellation : <\/strong><br \/>\nSaint-V\u00e9ran<\/p>\n<p><strong>R\u00e9gion : <\/strong><br \/>\nBourgogne<\/p>\n","protected":false},"featured_media":6185,"comment_status":"open","ping_status":"closed","template":"","meta":[],"product_brand":[],"product_cat":[26],"product_tag":[],"class_list":{"0":"post-6184","1":"product","2":"type-product","3":"status-publish","4":"has-post-thumbnail","6":"product_cat-vin-blanc","8":"first","9":"instock","10":"taxable","11":"shipping-taxable","12":"purchasable","13":"product-type-simple"},"group_of_quantity":6,"min_quantity":0,"max_quantity":"","exclude_order_quantity_value_rules":"no","exclude_category_quantity_rules":"no","combine_variations":"no","_links":{"self":[{"href":"https:\/\/www.vinquotidien.com\/fr\/wp-json\/wp\/v2\/product\/6184","targetHints":{"allow":["GET"]}}],"collection":[{"href":"https:\/\/www.vinquotidien.com\/fr\/wp-json\/wp\/v2\/product"}],"about":[{"href":"https:\/\/www.vinquotidien.com\/fr\/wp-json\/wp\/v2\/types\/product"}],"replies":[{"embeddable":true,"href":"https:\/\/www.vinquotidien.com\/fr\/wp-json\/wp\/v2\/comments?post=6184"}],"wp:featuredmedia":[{"embeddable":true,"href":"https:\/\/www.vinquotidien.com\/fr\/wp-json\/wp\/v2\/media\/6185"}],"wp:attachment":[{"href":"https:\/\/www.vinquotidien.com\/fr\/wp-json\/wp\/v2\/media?parent=6184"}],"wp:term":[{"taxonomy":"product_brand","embeddable":true,"href":"https:\/\/www.vinquotidien.com\/fr\/wp-json\/wp\/v2\/product_brand?post=6184"},{"taxonomy":"product_cat","embeddable":true,"href":"https:\/\/www.vinquotidien.com\/fr\/wp-json\/wp\/v2\/product_cat?post=6184"},{"taxonomy":"product_tag","embeddable":true,"href":"https:\/\/www.vinquotidien.com\/fr\/wp-json\/wp\/v2\/product_tag?post=6184"}],"curies":[{"name":"wp","href":"https:\/\/api.w.org\/{rel}","templated":true}]}}