{"id":6192,"date":"2023-03-21T08:54:19","date_gmt":"2023-03-21T07:54:19","guid":{"rendered":"https:\/\/www.vinquotidien.com\/?post_type=product&#038;p=6192"},"modified":"2025-10-28T14:48:18","modified_gmt":"2025-10-28T13:48:18","slug":"ceptembre-rouge-2022-domaine-thierry-delaunay","status":"publish","type":"product","link":"https:\/\/www.vinquotidien.com\/fr\/produit\/ceptembre-rouge-2022-domaine-thierry-delaunay\/","title":{"rendered":"Ceptembre Pinot Noir 2024 &#8211; Domaine Thierry Delaunay"},"content":{"rendered":"<p><strong>Vigneron : <\/strong><br \/>\nDomaine Thierry Delaunay<\/p>\n<p><strong>Appellation : <\/strong><br \/>\nVin de France<\/p>\n<p><strong>R\u00e9gion : <\/strong><br \/>\nLoire<\/p>\n<p><strong>Et le vin\u2026<\/strong><br \/>\nC\u00e9page : 100% Pinot Noir<br \/>\nCe vin est issu d\u2019une s\u00e9lection des meilleures cuv\u00e9es de Pinot Noir de tous les vignobles de France qui, une fois assembl\u00e9es et \u00e9lev\u00e9es sur lies fines, expriment toutes les qualit\u00e9s des diff\u00e9rents terroirs dont elles proviennent lui apportant complexit\u00e9, \u00e9l\u00e9gance et<br \/>\nfinesse.<br \/>\nPressurage pneumatique<br \/>\nFermentation alcoolique \u00e0 16\u00b0C<br \/>\nElevage sur lies fines en cuves inox<\/p>\n<p><strong>Et dans le verre\u2026<\/strong><br \/>\nRobe rouge brillante, claire et app\u00e9tissante<br \/>\nNez o\u00f9 se m\u00ealent les notes de fruits rouges et noirs, cerise et cassis sur une pointe l\u00e9g\u00e8rement \u00e9pic\u00e9e de menthol et d\u2019amande<br \/>\nLa jolie palette aromatique se retrouve dans une bouche \u00e0 la fra\u00eecheur tr\u00e8s s\u00e9duisante<\/p>\n<p><strong>Accords Mets &amp; Vins : <\/strong><br \/>\nTr\u00e8s polyvalent nous l\u2019avons test\u00e9 et ador\u00e9 en bonne compagnie, \u00e0 l\u2019ap\u00e9ro avec quelques tranches de saucisson.<\/p>\n","protected":false},"excerpt":{"rendered":"<p><strong>Vigneron : <\/strong><br \/>\nDomaine Thierry Delaunay<\/p>\n<p><strong>Appellation : <\/strong><br \/>\nVin de France<\/p>\n<p><strong>R\u00e9gion : <\/strong><br \/>\nLoire<\/p>\n","protected":false},"featured_media":6196,"comment_status":"open","ping_status":"closed","template":"","meta":[],"product_brand":[],"product_cat":[25],"product_tag":[],"class_list":{"0":"post-6192","1":"product","2":"type-product","3":"status-publish","4":"has-post-thumbnail","6":"product_cat-vin-rouge","8":"first","9":"instock","10":"taxable","11":"shipping-taxable","12":"purchasable","13":"product-type-simple"},"group_of_quantity":6,"min_quantity":0,"max_quantity":"","exclude_order_quantity_value_rules":"no","exclude_category_quantity_rules":"no","combine_variations":"no","_links":{"self":[{"href":"https:\/\/www.vinquotidien.com\/fr\/wp-json\/wp\/v2\/product\/6192","targetHints":{"allow":["GET"]}}],"collection":[{"href":"https:\/\/www.vinquotidien.com\/fr\/wp-json\/wp\/v2\/product"}],"about":[{"href":"https:\/\/www.vinquotidien.com\/fr\/wp-json\/wp\/v2\/types\/product"}],"replies":[{"embeddable":true,"href":"https:\/\/www.vinquotidien.com\/fr\/wp-json\/wp\/v2\/comments?post=6192"}],"wp:featuredmedia":[{"embeddable":true,"href":"https:\/\/www.vinquotidien.com\/fr\/wp-json\/wp\/v2\/media\/6196"}],"wp:attachment":[{"href":"https:\/\/www.vinquotidien.com\/fr\/wp-json\/wp\/v2\/media?parent=6192"}],"wp:term":[{"taxonomy":"product_brand","embeddable":true,"href":"https:\/\/www.vinquotidien.com\/fr\/wp-json\/wp\/v2\/product_brand?post=6192"},{"taxonomy":"product_cat","embeddable":true,"href":"https:\/\/www.vinquotidien.com\/fr\/wp-json\/wp\/v2\/product_cat?post=6192"},{"taxonomy":"product_tag","embeddable":true,"href":"https:\/\/www.vinquotidien.com\/fr\/wp-json\/wp\/v2\/product_tag?post=6192"}],"curies":[{"name":"wp","href":"https:\/\/api.w.org\/{rel}","templated":true}]}}