{"id":6202,"date":"2023-03-23T16:29:14","date_gmt":"2023-03-23T15:29:14","guid":{"rendered":"https:\/\/www.vinquotidien.com\/?post_type=product&#038;p=6202"},"modified":"2025-03-24T15:47:06","modified_gmt":"2025-03-24T14:47:06","slug":"clos-les-remparts-rouge-2019-graves-bordeaux","status":"publish","type":"product","link":"https:\/\/www.vinquotidien.com\/fr\/produit\/clos-les-remparts-rouge-2019-graves-bordeaux\/","title":{"rendered":"Clos Les Remparts rouge 2020 &#8211; Graves &#8211; Bordeaux"},"content":{"rendered":"<p><strong>Vigneron : <\/strong><br \/>\nClos Les Remparts \/ Clos Daddy<\/p>\n<p><strong>Appellation : <\/strong><br \/>\nGraves<\/p>\n<p><strong>R\u00e9gion : <\/strong><br \/>\nBordeaux<\/p>\n<p><strong>Quotation \/Score :<\/strong><\/p>\n<p><strong>Et le vin\u2026<\/strong><br \/>\nC\u00e9page : 100% Merlot<br \/>\nVignes d\u2019un \u00e2ge moyen de 35 ans, sols de type graves sableuses et gravillons fins<br \/>\nVendanges manuelles, bas rendements et s\u00e9lections rigoureuses des lots d\u2019assemblage.<br \/>\nFermentation en cuve inox, malolactique en cuves et en barriques.<br \/>\nElevage en f\u00fbts de ch\u00eane fran\u00e7ais et am\u00e9ricains de 400L.<br \/>\nVignoble en certification HVE<\/p>\n<p><strong>Et dans le verre\u2026<\/strong><br \/>\nRobe rouge profonde.<br \/>\nNez \u00e9pic\u00e9 rehauss\u00e9 de baies rouges et d\u2019une touche empyreumatique<br \/>\nLa bouche ronde, \u00e9quilibr\u00e9e pr\u00e9sente des tanins fins et ample et une finale agr\u00e9able.<br \/>\nUn vin tout en harmonie.<\/p>\n<p><strong>Accords Mets &amp; Vins : <\/strong><br \/>\nAvec un pav\u00e9 de b\u0153uf ou des c\u00f4tes d\u2019agneau<\/p>\n","protected":false},"excerpt":{"rendered":"<p><strong>Vigneron : <\/strong><br \/>\nClos Les Remparts \/ Clos Daddy<\/p>\n<p><strong>Appellation : <\/strong><br \/>\nGraves<\/p>\n<p><strong>R\u00e9gion : <\/strong><br \/>\nBordeaux<\/p>\n<p><strong>Quotation \/Score :<\/strong><\/p>\n","protected":false},"featured_media":6203,"comment_status":"open","ping_status":"closed","template":"","meta":[],"product_brand":[],"product_cat":[25],"product_tag":[],"class_list":{"0":"post-6202","1":"product","2":"type-product","3":"status-publish","4":"has-post-thumbnail","6":"product_cat-vin-rouge","8":"first","9":"instock","10":"taxable","11":"shipping-taxable","12":"purchasable","13":"product-type-simple"},"group_of_quantity":6,"min_quantity":0,"max_quantity":"","exclude_order_quantity_value_rules":"no","exclude_category_quantity_rules":"no","combine_variations":"no","_links":{"self":[{"href":"https:\/\/www.vinquotidien.com\/fr\/wp-json\/wp\/v2\/product\/6202","targetHints":{"allow":["GET"]}}],"collection":[{"href":"https:\/\/www.vinquotidien.com\/fr\/wp-json\/wp\/v2\/product"}],"about":[{"href":"https:\/\/www.vinquotidien.com\/fr\/wp-json\/wp\/v2\/types\/product"}],"replies":[{"embeddable":true,"href":"https:\/\/www.vinquotidien.com\/fr\/wp-json\/wp\/v2\/comments?post=6202"}],"wp:featuredmedia":[{"embeddable":true,"href":"https:\/\/www.vinquotidien.com\/fr\/wp-json\/wp\/v2\/media\/6203"}],"wp:attachment":[{"href":"https:\/\/www.vinquotidien.com\/fr\/wp-json\/wp\/v2\/media?parent=6202"}],"wp:term":[{"taxonomy":"product_brand","embeddable":true,"href":"https:\/\/www.vinquotidien.com\/fr\/wp-json\/wp\/v2\/product_brand?post=6202"},{"taxonomy":"product_cat","embeddable":true,"href":"https:\/\/www.vinquotidien.com\/fr\/wp-json\/wp\/v2\/product_cat?post=6202"},{"taxonomy":"product_tag","embeddable":true,"href":"https:\/\/www.vinquotidien.com\/fr\/wp-json\/wp\/v2\/product_tag?post=6202"}],"curies":[{"name":"wp","href":"https:\/\/api.w.org\/{rel}","templated":true}]}}