{"id":6212,"date":"2023-03-23T16:56:44","date_gmt":"2023-03-23T15:56:44","guid":{"rendered":"https:\/\/www.vinquotidien.com\/?post_type=product&#038;p=6212"},"modified":"2025-03-24T15:46:30","modified_gmt":"2025-03-24T14:46:30","slug":"clos-les-remparts-blanc-2019-graves-bordeaux","status":"publish","type":"product","link":"https:\/\/www.vinquotidien.com\/fr\/produit\/clos-les-remparts-blanc-2019-graves-bordeaux\/","title":{"rendered":"Clos Les Remparts blanc 2020 &#8211; Graves &#8211; Bordeaux"},"content":{"rendered":"<p><strong>Vigneron : <\/strong><br \/>\nClos Les Remparts \/ Clos Daddy<\/p>\n<p><strong>Appellation : <\/strong><br \/>\nGraves<\/p>\n<p><strong>R\u00e9gion : <\/strong><br \/>\nBordeaux<\/p>\n<p><strong>Et le vin\u2026<\/strong><br \/>\nC\u00e9page : 70% S\u00e9millon, 30% Sauvignon Blanc<br \/>\nTerroirs : sable rouge sur calcaire, gravillons fins<br \/>\nVignes de 45 ans, plant\u00e9es \u00e0 6 600 par ha, taill\u00e9es en c\u00f4t<br \/>\nVendanges manuelles, vinification traditionnelles<br \/>\nFermentation en f\u00fbts de ch\u00eane fran\u00e7ais et d&rsquo;acacia, vieillissement<br \/>\nsur lies avec b\u00e2tonnages hebdomadaires.<br \/>\nVignoble en certification HVE<\/p>\n<p><strong>Et dans le verre\u2026<\/strong><br \/>\nCouleur jaune paille avec des reflets brillants.<br \/>\nNez aromatique de fruits blancs et de cassis associ\u00e9es \u00e0 des notes min\u00e9rales.<br \/>\nEn bouche, le vin lib\u00e8re fruit\u00e9 et fra\u00eecheur avec amplitude et finesse.<br \/>\nEn finale, l\u2019ensemble est frais et savoureux.<\/p>\n<p><strong>Accords Mets &amp; Vins : <\/strong><br \/>\nFruits de mer, crustac\u00e9s et poissons.<\/p>\n","protected":false},"excerpt":{"rendered":"<p><strong>Vigneron : <\/strong><br \/>\nClos Les Remparts \/ Clos Daddy<\/p>\n<p><strong>Appellation : <\/strong><br \/>\nGraves<\/p>\n<p><strong>R\u00e9gion : <\/strong><br \/>\nBordeaux<\/p>\n","protected":false},"featured_media":6213,"comment_status":"open","ping_status":"closed","template":"","meta":[],"product_brand":[],"product_cat":[26],"product_tag":[],"class_list":{"0":"post-6212","1":"product","2":"type-product","3":"status-publish","4":"has-post-thumbnail","6":"product_cat-vin-blanc","8":"first","9":"instock","10":"taxable","11":"shipping-taxable","12":"purchasable","13":"product-type-simple"},"group_of_quantity":6,"min_quantity":0,"max_quantity":"","exclude_order_quantity_value_rules":"no","exclude_category_quantity_rules":"no","combine_variations":"no","_links":{"self":[{"href":"https:\/\/www.vinquotidien.com\/fr\/wp-json\/wp\/v2\/product\/6212","targetHints":{"allow":["GET"]}}],"collection":[{"href":"https:\/\/www.vinquotidien.com\/fr\/wp-json\/wp\/v2\/product"}],"about":[{"href":"https:\/\/www.vinquotidien.com\/fr\/wp-json\/wp\/v2\/types\/product"}],"replies":[{"embeddable":true,"href":"https:\/\/www.vinquotidien.com\/fr\/wp-json\/wp\/v2\/comments?post=6212"}],"wp:featuredmedia":[{"embeddable":true,"href":"https:\/\/www.vinquotidien.com\/fr\/wp-json\/wp\/v2\/media\/6213"}],"wp:attachment":[{"href":"https:\/\/www.vinquotidien.com\/fr\/wp-json\/wp\/v2\/media?parent=6212"}],"wp:term":[{"taxonomy":"product_brand","embeddable":true,"href":"https:\/\/www.vinquotidien.com\/fr\/wp-json\/wp\/v2\/product_brand?post=6212"},{"taxonomy":"product_cat","embeddable":true,"href":"https:\/\/www.vinquotidien.com\/fr\/wp-json\/wp\/v2\/product_cat?post=6212"},{"taxonomy":"product_tag","embeddable":true,"href":"https:\/\/www.vinquotidien.com\/fr\/wp-json\/wp\/v2\/product_tag?post=6212"}],"curies":[{"name":"wp","href":"https:\/\/api.w.org\/{rel}","templated":true}]}}