{"id":6249,"date":"2023-04-25T17:27:53","date_gmt":"2023-04-25T15:27:53","guid":{"rendered":"https:\/\/www.vinquotidien.com\/?post_type=product&#038;p=6249"},"modified":"2025-03-24T15:46:02","modified_gmt":"2025-03-24T14:46:02","slug":"regnie-prunelle-de-navacelle","status":"publish","type":"product","link":"https:\/\/www.vinquotidien.com\/fr\/produit\/regnie-prunelle-de-navacelle\/","title":{"rendered":"R\u00e9gni\u00e9 2022 &#8211; Prunelle de Navacelle"},"content":{"rendered":"<p><strong>Vigneron : <\/strong><br \/>\nPrunelle de Navacelle<\/p>\n<p><strong>Appellation : <\/strong><br \/>\nR\u00e9gni\u00e9<\/p>\n<p><strong>R\u00e9gion : <\/strong><br \/>\nBeaujolais<\/p>\n<p><strong>Et le vin\u2026<\/strong><br \/>\nC\u00e9page : 100% Gamay<br \/>\nPetite surface de 0,64 Ha sur un sol granitique limoneux sableux. Age des vignes de 80 ans.<br \/>\nVendang\u00e9 et tri\u00e9 \u00e0 la main, vinifi\u00e9 en levures indig\u00e8nes, sans ajout de SO2.<br \/>\n70% grappe enti\u00e8re, 30% \u00e9rafl\u00e9, non chaptalis\u00e9. La mac\u00e9ration se fait de 12 \u00e0 20 jours.<br \/>\n\u00c9levage en demi-muids de 600L et foudre de ch\u00eane de huit \u00e0 douze mois, sur lies fines.<\/p>\n<p><strong>Et dans le verre\u2026<\/strong><br \/>\nRobe rouge profonde.<br \/>\nNez domin\u00e9 par la p\u00eache de vigne<br \/>\nBouche \u00e9l\u00e9gante aux tannins de velours et d\u2019\u00e9pices.<\/p>\n<p><strong>Accords Mets &amp; Vins : <\/strong><br \/>\nEt pourquoi avec un Navarin d\u2019agneau<\/p>\n","protected":false},"excerpt":{"rendered":"<p><strong>Vigneron : <\/strong><br \/>\nPrunelle de Navacelle<\/p>\n<p><strong>Appellation : <\/strong><br \/>\nR\u00e9gni\u00e9<\/p>\n<p><strong>R\u00e9gion : <\/strong><br \/>\nBeaujolais<\/p>\n","protected":false},"featured_media":6250,"comment_status":"open","ping_status":"closed","template":"","meta":[],"product_brand":[],"product_cat":[25],"product_tag":[],"class_list":{"0":"post-6249","1":"product","2":"type-product","3":"status-publish","4":"has-post-thumbnail","6":"product_cat-vin-rouge","8":"first","9":"instock","10":"taxable","11":"shipping-taxable","12":"purchasable","13":"product-type-simple"},"group_of_quantity":6,"min_quantity":0,"max_quantity":"","exclude_order_quantity_value_rules":"no","exclude_category_quantity_rules":"no","combine_variations":"no","_links":{"self":[{"href":"https:\/\/www.vinquotidien.com\/fr\/wp-json\/wp\/v2\/product\/6249","targetHints":{"allow":["GET"]}}],"collection":[{"href":"https:\/\/www.vinquotidien.com\/fr\/wp-json\/wp\/v2\/product"}],"about":[{"href":"https:\/\/www.vinquotidien.com\/fr\/wp-json\/wp\/v2\/types\/product"}],"replies":[{"embeddable":true,"href":"https:\/\/www.vinquotidien.com\/fr\/wp-json\/wp\/v2\/comments?post=6249"}],"wp:featuredmedia":[{"embeddable":true,"href":"https:\/\/www.vinquotidien.com\/fr\/wp-json\/wp\/v2\/media\/6250"}],"wp:attachment":[{"href":"https:\/\/www.vinquotidien.com\/fr\/wp-json\/wp\/v2\/media?parent=6249"}],"wp:term":[{"taxonomy":"product_brand","embeddable":true,"href":"https:\/\/www.vinquotidien.com\/fr\/wp-json\/wp\/v2\/product_brand?post=6249"},{"taxonomy":"product_cat","embeddable":true,"href":"https:\/\/www.vinquotidien.com\/fr\/wp-json\/wp\/v2\/product_cat?post=6249"},{"taxonomy":"product_tag","embeddable":true,"href":"https:\/\/www.vinquotidien.com\/fr\/wp-json\/wp\/v2\/product_tag?post=6249"}],"curies":[{"name":"wp","href":"https:\/\/api.w.org\/{rel}","templated":true}]}}