{"id":6256,"date":"2023-05-05T10:42:53","date_gmt":"2023-05-05T08:42:53","guid":{"rendered":"https:\/\/www.vinquotidien.com\/?post_type=product&#038;p=6256"},"modified":"2025-03-24T15:45:43","modified_gmt":"2025-03-24T14:45:43","slug":"maranges-blanc-2020-domaine-chevrot","status":"publish","type":"product","link":"https:\/\/www.vinquotidien.com\/fr\/produit\/maranges-blanc-2020-domaine-chevrot\/","title":{"rendered":"Maranges blanc 2020 &#8211; Domaine Chevrot"},"content":{"rendered":"<p><strong>Vigneron :<\/strong><br \/>\nDomaine Chevrot<\/p>\n<p><strong>Appellation :<\/strong><br \/>\nMaranges<\/p>\n<p><strong>R\u00e9gion :<\/strong><br \/>\nBourgogne<\/p>\n<p><strong>Et le vin\u2026<\/strong><br \/>\nC\u00e9page: 100 % Chardonnay, petite parcelle d\u2019un ha, plant\u00e9e de vignes de 40 ans en moyenne<br \/>\nLes raisins de ce Maranges sont cultiv\u00e9s sur une belle terrasse de graves calcaires et granitiques orient\u00e9e plein Sud \u00e0 proximit\u00e9 de la rivi\u00e8re \u00ab\u00a0la Cozanne\u00a0\u00bb.<br \/>\nVendanges manuelles effectu\u00e9es le matin, l\u00e9ger foulage et pressurage long avec s\u00e9lection des meilleurs jus.<br \/>\nSulfitage mod\u00e9r\u00e9 et apr\u00e8s d\u00e9cantation d\u2019une nuit, fermentation par levures indig\u00e8nes en cuve f\u00fbt durant environ 1 mois entre 15 et 23 \u00b0C.<br \/>\nFermentation malolactique r\u00e9alis\u00e9e en totalit\u00e9.<br \/>\nElevage de 15 mois dont 12 mois en f\u00fbts de ch\u00eane fran\u00e7ais -20 % f\u00fbts neuf sur la cuv\u00e9e- et 3 mois cuve inox.<\/p>\n<p><strong>Et dans le verre\u2026<\/strong><br \/>\nRobe dor\u00e9e brillante et intense<br \/>\nNez de p\u00eaches blanches et jaunes, relev\u00e9es de notes de bergamote.<br \/>\nBouche toute en rondeur et l\u00e9g\u00e8ret\u00e9, teint\u00e9e de fruits jaunes m\u00fbrs qui persistent jusqu\u2019\u00e0 la finale vive et plus min\u00e9rale.<br \/>\nLa texture est gourmande, le bois totalement fondu laisse la place \u00e0 un fruit\u00e9 soyeux tout en puret\u00e9.<\/p>\n<p><strong>Accords Mets &amp; Vins :<\/strong><br \/>\nAvec une belle tourte aux champignons ou un fromage bleu.<\/p>\n","protected":false},"excerpt":{"rendered":"<p><strong>Vigneron :<\/strong><br \/>\nDomaine Chevrot<\/p>\n<p><strong>Appellation :<\/strong><br \/>\nMaranges<\/p>\n<p><strong>R\u00e9gion :<\/strong><br \/>\nBourgogne<\/p>\n","protected":false},"featured_media":6257,"comment_status":"open","ping_status":"closed","template":"","meta":[],"product_brand":[],"product_cat":[26],"product_tag":[],"class_list":{"0":"post-6256","1":"product","2":"type-product","3":"status-publish","4":"has-post-thumbnail","6":"product_cat-vin-blanc","8":"first","9":"instock","10":"taxable","11":"shipping-taxable","12":"purchasable","13":"product-type-simple"},"group_of_quantity":6,"min_quantity":0,"max_quantity":"","exclude_order_quantity_value_rules":"no","exclude_category_quantity_rules":"no","combine_variations":"no","_links":{"self":[{"href":"https:\/\/www.vinquotidien.com\/fr\/wp-json\/wp\/v2\/product\/6256","targetHints":{"allow":["GET"]}}],"collection":[{"href":"https:\/\/www.vinquotidien.com\/fr\/wp-json\/wp\/v2\/product"}],"about":[{"href":"https:\/\/www.vinquotidien.com\/fr\/wp-json\/wp\/v2\/types\/product"}],"replies":[{"embeddable":true,"href":"https:\/\/www.vinquotidien.com\/fr\/wp-json\/wp\/v2\/comments?post=6256"}],"wp:featuredmedia":[{"embeddable":true,"href":"https:\/\/www.vinquotidien.com\/fr\/wp-json\/wp\/v2\/media\/6257"}],"wp:attachment":[{"href":"https:\/\/www.vinquotidien.com\/fr\/wp-json\/wp\/v2\/media?parent=6256"}],"wp:term":[{"taxonomy":"product_brand","embeddable":true,"href":"https:\/\/www.vinquotidien.com\/fr\/wp-json\/wp\/v2\/product_brand?post=6256"},{"taxonomy":"product_cat","embeddable":true,"href":"https:\/\/www.vinquotidien.com\/fr\/wp-json\/wp\/v2\/product_cat?post=6256"},{"taxonomy":"product_tag","embeddable":true,"href":"https:\/\/www.vinquotidien.com\/fr\/wp-json\/wp\/v2\/product_tag?post=6256"}],"curies":[{"name":"wp","href":"https:\/\/api.w.org\/{rel}","templated":true}]}}