{"id":6265,"date":"2023-05-05T12:00:17","date_gmt":"2023-05-05T10:00:17","guid":{"rendered":"https:\/\/www.vinquotidien.com\/?post_type=product&#038;p=6265"},"modified":"2025-05-18T19:46:11","modified_gmt":"2025-05-18T17:46:11","slug":"sakura-2022-bourgogne-rose-domaine-chevrot","status":"publish","type":"product","link":"https:\/\/www.vinquotidien.com\/fr\/produit\/sakura-2022-bourgogne-rose-domaine-chevrot\/","title":{"rendered":"Sakura 2022 &#8211; Bourgogne ros\u00e9 &#8211; Domaine Chevrot"},"content":{"rendered":"<p><strong>Vigneron :<\/strong><br \/>\nDomaine Chevrot<\/p>\n<p><strong>Appellation :<\/strong><br \/>\nBourgogne<\/p>\n<p><strong>R\u00e9gion :<\/strong><br \/>\nBourgogne<\/p>\n<p><strong>Et le vin\u2026<\/strong><br \/>\nC\u00e9page: 100 % Pinot Noir issu de trois parcelles diff\u00e9rentes.<br \/>\nUn tiers de la cuv\u00e9e est une \u00ab saign\u00e9e \u00bb du Bourgogne Rouge, un tiers est une mac\u00e9ration rapide des appellations \u00ab Villages \u00bb et des \u00ab 1er crus \u00bb rouges et le dernier tiers provient du jus de presse directe des \u00ab Hautes-C\u00f4tes de Beaune \u00bb.<br \/>\nLes diff\u00e9rents mo\u00fbts sont ferment\u00e9s en barriques s\u00e9par\u00e9ment (en barriques de 10 \u00e0 13 ans) et les fermentations se font avec des levures indig\u00e8nes avant assemblage<\/p>\n<p><strong>Et dans le verre\u2026<\/strong><br \/>\nRobe couleur p\u00e9tale de rose \u00e9clatante.<br \/>\nBouquet ent\u00eatant de framboises, de notes florales et de touches l\u00e9g\u00e8rement \u00e9pic\u00e9es.<br \/>\nLa bouche toute en l\u00e9g\u00e8ret\u00e9 est vive et \u00e9volue sur la puret\u00e9 des fruits rouges.<\/p>\n<p><strong>Accords Mets &amp; Vins :<\/strong><br \/>\nIl fera des merveilles sur une assiette de jambon cru ou la gastronomie orientale.<\/p>\n","protected":false},"excerpt":{"rendered":"<p><strong>Vigneron :<\/strong><br \/>\nDomaine Chevrot<\/p>\n<p><strong>Appellation :<\/strong><br \/>\nBourgogne<\/p>\n<p><strong>R\u00e9gion :<\/strong><br \/>\nBourgogne<\/p>\n","protected":false},"featured_media":7027,"comment_status":"open","ping_status":"closed","template":"","meta":[],"product_brand":[],"product_cat":[27],"product_tag":[],"class_list":{"0":"post-6265","1":"product","2":"type-product","3":"status-publish","4":"has-post-thumbnail","6":"product_cat-vin-rose","8":"first","9":"instock","10":"taxable","11":"shipping-taxable","12":"purchasable","13":"product-type-simple"},"group_of_quantity":6,"min_quantity":0,"max_quantity":"","exclude_order_quantity_value_rules":"no","exclude_category_quantity_rules":"no","combine_variations":"no","_links":{"self":[{"href":"https:\/\/www.vinquotidien.com\/fr\/wp-json\/wp\/v2\/product\/6265","targetHints":{"allow":["GET"]}}],"collection":[{"href":"https:\/\/www.vinquotidien.com\/fr\/wp-json\/wp\/v2\/product"}],"about":[{"href":"https:\/\/www.vinquotidien.com\/fr\/wp-json\/wp\/v2\/types\/product"}],"replies":[{"embeddable":true,"href":"https:\/\/www.vinquotidien.com\/fr\/wp-json\/wp\/v2\/comments?post=6265"}],"wp:featuredmedia":[{"embeddable":true,"href":"https:\/\/www.vinquotidien.com\/fr\/wp-json\/wp\/v2\/media\/7027"}],"wp:attachment":[{"href":"https:\/\/www.vinquotidien.com\/fr\/wp-json\/wp\/v2\/media?parent=6265"}],"wp:term":[{"taxonomy":"product_brand","embeddable":true,"href":"https:\/\/www.vinquotidien.com\/fr\/wp-json\/wp\/v2\/product_brand?post=6265"},{"taxonomy":"product_cat","embeddable":true,"href":"https:\/\/www.vinquotidien.com\/fr\/wp-json\/wp\/v2\/product_cat?post=6265"},{"taxonomy":"product_tag","embeddable":true,"href":"https:\/\/www.vinquotidien.com\/fr\/wp-json\/wp\/v2\/product_tag?post=6265"}],"curies":[{"name":"wp","href":"https:\/\/api.w.org\/{rel}","templated":true}]}}