{"id":6277,"date":"2023-06-02T09:18:39","date_gmt":"2023-06-02T07:18:39","guid":{"rendered":"https:\/\/www.vinquotidien.com\/?post_type=product&#038;p=6277"},"modified":"2026-02-15T14:42:06","modified_gmt":"2026-02-15T13:42:06","slug":"riesling-gran-cru-wineck-schlossberg-2020-domaine-jm-bernhard","status":"publish","type":"product","link":"https:\/\/www.vinquotidien.com\/fr\/produit\/riesling-gran-cru-wineck-schlossberg-2020-domaine-jm-bernhard\/","title":{"rendered":"Riesling Grand Cru Wineck Schlossberg 2020 &#8211; Domaine JM Bernhard"},"content":{"rendered":"<p><strong>Vigneron :<\/strong><br \/>\nDomaine Jean Marc Bernhard<\/p>\n<p><strong>Appellation :<\/strong><br \/>\nGrand Cru Wineck Schlossberg<\/p>\n<p><strong>R\u00e9gion :<\/strong><br \/>\nAlsace<\/p>\n<p><strong>Quotation \/ Score :<\/strong><\/p>\n<p><strong>Et le vin\u2026<\/strong><br \/>\nC\u00e9page: 100 % Riesling<br \/>\nSitu\u00e9 sur les hauteurs de Katzenthal, entre 280 m et 400 m d\u2019altitude, connu et r\u00e9put\u00e9 depuis le 13e si\u00e8cle, ce coteau est exceptionnel pour la culture de la vigne.<br \/>\nTerroir : 3 parcelles de coteaux tr\u00e8s raides, expos\u00e9 sud, sud-est et est, sol granitique, pr\u00e9coce et filtrant.<br \/>\nVendanges manuelles, pressurage long des raisins entiers, fermentation par levures indig\u00e8nes, \u00e9levage sur lies fines pendant 10 mois.<\/p>\n<p><strong>Et dans le verre\u2026<\/strong><br \/>\nRobe dor\u00e9e intense et brillante<br \/>\nNez expressif d&rsquo;agrumes m\u00fbrs, min\u00e9ral et d\u2019une grande finesse.<br \/>\nAttaque vive, acidit\u00e9 citronn\u00e9e et finale tendue.<br \/>\nVin de gastronomie par excellence, c\u2019est un vin de tr\u00e8s grande garde.<\/p>\n<p><strong>Accords Mets &amp; Vins :<\/strong><br \/>\nPoissons fins en sauce, viandes blanches, fruits de mer.<\/p>\n","protected":false},"excerpt":{"rendered":"<p><strong>Vigneron :<\/strong><br \/>\nDomaine Jean Marc Bernhard<\/p>\n<p><strong>Appellation :<\/strong><br \/>\nGrand Cru Wineck Schlossberg<\/p>\n<p><strong>R\u00e9gion :<\/strong><br \/>\nAlsace<\/p>\n<p><strong>Quotation \/ Score :<\/strong><\/p>\n","protected":false},"featured_media":6278,"comment_status":"open","ping_status":"closed","template":"","meta":[],"product_brand":[],"product_cat":[26],"product_tag":[],"class_list":{"0":"post-6277","1":"product","2":"type-product","3":"status-publish","4":"has-post-thumbnail","6":"product_cat-vin-blanc","8":"first","9":"instock","10":"taxable","11":"shipping-taxable","12":"purchasable","13":"product-type-simple"},"group_of_quantity":7,"min_quantity":0,"max_quantity":"","exclude_order_quantity_value_rules":"no","exclude_category_quantity_rules":"no","combine_variations":"no","_links":{"self":[{"href":"https:\/\/www.vinquotidien.com\/fr\/wp-json\/wp\/v2\/product\/6277","targetHints":{"allow":["GET"]}}],"collection":[{"href":"https:\/\/www.vinquotidien.com\/fr\/wp-json\/wp\/v2\/product"}],"about":[{"href":"https:\/\/www.vinquotidien.com\/fr\/wp-json\/wp\/v2\/types\/product"}],"replies":[{"embeddable":true,"href":"https:\/\/www.vinquotidien.com\/fr\/wp-json\/wp\/v2\/comments?post=6277"}],"wp:featuredmedia":[{"embeddable":true,"href":"https:\/\/www.vinquotidien.com\/fr\/wp-json\/wp\/v2\/media\/6278"}],"wp:attachment":[{"href":"https:\/\/www.vinquotidien.com\/fr\/wp-json\/wp\/v2\/media?parent=6277"}],"wp:term":[{"taxonomy":"product_brand","embeddable":true,"href":"https:\/\/www.vinquotidien.com\/fr\/wp-json\/wp\/v2\/product_brand?post=6277"},{"taxonomy":"product_cat","embeddable":true,"href":"https:\/\/www.vinquotidien.com\/fr\/wp-json\/wp\/v2\/product_cat?post=6277"},{"taxonomy":"product_tag","embeddable":true,"href":"https:\/\/www.vinquotidien.com\/fr\/wp-json\/wp\/v2\/product_tag?post=6277"}],"curies":[{"name":"wp","href":"https:\/\/api.w.org\/{rel}","templated":true}]}}