{"id":6281,"date":"2023-06-02T09:17:08","date_gmt":"2023-06-02T07:17:08","guid":{"rendered":"https:\/\/www.vinquotidien.com\/?post_type=product&#038;p=6281"},"modified":"2025-03-24T15:43:55","modified_gmt":"2025-03-24T14:43:55","slug":"gewurztraminer-g-c-mambourg-2020-domaine-jm-bernhard","status":"publish","type":"product","link":"https:\/\/www.vinquotidien.com\/fr\/produit\/gewurztraminer-g-c-mambourg-2020-domaine-jm-bernhard\/","title":{"rendered":"Gew\u00fcrztraminer G.C. Mambourg 2020 &#8211; Domaine JM Bernhard"},"content":{"rendered":"<p><strong>Vigneron :<\/strong><br \/>\nDomaine Jean Marc Bernhard<\/p>\n<p><strong>Appellation :<\/strong><br \/>\nGran Cru Mambourg<\/p>\n<p><strong>R\u00e9gion :<\/strong><br \/>\nAlsace<\/p>\n<p><strong>Et le vin\u2026<\/strong><br \/>\nC\u00e9page: 100 % Gew\u00fcrztraminer<br \/>\nDominant Sigolsheim, le Mambourg b\u00e9n\u00e9ficie d\u2019un emplacement r\u00e9ellement privil\u00e9gi\u00e9.<br \/>\nExpos\u00e9 plein sud et en forte pente, c\u2019est un des coteaux les plus avanc\u00e9s de la plaine d\u2019Alsace, il profite d\u2019une dur\u00e9e d\u2019ensoleillement optimale et de temp\u00e9ratures \u00e9lev\u00e9es gr\u00e2ce \u00e0 son orientation plein sud.<br \/>\nTerroir : sol marno-calcaire.<br \/>\nVendanges manuelles, sans tri la plupart du temps. Tr\u00e8s faible rendement.<br \/>\nPressurage lent, fermentation par levures indig\u00e8nes, \u00e9levage sur lies fines pendant 10 mois.<\/p>\n<p><strong>Et dans le verre\u2026<\/strong><br \/>\nRobe joliment dor\u00e9e aux reflets roses<br \/>\nNez complexe de fruits exotiques confits et \u00e9pic\u00e9s.<br \/>\nBouche puissante et cors\u00e9e. Equilibre orient\u00e9 vers le moelleux.<\/p>\n<p><strong>Accords Mets &amp; Vins :<\/strong><br \/>\nAp\u00e9ritif, plats exotiques, sucr\u00e9-sal\u00e9, munster, bleus.<\/p>\n","protected":false},"excerpt":{"rendered":"<p><strong>Vigneron :<\/strong><br \/>\nDomaine Jean Marc Bernhard<\/p>\n<p><strong>Appellation :<\/strong><br \/>\nGran Cru Mambourg<\/p>\n<p><strong>R\u00e9gion :<\/strong><br \/>\nAlsace<\/p>\n","protected":false},"featured_media":6282,"comment_status":"open","ping_status":"closed","template":"","meta":[],"product_brand":[],"product_cat":[26],"product_tag":[],"class_list":{"0":"post-6281","1":"product","2":"type-product","3":"status-publish","4":"has-post-thumbnail","6":"product_cat-vin-blanc","8":"first","9":"instock","10":"taxable","11":"shipping-taxable","12":"purchasable","13":"product-type-simple"},"group_of_quantity":6,"min_quantity":0,"max_quantity":"","exclude_order_quantity_value_rules":"no","exclude_category_quantity_rules":"no","combine_variations":"no","_links":{"self":[{"href":"https:\/\/www.vinquotidien.com\/fr\/wp-json\/wp\/v2\/product\/6281","targetHints":{"allow":["GET"]}}],"collection":[{"href":"https:\/\/www.vinquotidien.com\/fr\/wp-json\/wp\/v2\/product"}],"about":[{"href":"https:\/\/www.vinquotidien.com\/fr\/wp-json\/wp\/v2\/types\/product"}],"replies":[{"embeddable":true,"href":"https:\/\/www.vinquotidien.com\/fr\/wp-json\/wp\/v2\/comments?post=6281"}],"wp:featuredmedia":[{"embeddable":true,"href":"https:\/\/www.vinquotidien.com\/fr\/wp-json\/wp\/v2\/media\/6282"}],"wp:attachment":[{"href":"https:\/\/www.vinquotidien.com\/fr\/wp-json\/wp\/v2\/media?parent=6281"}],"wp:term":[{"taxonomy":"product_brand","embeddable":true,"href":"https:\/\/www.vinquotidien.com\/fr\/wp-json\/wp\/v2\/product_brand?post=6281"},{"taxonomy":"product_cat","embeddable":true,"href":"https:\/\/www.vinquotidien.com\/fr\/wp-json\/wp\/v2\/product_cat?post=6281"},{"taxonomy":"product_tag","embeddable":true,"href":"https:\/\/www.vinquotidien.com\/fr\/wp-json\/wp\/v2\/product_tag?post=6281"}],"curies":[{"name":"wp","href":"https:\/\/api.w.org\/{rel}","templated":true}]}}