{"id":6323,"date":"2023-06-16T15:58:16","date_gmt":"2023-06-16T13:58:16","guid":{"rendered":"https:\/\/www.vinquotidien.com\/?post_type=product&#038;p=6323"},"modified":"2025-03-24T18:10:28","modified_gmt":"2025-03-24T17:10:28","slug":"gin-birdie-shiso","status":"publish","type":"product","link":"https:\/\/www.vinquotidien.com\/fr\/produit\/gin-birdie-shiso\/","title":{"rendered":"Gin Birdie &#8211; Shiso"},"content":{"rendered":"<p><strong>Producteur : <\/strong><br \/>\nGin Birdie<\/p>\n<p><strong>D\u00e9nomination \/ Appellation : <\/strong><br \/>\nGin<\/p>\n<p><strong>R\u00e9gion :<\/strong><br \/>\nHauts de France<\/p>\n<p><strong>Et le gin :<\/strong><br \/>\nUtilis\u00e9e dans la cuisine traditionnelle japonaise depuis la nuit des temps, la feuille de Shiso est une plante aromatique au parfum unique. Ce gin Shiso est un m\u00e9lange subtil et floral, la balance entre la fra\u00eecheur de la citronnelle et le c\u00f4t\u00e9 fruit\u00e9 de la fleur d\u2019hibiscus r\u00e9v\u00e8le un go\u00fbt sans pareil.<br \/>\nIngr\u00e9dients : feuilles de shiso, baies de gen\u00e9vrier, citronnelle, hibiscus, coriandre, baies de Tasmanie<br \/>\nApr\u00e8s une s\u00e9lection m\u00e9ticuleuse des ingr\u00e9dients, une mac\u00e9ration durant 24h est r\u00e9alis\u00e9e<br \/>\ndans un alcool neutre de bl\u00e9 des hauts de France puis distill\u00e9 afin d\u2019en extraire le<br \/>\nmaximum de saveur.<\/p>\n<p><strong>Et dans le verre :<\/strong><br \/>\nLe nez est domin\u00e9 par une odeur florale \u00e9manant du shiso. Ces notes sont transpos\u00e9es<br \/>\nen bouche et renforc\u00e9es gr\u00e2ce aux ar\u00f4mes d\u2019hibiscus et de citronnelle. les baies de<br \/>\nTasmanie d\u00e9livrent une longueur en bouche douce et agr\u00e9able.<\/p>\n<p><strong>Conseils de d\u00e9gustation :<\/strong><br \/>\nIl peut se d\u00e9guster seul ou accompagn\u00e9 d\u2019un tonic classique.<\/p>\n","protected":false},"excerpt":{"rendered":"<p><strong>Producteur : <\/strong><br \/>\nGin Birdie<\/p>\n<p><strong>D\u00e9nomination \/ Appellation : <\/strong><br \/>\nGin<\/p>\n<p><strong>R\u00e9gion :<\/strong><br \/>\nHauts de France<\/p>\n","protected":false},"featured_media":6324,"comment_status":"open","ping_status":"closed","template":"","meta":[],"product_brand":[],"product_cat":[83,100],"product_tag":[],"class_list":{"0":"post-6323","1":"product","2":"type-product","3":"status-publish","4":"has-post-thumbnail","6":"product_cat-spiritueux","7":"product_cat-vente-a-lunite","9":"first","10":"instock","11":"taxable","12":"shipping-taxable","13":"purchasable","14":"product-type-simple"},"group_of_quantity":1,"min_quantity":0,"max_quantity":"","exclude_order_quantity_value_rules":"no","exclude_category_quantity_rules":"no","combine_variations":"no","_links":{"self":[{"href":"https:\/\/www.vinquotidien.com\/fr\/wp-json\/wp\/v2\/product\/6323","targetHints":{"allow":["GET"]}}],"collection":[{"href":"https:\/\/www.vinquotidien.com\/fr\/wp-json\/wp\/v2\/product"}],"about":[{"href":"https:\/\/www.vinquotidien.com\/fr\/wp-json\/wp\/v2\/types\/product"}],"replies":[{"embeddable":true,"href":"https:\/\/www.vinquotidien.com\/fr\/wp-json\/wp\/v2\/comments?post=6323"}],"wp:featuredmedia":[{"embeddable":true,"href":"https:\/\/www.vinquotidien.com\/fr\/wp-json\/wp\/v2\/media\/6324"}],"wp:attachment":[{"href":"https:\/\/www.vinquotidien.com\/fr\/wp-json\/wp\/v2\/media?parent=6323"}],"wp:term":[{"taxonomy":"product_brand","embeddable":true,"href":"https:\/\/www.vinquotidien.com\/fr\/wp-json\/wp\/v2\/product_brand?post=6323"},{"taxonomy":"product_cat","embeddable":true,"href":"https:\/\/www.vinquotidien.com\/fr\/wp-json\/wp\/v2\/product_cat?post=6323"},{"taxonomy":"product_tag","embeddable":true,"href":"https:\/\/www.vinquotidien.com\/fr\/wp-json\/wp\/v2\/product_tag?post=6323"}],"curies":[{"name":"wp","href":"https:\/\/api.w.org\/{rel}","templated":true}]}}