{"id":6331,"date":"2023-06-16T16:05:58","date_gmt":"2023-06-16T14:05:58","guid":{"rendered":"https:\/\/www.vinquotidien.com\/?post_type=product&#038;p=6331"},"modified":"2025-10-15T20:31:20","modified_gmt":"2025-10-15T18:31:20","slug":"gin-birdie-timut","status":"publish","type":"product","link":"https:\/\/www.vinquotidien.com\/fr\/produit\/gin-birdie-timut\/","title":{"rendered":"Gin Birdie &#8211; Timut"},"content":{"rendered":"<p><strong>Producteur : <\/strong><br \/>\nGin Birdie<\/p>\n<p><strong>D\u00e9nomination \/ Appellation : <\/strong><br \/>\nGin<\/p>\n<p><strong>R\u00e9gion :<\/strong><br \/>\nHauts de France<\/p>\n<p><strong>Et le gin :<\/strong><br \/>\nTimut est un assemblage complexe et \u00e9quilibr\u00e9 entre les saveurs typiques du N\u00e9pal<br \/>\net du Moyen Orient. Le c\u00e9l\u00e8bre poivre de Timut, aux ar\u00f4mes de pamplemousse, est<br \/>\nassoci\u00e9 dans ce gin \u00e0 la rose de Damas et menthe poivr\u00e9e.<br \/>\nIngr\u00e9dients : Poivre de Timut, baies de gen\u00e9vrier, rose, menthe poivr\u00e9e, coriandre, cardamome<br \/>\nApr\u00e8s une s\u00e9lection m\u00e9ticuleuse des ingr\u00e9dients, une mac\u00e9ration durant 24h est r\u00e9alis\u00e9e<br \/>\ndans un alcool neutre de bl\u00e9 des hauts de France puis distill\u00e9 afin d\u2019en extraire le<br \/>\nmaximum de saveur.<\/p>\n<p><strong>Et dans le verre :<\/strong><br \/>\nAu nez, des odeurs de rose et de pamplemousse \u00e9manent avec d\u00e9licatesse. Ce gin est complexe en bouche, une attaque poivr\u00e9e, suivie d\u2019ar\u00f4mes de rose et de cardamome.<br \/>\nLa finale \u00e9tant marqu\u00e9e par de subtiles ar\u00f4mes de menthe accompagnant la rose.<\/p>\n<p><strong>Conseils de d\u00e9gustation :<\/strong><br \/>\nIl peut se d\u00e9guster seul ou accompagn\u00e9 d\u2019un tonic au poivre rose<\/p>\n","protected":false},"excerpt":{"rendered":"<p><strong>Producteur : <\/strong><br \/>\nGin Birdie<\/p>\n<p><strong>D\u00e9nomination \/ Appellation : <\/strong><br \/>\nGin<\/p>\n<p><strong>R\u00e9gion :<\/strong><br \/>\nHauts de France<\/p>\n","protected":false},"featured_media":6332,"comment_status":"open","ping_status":"closed","template":"","meta":[],"product_brand":[],"product_cat":[83,100],"product_tag":[],"class_list":{"0":"post-6331","1":"product","2":"type-product","3":"status-publish","4":"has-post-thumbnail","6":"product_cat-spiritueux","7":"product_cat-vente-a-lunite","9":"first","10":"instock","11":"taxable","12":"shipping-taxable","13":"purchasable","14":"product-type-simple"},"group_of_quantity":1,"min_quantity":0,"max_quantity":"","exclude_order_quantity_value_rules":"no","exclude_category_quantity_rules":"no","combine_variations":"no","_links":{"self":[{"href":"https:\/\/www.vinquotidien.com\/fr\/wp-json\/wp\/v2\/product\/6331","targetHints":{"allow":["GET"]}}],"collection":[{"href":"https:\/\/www.vinquotidien.com\/fr\/wp-json\/wp\/v2\/product"}],"about":[{"href":"https:\/\/www.vinquotidien.com\/fr\/wp-json\/wp\/v2\/types\/product"}],"replies":[{"embeddable":true,"href":"https:\/\/www.vinquotidien.com\/fr\/wp-json\/wp\/v2\/comments?post=6331"}],"wp:featuredmedia":[{"embeddable":true,"href":"https:\/\/www.vinquotidien.com\/fr\/wp-json\/wp\/v2\/media\/6332"}],"wp:attachment":[{"href":"https:\/\/www.vinquotidien.com\/fr\/wp-json\/wp\/v2\/media?parent=6331"}],"wp:term":[{"taxonomy":"product_brand","embeddable":true,"href":"https:\/\/www.vinquotidien.com\/fr\/wp-json\/wp\/v2\/product_brand?post=6331"},{"taxonomy":"product_cat","embeddable":true,"href":"https:\/\/www.vinquotidien.com\/fr\/wp-json\/wp\/v2\/product_cat?post=6331"},{"taxonomy":"product_tag","embeddable":true,"href":"https:\/\/www.vinquotidien.com\/fr\/wp-json\/wp\/v2\/product_tag?post=6331"}],"curies":[{"name":"wp","href":"https:\/\/api.w.org\/{rel}","templated":true}]}}