{"id":6335,"date":"2023-06-16T16:09:39","date_gmt":"2023-06-16T14:09:39","guid":{"rendered":"https:\/\/www.vinquotidien.com\/?post_type=product&#038;p=6335"},"modified":"2025-03-24T18:10:10","modified_gmt":"2025-03-24T17:10:10","slug":"gin-birdie-cedron","status":"publish","type":"product","link":"https:\/\/www.vinquotidien.com\/fr\/produit\/gin-birdie-cedron\/","title":{"rendered":"Gin Birdie &#8211; Cedron"},"content":{"rendered":"<p><strong>Producteur : <\/strong><br \/>\nGin Birdie<\/p>\n<p><strong>D\u00e9nomination \/ Appellation : <\/strong><br \/>\nGin<\/p>\n<p><strong>R\u00e9gion :<\/strong><br \/>\nHauts de France<\/p>\n<p><strong>Et le gin :<\/strong><br \/>\nCedr\u00f3n vous emm\u00e8ne dans les Andes, sur les hauts plateaux du P\u00e9rou.<br \/>\nLa verveine odorante, typique de cette r\u00e9gion et au parfum d\u00e9licatement citronn\u00e9, assembl\u00e9e \u00e0 des p\u00e9tales de bleuet ainsi que des baies des Bataks conf\u00e9reront \u00e0 ce gin une fraicheur v\u00e9g\u00e9tale qui n\u2019a pas son pareil.<br \/>\nIngr\u00e9dients : Verveine odorante, baies de gen\u00e9vrier, bleuet, poivre d\u2019Andaliman (baies des Bataks), poivre de cub\u00e8be, s\u00e9same.<br \/>\nApr\u00e8s une s\u00e9lection m\u00e9ticuleuse des ingr\u00e9dients, une mac\u00e9ration durant 24h est r\u00e9alis\u00e9e<br \/>\ndans un alcool neutre de bl\u00e9 des hauts de France puis distill\u00e9 afin d\u2019en extraire le<br \/>\nmaximum de saveur.<\/p>\n<p><strong>Et dans le verre :<\/strong><br \/>\nLe nez est domin\u00e9 par de l\u00e9g\u00e8res notes agrumes \u00e9manant de la verveine odorante.<br \/>\nCes notes sont transpos\u00e9es en bouche \u00e0 l\u2019aide des baies des Bataks et renforc\u00e9es par<br \/>\nles p\u00e9tales de bleuet qui apportent une l\u00e9g\u00e8ret\u00e9 florale. La finale \u00e9tant marqu\u00e9e par<br \/>\nun l\u00e9ger piquant typique du poivre de cub\u00e8be.<\/p>\n<p><strong>Conseils de d\u00e9gustation :<\/strong><br \/>\nIl peut se d\u00e9guster seul ou accompagn\u00e9 d\u2019un tonic m\u00e9diterran\u00e9en.<\/p>\n","protected":false},"excerpt":{"rendered":"<p><strong>Producteur : <\/strong><br \/>\nGin Birdie<\/p>\n<p><strong>D\u00e9nomination \/ Appellation : <\/strong><br \/>\nGin<\/p>\n<p><strong>R\u00e9gion :<\/strong><br \/>\nHauts de France<\/p>\n","protected":false},"featured_media":6336,"comment_status":"open","ping_status":"closed","template":"","meta":[],"product_brand":[],"product_cat":[83,100],"product_tag":[],"class_list":{"0":"post-6335","1":"product","2":"type-product","3":"status-publish","4":"has-post-thumbnail","6":"product_cat-spiritueux","7":"product_cat-vente-a-lunite","9":"first","10":"instock","11":"taxable","12":"shipping-taxable","13":"purchasable","14":"product-type-simple"},"group_of_quantity":1,"min_quantity":0,"max_quantity":"","exclude_order_quantity_value_rules":"no","exclude_category_quantity_rules":"no","combine_variations":"no","_links":{"self":[{"href":"https:\/\/www.vinquotidien.com\/fr\/wp-json\/wp\/v2\/product\/6335","targetHints":{"allow":["GET"]}}],"collection":[{"href":"https:\/\/www.vinquotidien.com\/fr\/wp-json\/wp\/v2\/product"}],"about":[{"href":"https:\/\/www.vinquotidien.com\/fr\/wp-json\/wp\/v2\/types\/product"}],"replies":[{"embeddable":true,"href":"https:\/\/www.vinquotidien.com\/fr\/wp-json\/wp\/v2\/comments?post=6335"}],"wp:featuredmedia":[{"embeddable":true,"href":"https:\/\/www.vinquotidien.com\/fr\/wp-json\/wp\/v2\/media\/6336"}],"wp:attachment":[{"href":"https:\/\/www.vinquotidien.com\/fr\/wp-json\/wp\/v2\/media?parent=6335"}],"wp:term":[{"taxonomy":"product_brand","embeddable":true,"href":"https:\/\/www.vinquotidien.com\/fr\/wp-json\/wp\/v2\/product_brand?post=6335"},{"taxonomy":"product_cat","embeddable":true,"href":"https:\/\/www.vinquotidien.com\/fr\/wp-json\/wp\/v2\/product_cat?post=6335"},{"taxonomy":"product_tag","embeddable":true,"href":"https:\/\/www.vinquotidien.com\/fr\/wp-json\/wp\/v2\/product_tag?post=6335"}],"curies":[{"name":"wp","href":"https:\/\/api.w.org\/{rel}","templated":true}]}}